{"id":596,"date":"2022-04-06T01:38:28","date_gmt":"2022-04-06T01:38:28","guid":{"rendered":"https:\/\/todoparamascotas.co\/?post_type=product&#038;p=596"},"modified":"2024-07-03T12:03:37","modified_gmt":"2024-07-03T12:03:37","slug":"gerioox-x-30-comprimidos","status":"publish","type":"product","link":"https:\/\/www.todoparamascotas.co\/?product=gerioox-x-30-comprimidos","title":{"rendered":"Gerioox x 30 Comprimidos"},"content":{"rendered":"<div class=\"wpb-content-wrapper\"><p>[vc_row][vc_column][vc_column_text]<\/p>\n<h3><span style=\"font-size: 16px;\">\u00bfQu\u00e9 es <strong>Gerioox<\/strong>?<\/span><\/h3>\n<p>Gerioox es el primer medicamento geri\u00e1trico para perros y gatos. Medicamento que contribuye a retrasar los signos asociados al proceso de envejecimiento. La acci\u00f3n sin\u00e9rgica de \u00e1cidos grasos Omega 3, antioxidantes, glucosamina y glicosaminoglicanos protege los endotelios vasculares y reactiva la microcirculaci\u00f3n, potenciando la oxigenaci\u00f3n y desintoxicaci\u00f3n a nivel celular. Mejora la perfusi\u00f3n renal y de los diferentes \u00f3rganos. Con acciones inmunomoduladoras, antioxidantes y condroprotectoras.<\/p>\n<p>Disminuye los procesos neurodegenerativos e inflamatorios. Estimula el apetito, mejora el estado cognitivo y protege los \u00f3rganos de los sentidos. Sus efectos globales se traducen en una calidad de vida superior.<\/p>\n<h3><span style=\"font-size: 16px;\">\u00bfPara qu\u00e9 sirve <strong>Gerioox<\/strong>?<\/span><\/h3>\n<p>Gerioox acompa\u00f1a a tu mascota durante su vida, de la manera m\u00e1s saludable, potenciando su vitalidad y calidad de vida.<\/p>\n<p>Un tratamiento desarrollado espec\u00edficamente para preservar y mejorar la salud de las mascotas adultas y senior, a partir de su exclusiva f\u00f3rmula con componentes naturales, sin contraindicaciones.<\/p>\n<p>Gerioox cuida a tu mascota desde cada c\u00e9lulay, esa protecci\u00f3n se extiende a todo su organismo, brind\u00e1ndole el m\u00e1ximo bienestar.<\/p>\n<h3><span style=\"font-size: 16px;\">\u00bfC\u00f3mo suministrar <strong>Gerioox<\/strong>?<\/span><\/h3>\n<p>Lo ideal es que Gerioox acompa\u00f1e a tu mascota desde el inicio de su etapa Adulta. Dependiendo la raza, se recomienda a partir de los 6 a\u00f1os administr\u00e1ndolo de por vida, de esta forma estar\u00e1 m\u00e1s saludable y dispuesta a disfrutar de su etapa Senior.<\/p>\n<ul>\n<li><strong>Perros y gatos hasta 10 kg<\/strong>: \u00bd comprimido por d\u00eda.<\/li>\n<li><strong>Perros entre 10 y 25 kg<\/strong>: 1 comprimido por d\u00eda.<\/li>\n<li><strong>Perros de m\u00e1s de 25 kg<\/strong>: 2 comprimidos por d\u00eda.<\/li>\n<\/ul>\n<p>[\/vc_column_text][\/vc_column][\/vc_row]<\/p>\n<\/div>","protected":false},"excerpt":{"rendered":"<p>Gerioox es un multisist\u00e9mico, antioxidante y condroprotetor con Omega 3 que act\u00faa a nivel celular y favorece la microcirculaci\u00f3n en perros y gatos. Geri\u00e1trico<\/p>\n","protected":false},"featured_media":598,"comment_status":"open","ping_status":"closed","template":"","meta":[],"product_brand":[],"product_cat":[82],"product_tag":[],"class_list":{"0":"post-596","1":"product","2":"type-product","3":"status-publish","4":"has-post-thumbnail","6":"product_cat-medicamentos","8":"first","9":"outofstock","10":"shipping-taxable","11":"purchasable","12":"product-type-simple"},"jetpack_sharing_enabled":true,"_links":{"self":[{"href":"https:\/\/www.todoparamascotas.co\/index.php?rest_route=\/wp\/v2\/product\/596","targetHints":{"allow":["GET"]}}],"collection":[{"href":"https:\/\/www.todoparamascotas.co\/index.php?rest_route=\/wp\/v2\/product"}],"about":[{"href":"https:\/\/www.todoparamascotas.co\/index.php?rest_route=\/wp\/v2\/types\/product"}],"replies":[{"embeddable":true,"href":"https:\/\/www.todoparamascotas.co\/index.php?rest_route=%2Fwp%2Fv2%2Fcomments&post=596"}],"wp:featuredmedia":[{"embeddable":true,"href":"https:\/\/www.todoparamascotas.co\/index.php?rest_route=\/wp\/v2\/media\/598"}],"wp:attachment":[{"href":"https:\/\/www.todoparamascotas.co\/index.php?rest_route=%2Fwp%2Fv2%2Fmedia&parent=596"}],"wp:term":[{"taxonomy":"product_brand","embeddable":true,"href":"https:\/\/www.todoparamascotas.co\/index.php?rest_route=%2Fwp%2Fv2%2Fproduct_brand&post=596"},{"taxonomy":"product_cat","embeddable":true,"href":"https:\/\/www.todoparamascotas.co\/index.php?rest_route=%2Fwp%2Fv2%2Fproduct_cat&post=596"},{"taxonomy":"product_tag","embeddable":true,"href":"https:\/\/www.todoparamascotas.co\/index.php?rest_route=%2Fwp%2Fv2%2Fproduct_tag&post=596"}],"curies":[{"name":"wp","href":"https:\/\/api.w.org\/{rel}","templated":true}]}}