{"id":601,"date":"2022-04-07T21:51:52","date_gmt":"2022-04-07T21:51:52","guid":{"rendered":"https:\/\/todoparamascotas.co\/?post_type=product&#038;p=601"},"modified":"2023-07-30T17:09:40","modified_gmt":"2023-07-30T17:09:40","slug":"geripet-suplemento-vitaminico-perros-y-gatos-edad-avanzada","status":"publish","type":"product","link":"https:\/\/www.todoparamascotas.co\/?product=geripet-suplemento-vitaminico-perros-y-gatos-edad-avanzada","title":{"rendered":"Geripet Suplemento Vitaminico Perros y Gatos Edad Avanzada"},"content":{"rendered":"<div class=\"wpb-content-wrapper\"><p>[vc_row][vc_column][vc_column_text]<\/p>\n<h3><span style=\"font-size: 16px;\">\u00bfQu\u00e9 es <strong>Geripet<\/strong>?<\/span><\/h3>\n<p>Es un producto formulado especialmente para suplir las principales demandas nutricionales de perros y gatos con edad m\u00e1s avanzada, una vez que animales ancianos demandan nutrientes especificos, para una mejor calidad de vida.<\/p>\n<h3><span style=\"font-size: 16px;\">\u00bfPara qu\u00e9 sirve <strong>Geripet<\/strong>?<\/span><\/h3>\n<p>Geripet est\u00e1 indicado en perros y gatos en la madurez y ancianos, para suplir las necesidades espec\u00edficas que surgen con el avance de la edad.<\/p>\n<h3><span style=\"font-size: 16px;\">\u00bfC\u00f3mo usar <strong>Geripet<\/strong>?<\/span><\/h3>\n<ul>\n<li><strong>Perros:<\/strong> Dosis inicial \u2013 1 comprimido para cada 10 kg de peso corporal por d\u00eda. M\u00e1ximo de 4 comprimidos por d\u00eda. (Dosis de mantenimiento, la mitad de la dosis inicial).<\/li>\n<li><strong>Gatos:<\/strong> Dosis inicial \u2013 1\/2 comprimido por animal por d\u00eda. (Dosis de mantenimiento, 1\/2 comprimido en d\u00edas alternados).<\/li>\n<\/ul>\n<p>[\/vc_column_text][\/vc_column][\/vc_row]<\/p>\n<\/div>","protected":false},"excerpt":{"rendered":"<p>Soporte nutricional y vitam\u00ednico mineral Geripet para animales ancianos o en edades avanzadas por 30 comprimidos<\/p>\n","protected":false},"featured_media":602,"comment_status":"open","ping_status":"closed","template":"","meta":[],"product_brand":[],"product_cat":[82],"product_tag":[],"class_list":{"0":"post-601","1":"product","2":"type-product","3":"status-publish","4":"has-post-thumbnail","6":"product_cat-medicamentos","8":"first","9":"outofstock","10":"shipping-taxable","11":"purchasable","12":"product-type-simple"},"jetpack_sharing_enabled":true,"_links":{"self":[{"href":"https:\/\/www.todoparamascotas.co\/index.php?rest_route=\/wp\/v2\/product\/601","targetHints":{"allow":["GET"]}}],"collection":[{"href":"https:\/\/www.todoparamascotas.co\/index.php?rest_route=\/wp\/v2\/product"}],"about":[{"href":"https:\/\/www.todoparamascotas.co\/index.php?rest_route=\/wp\/v2\/types\/product"}],"replies":[{"embeddable":true,"href":"https:\/\/www.todoparamascotas.co\/index.php?rest_route=%2Fwp%2Fv2%2Fcomments&post=601"}],"wp:featuredmedia":[{"embeddable":true,"href":"https:\/\/www.todoparamascotas.co\/index.php?rest_route=\/wp\/v2\/media\/602"}],"wp:attachment":[{"href":"https:\/\/www.todoparamascotas.co\/index.php?rest_route=%2Fwp%2Fv2%2Fmedia&parent=601"}],"wp:term":[{"taxonomy":"product_brand","embeddable":true,"href":"https:\/\/www.todoparamascotas.co\/index.php?rest_route=%2Fwp%2Fv2%2Fproduct_brand&post=601"},{"taxonomy":"product_cat","embeddable":true,"href":"https:\/\/www.todoparamascotas.co\/index.php?rest_route=%2Fwp%2Fv2%2Fproduct_cat&post=601"},{"taxonomy":"product_tag","embeddable":true,"href":"https:\/\/www.todoparamascotas.co\/index.php?rest_route=%2Fwp%2Fv2%2Fproduct_tag&post=601"}],"curies":[{"name":"wp","href":"https:\/\/api.w.org\/{rel}","templated":true}]}}