{"id":603,"date":"2022-04-07T22:38:56","date_gmt":"2022-04-07T22:38:56","guid":{"rendered":"https:\/\/todoparamascotas.co\/?post_type=product&#038;p=603"},"modified":"2025-08-20T18:36:38","modified_gmt":"2025-08-20T18:36:38","slug":"gradual-complemento-de-la-leche-materna-para-perros","status":"publish","type":"product","link":"https:\/\/www.todoparamascotas.co\/?product=gradual-complemento-de-la-leche-materna-para-perros","title":{"rendered":"Gradual Complemento de la Leche Materna para Perros"},"content":{"rendered":"<div class=\"wpb-content-wrapper\"><p>[vc_row][vc_column][vc_column_text]<\/p>\n<h3><span style=\"font-size: 16px;\">\u00bfQu\u00e9 es <strong>Gradual<\/strong>?<\/span><\/h3>\n<p>Es un complemento de la leche materna proteico, energ\u00e9tico, reforzado con amino\u00e1cidos, dise\u00f1ado para los caninos en cualquier periodo de edad, especialmente para cachorros, excelente alternativa al momento del destete, con el fin de evitar los problemas que implica el cambio del alimento l\u00edquido (leche) al alimento s\u00f3lido o definitivo, entidad conocida como \u00abstress del destete\u00bb<\/p>\n<h3><span style=\"font-size: 16px;\">\u00bfPara qu\u00e9 sirve suplemento <strong>Gradual<\/strong>?<\/span><\/h3>\n<p>Indicado en la alimentaci\u00f3n de cachorros hu\u00e9rfanos, de igual forma en la emergencia alimenticia como bajo peso al nacimiento, destete precoz, camadas numerosas. Tambi\u00e9n, en la p\u00e9rdida del apetito y convalecencia de enfermedades postrantes y estados adin\u00e1micos, a\u00fan en animales adultos.<\/p>\n<p>En la pr\u00e1ctica cl\u00ednica se ha demostrado que gradual es de gran ayuda en la recuperaci\u00f3n de los animales despu\u00e9s de episodios diarreicos, en animales d\u00e9biles y flacos, en estados de gestaci\u00f3n, durante el periodo de lactancia.<\/p>\n<h3><span style=\"font-size: 16px;\">\u00bfC\u00f3mo suministrar <strong>Gradual<\/strong>?<\/span><\/h3>\n<p>Cuando la alimentaci\u00f3n materna no ha tenido ning\u00fan inconveniente, el proceso del destete debe iniciarse a los 20 d\u00edas de vida de los cachorros.<\/p>\n<p>En este d\u00eda ponga en una vasija limpia, una cucharada medidora de gradual y suministre a cada uno, una sola vez al d\u00eda. Al d\u00eda siguiente y por tres d\u00edas suministre en la misma forma una cucharada medidora de gradual, a ma\u00f1ana y tarde.<\/p>\n<p>A partir del d\u00eda 26 mezcle a una cucharada medidora de gradual, una cucharada sopera rasa de alimento para cachorros y suministre a ma\u00f1ana y tarde.<\/p>\n<p>Vaya aumentando progresivamente el alimento, hasta que el animal acepte consumir el alimento s\u00f3lido en la forma como el profesional o fabricante le indique. Al d\u00eda 32 inicie si lo desea, la separaci\u00f3n definitiva de los cachorros y contin\u00fae suministrandole gradual.[\/vc_column_text][\/vc_column][\/vc_row]<\/p>\n<\/div>","protected":false},"excerpt":{"rendered":"<p>Gradual complemento de la leche materna y suplemento alimenticio para animales j\u00f3venes para evitar el estr\u00e9s del destete<\/p>\n","protected":false},"featured_media":604,"comment_status":"open","ping_status":"closed","template":"","meta":[],"product_brand":[],"product_cat":[72],"product_tag":[],"class_list":{"0":"post-603","1":"product","2":"type-product","3":"status-publish","4":"has-post-thumbnail","6":"product_cat-suplementos","8":"first","9":"instock","10":"shipping-taxable","11":"purchasable","12":"product-type-simple"},"jetpack_sharing_enabled":true,"_links":{"self":[{"href":"https:\/\/www.todoparamascotas.co\/index.php?rest_route=\/wp\/v2\/product\/603","targetHints":{"allow":["GET"]}}],"collection":[{"href":"https:\/\/www.todoparamascotas.co\/index.php?rest_route=\/wp\/v2\/product"}],"about":[{"href":"https:\/\/www.todoparamascotas.co\/index.php?rest_route=\/wp\/v2\/types\/product"}],"replies":[{"embeddable":true,"href":"https:\/\/www.todoparamascotas.co\/index.php?rest_route=%2Fwp%2Fv2%2Fcomments&post=603"}],"wp:featuredmedia":[{"embeddable":true,"href":"https:\/\/www.todoparamascotas.co\/index.php?rest_route=\/wp\/v2\/media\/604"}],"wp:attachment":[{"href":"https:\/\/www.todoparamascotas.co\/index.php?rest_route=%2Fwp%2Fv2%2Fmedia&parent=603"}],"wp:term":[{"taxonomy":"product_brand","embeddable":true,"href":"https:\/\/www.todoparamascotas.co\/index.php?rest_route=%2Fwp%2Fv2%2Fproduct_brand&post=603"},{"taxonomy":"product_cat","embeddable":true,"href":"https:\/\/www.todoparamascotas.co\/index.php?rest_route=%2Fwp%2Fv2%2Fproduct_cat&post=603"},{"taxonomy":"product_tag","embeddable":true,"href":"https:\/\/www.todoparamascotas.co\/index.php?rest_route=%2Fwp%2Fv2%2Fproduct_tag&post=603"}],"curies":[{"name":"wp","href":"https:\/\/api.w.org\/{rel}","templated":true}]}}