{"id":605,"date":"2022-04-07T23:05:53","date_gmt":"2022-04-07T23:05:53","guid":{"rendered":"https:\/\/todoparamascotas.co\/?post_type=product&#038;p=605"},"modified":"2023-07-30T17:00:33","modified_gmt":"2023-07-30T17:00:33","slug":"hepa-tab-suplemento-alimenticio-para-perros-y-gatos-60-tab","status":"publish","type":"product","link":"https:\/\/www.todoparamascotas.co\/?product=hepa-tab-suplemento-alimenticio-para-perros-y-gatos-60-tab","title":{"rendered":"Hepa Tab Suplemento Alimenticio para Perros y Gatos 60 tab"},"content":{"rendered":"<div class=\"wpb-content-wrapper\"><p>[vc_row][vc_column][vc_column_text]<\/p>\n<h3><span style=\"font-size: 16px;\">\u00bfQu\u00e9 es <strong>Hepa Tab<\/strong>?<\/span><\/h3>\n<p>Hepa Tab es un suplemento alimenticio para perros y gatos que contiene silimarina, extracto de semillas de la planta del cardo marino, composici\u00f3n que protege el h\u00edgado al actuar como un antioxidante y promover el crecimiento de nuevas c\u00e9lulas hep\u00e1ticas. Adem\u00e1s de ayudar en la digesti\u00f3n de nuestra mascota.<\/p>\n<h3><span style=\"font-size: 16px;\">\u00bfPara qu\u00e9 sirve <strong>Hepa Tab<\/strong>?<\/span><\/h3>\n<p>Equilibra los niveles de colesterol.<\/p>\n<p>Previene la hepatitis.<\/p>\n<p>Act\u00faa como hepatoprotector.<\/p>\n<p>Purifica la sangre.<\/p>\n<p>Neutraliza la acidosis corporal y desintoxica el h\u00edgado adem\u00e1s limpia el organismo de toxinas.<\/p>\n<h3><span style=\"font-size: 16px;\">\u00bfC\u00f3mo usar <strong>Hepa Tab<\/strong>?<\/span><\/h3>\n<p>Via oral, las mascotas usualmente gustan del sabor de la tableta. Por otra parte si existe rechazo, pulverizar y mezclarse con la leche o con la comida.<\/p>\n<p>Suministrado diariamente con la comida. El tiempo de uso podr\u00e1 ser modificado de acuerdo con la orientaci\u00f3n del m\u00e9dico veterinario.[\/vc_column_text][\/vc_column][\/vc_row]<\/p>\n<\/div>","protected":false},"excerpt":{"rendered":"<p>Suplemento alimenticio que act\u00faa sobre el h\u00edgado como un antioxidante logrando producir un mayor n\u00famero de c\u00e9lulas hep\u00e1ticas, lo que ayuda a una mejor digesti\u00f3n de grasas y desintoxicaci\u00f3n del organismo.<\/p>\n","protected":false},"featured_media":606,"comment_status":"open","ping_status":"closed","template":"","meta":[],"product_brand":[],"product_cat":[72],"product_tag":[],"class_list":{"0":"post-605","1":"product","2":"type-product","3":"status-publish","4":"has-post-thumbnail","6":"product_cat-suplementos","8":"first","9":"instock","10":"shipping-taxable","11":"purchasable","12":"product-type-simple"},"jetpack_sharing_enabled":true,"_links":{"self":[{"href":"https:\/\/www.todoparamascotas.co\/index.php?rest_route=\/wp\/v2\/product\/605","targetHints":{"allow":["GET"]}}],"collection":[{"href":"https:\/\/www.todoparamascotas.co\/index.php?rest_route=\/wp\/v2\/product"}],"about":[{"href":"https:\/\/www.todoparamascotas.co\/index.php?rest_route=\/wp\/v2\/types\/product"}],"replies":[{"embeddable":true,"href":"https:\/\/www.todoparamascotas.co\/index.php?rest_route=%2Fwp%2Fv2%2Fcomments&post=605"}],"wp:featuredmedia":[{"embeddable":true,"href":"https:\/\/www.todoparamascotas.co\/index.php?rest_route=\/wp\/v2\/media\/606"}],"wp:attachment":[{"href":"https:\/\/www.todoparamascotas.co\/index.php?rest_route=%2Fwp%2Fv2%2Fmedia&parent=605"}],"wp:term":[{"taxonomy":"product_brand","embeddable":true,"href":"https:\/\/www.todoparamascotas.co\/index.php?rest_route=%2Fwp%2Fv2%2Fproduct_brand&post=605"},{"taxonomy":"product_cat","embeddable":true,"href":"https:\/\/www.todoparamascotas.co\/index.php?rest_route=%2Fwp%2Fv2%2Fproduct_cat&post=605"},{"taxonomy":"product_tag","embeddable":true,"href":"https:\/\/www.todoparamascotas.co\/index.php?rest_route=%2Fwp%2Fv2%2Fproduct_tag&post=605"}],"curies":[{"name":"wp","href":"https:\/\/api.w.org\/{rel}","templated":true}]}}