{"id":607,"date":"2022-04-07T23:51:51","date_gmt":"2022-04-07T23:51:51","guid":{"rendered":"https:\/\/todoparamascotas.co\/?post_type=product&#038;p=607"},"modified":"2025-08-28T20:22:19","modified_gmt":"2025-08-28T20:22:19","slug":"hexocleen-spray-antiseptico-x-120-ml","status":"publish","type":"product","link":"https:\/\/www.todoparamascotas.co\/?product=hexocleen-spray-antiseptico-x-120-ml","title":{"rendered":"Hexocleen Spray Antis\u00e9ptico x 120 ml"},"content":{"rendered":"<div class=\"wpb-content-wrapper\"><p>[vc_row][vc_column][vc_column_text]<\/p>\n<h3><span style=\"font-size: 16px;\">\u00bfQu\u00e9 es <strong>Hexocleen Spray<\/strong>?<\/span><\/h3>\n<p>Es un producto de uso t\u00f3pico que se utiliza como antis\u00e9ptico en procedimientos quir\u00fargicos de diversas especies o como alternativa eficaz en la limpieza de la piel. Asi mismo se utiliza como desinfectante de instrumental, pisos y superficies en general. A una concentraci\u00f3n del 2% permite tener efectos sobre Malassezia presentes en la piel como agente secundario de la infecci\u00f3n.<\/p>\n<h3><span style=\"font-size: 16px;\">\u00bfPara qu\u00e9 sirve <strong>Hexocleen Spray<\/strong>?<\/span><\/h3>\n<p>En perros, gatos, bovinos y equinos como antis\u00e9ptico de uso externo y desinfectante de material quir\u00fargico. Como coadyuvante en el tratamiento de lesiones en piel de origen al\u00e9rgico, nutricional u hormonal que se complica por infecciones secundarias causadas por bacterias y\/o levaduras.<\/p>\n<h3><span style=\"font-size: 16px;\">\u00bfC\u00f3mo usar <strong>Hexocleen Spray<\/strong>?<\/span><\/h3>\n<p>Limpiar y aplicar directamente sobre el \u00e1rea afectada 1 vez al d\u00eda o seg\u00fan indicaciones del m\u00e9dico veterinario.<\/p>\n<p>[\/vc_column_text][\/vc_column][\/vc_row]<\/p>\n<\/div>","protected":false},"excerpt":{"rendered":"<p>Es el antis\u00e9ptico m\u00e1s usado en dermatolog\u00eda humana y veterinaria siendo \u00fatil para la limpieza de heridas as\u00ed como desinfecci\u00f3n de instrumental quir\u00fargico y equipos<\/p>\n","protected":false},"featured_media":1404,"comment_status":"open","ping_status":"closed","template":"","meta":[],"product_brand":[],"product_cat":[82],"product_tag":[],"class_list":{"0":"post-607","1":"product","2":"type-product","3":"status-publish","4":"has-post-thumbnail","6":"product_cat-medicamentos","8":"first","9":"instock","10":"shipping-taxable","11":"purchasable","12":"product-type-simple"},"jetpack_sharing_enabled":true,"_links":{"self":[{"href":"https:\/\/www.todoparamascotas.co\/index.php?rest_route=\/wp\/v2\/product\/607","targetHints":{"allow":["GET"]}}],"collection":[{"href":"https:\/\/www.todoparamascotas.co\/index.php?rest_route=\/wp\/v2\/product"}],"about":[{"href":"https:\/\/www.todoparamascotas.co\/index.php?rest_route=\/wp\/v2\/types\/product"}],"replies":[{"embeddable":true,"href":"https:\/\/www.todoparamascotas.co\/index.php?rest_route=%2Fwp%2Fv2%2Fcomments&post=607"}],"wp:featuredmedia":[{"embeddable":true,"href":"https:\/\/www.todoparamascotas.co\/index.php?rest_route=\/wp\/v2\/media\/1404"}],"wp:attachment":[{"href":"https:\/\/www.todoparamascotas.co\/index.php?rest_route=%2Fwp%2Fv2%2Fmedia&parent=607"}],"wp:term":[{"taxonomy":"product_brand","embeddable":true,"href":"https:\/\/www.todoparamascotas.co\/index.php?rest_route=%2Fwp%2Fv2%2Fproduct_brand&post=607"},{"taxonomy":"product_cat","embeddable":true,"href":"https:\/\/www.todoparamascotas.co\/index.php?rest_route=%2Fwp%2Fv2%2Fproduct_cat&post=607"},{"taxonomy":"product_tag","embeddable":true,"href":"https:\/\/www.todoparamascotas.co\/index.php?rest_route=%2Fwp%2Fv2%2Fproduct_tag&post=607"}],"curies":[{"name":"wp","href":"https:\/\/api.w.org\/{rel}","templated":true}]}}