{"id":609,"date":"2022-04-08T21:28:27","date_gmt":"2022-04-08T21:28:27","guid":{"rendered":"https:\/\/todoparamascotas.co\/?post_type=product&#038;p=609"},"modified":"2025-08-27T16:33:31","modified_gmt":"2025-08-27T16:33:31","slug":"jabon-antiseptico-clorhexin-100-gr","status":"publish","type":"product","link":"https:\/\/www.todoparamascotas.co\/?product=jabon-antiseptico-clorhexin-100-gr","title":{"rendered":"Jab\u00f3n Antis\u00e9ptico Clorhexin 100 Gr"},"content":{"rendered":"<div class=\"wpb-content-wrapper\"><p>[vc_row][vc_column][vc_column_text]<\/p>\n<h3><span style=\"font-size: 16px;\">\u00bfQu\u00e9 es <strong>Clorhexin<\/strong>?<\/span><\/h3>\n<p>Clorhexin es una pasta de jab\u00f3n antis\u00e9ptico que contiene clorhexidina; sustancia considerada como uno de los mejores antis\u00e9pticos para el pelo y la piel, presenta una exquisita fragancia.<\/p>\n<h3><span style=\"font-size: 16px;\">\u00bfPara qu\u00e9 sirve <strong>Clorhexin<\/strong>?<\/span><\/h3>\n<p>Jab\u00f3n Clorhexin limpia y desinfecta profundamente, da brillo, desodoriza y restaura la condici\u00f3n del pelo y la piel en caninos, felinos y equinos.<\/p>\n<h3><span style=\"font-size: 16px;\">\u00bfC\u00f3mo usar <strong>Clorhexin<\/strong>?<\/span><\/h3>\n<p>Moje completamente al animal y enjab\u00f3nelo totalmente con Clorhexin jab\u00f3n hasta producir abundante espuma; adicione m\u00e1s agua si es necesario. Haga un masaje durante 15 minutos para asegurar un buen contacto del jab\u00f3n con el pelo y la piel. Enjuague luego con abundante agua. En caso de afecciones del pelo y la piel, repita el procedimiento una vez por semana durante 4 semanas.[\/vc_column_text][\/vc_column][\/vc_row]<\/p>\n<\/div>","protected":false},"excerpt":{"rendered":"<p>Jab\u00f3n Clorhexin Limpia y desinfecta profundamente, da brillo, desodoriza y restaura la condici\u00f3n del pelo y la piel en caninos, felinos y equinos.<\/p>\n","protected":false},"featured_media":610,"comment_status":"open","ping_status":"closed","template":"","meta":[],"product_brand":[],"product_cat":[82],"product_tag":[],"class_list":{"0":"post-609","1":"product","2":"type-product","3":"status-publish","4":"has-post-thumbnail","6":"product_cat-medicamentos","8":"first","9":"instock","10":"shipping-taxable","11":"purchasable","12":"product-type-simple"},"jetpack_sharing_enabled":true,"_links":{"self":[{"href":"https:\/\/www.todoparamascotas.co\/index.php?rest_route=\/wp\/v2\/product\/609","targetHints":{"allow":["GET"]}}],"collection":[{"href":"https:\/\/www.todoparamascotas.co\/index.php?rest_route=\/wp\/v2\/product"}],"about":[{"href":"https:\/\/www.todoparamascotas.co\/index.php?rest_route=\/wp\/v2\/types\/product"}],"replies":[{"embeddable":true,"href":"https:\/\/www.todoparamascotas.co\/index.php?rest_route=%2Fwp%2Fv2%2Fcomments&post=609"}],"wp:featuredmedia":[{"embeddable":true,"href":"https:\/\/www.todoparamascotas.co\/index.php?rest_route=\/wp\/v2\/media\/610"}],"wp:attachment":[{"href":"https:\/\/www.todoparamascotas.co\/index.php?rest_route=%2Fwp%2Fv2%2Fmedia&parent=609"}],"wp:term":[{"taxonomy":"product_brand","embeddable":true,"href":"https:\/\/www.todoparamascotas.co\/index.php?rest_route=%2Fwp%2Fv2%2Fproduct_brand&post=609"},{"taxonomy":"product_cat","embeddable":true,"href":"https:\/\/www.todoparamascotas.co\/index.php?rest_route=%2Fwp%2Fv2%2Fproduct_cat&post=609"},{"taxonomy":"product_tag","embeddable":true,"href":"https:\/\/www.todoparamascotas.co\/index.php?rest_route=%2Fwp%2Fv2%2Fproduct_tag&post=609"}],"curies":[{"name":"wp","href":"https:\/\/api.w.org\/{rel}","templated":true}]}}