{"id":611,"date":"2022-04-08T22:02:36","date_gmt":"2022-04-08T22:02:36","guid":{"rendered":"https:\/\/todoparamascotas.co\/?post_type=product&#038;p=611"},"modified":"2025-08-20T18:35:49","modified_gmt":"2025-08-20T18:35:49","slug":"lactovet-c-suplemento-alimenticio-perros-y-gatos-375-g","status":"publish","type":"product","link":"https:\/\/www.todoparamascotas.co\/?product=lactovet-c-suplemento-alimenticio-perros-y-gatos-375-g","title":{"rendered":"Lactovet C Suplemento alimenticio Perros y Gatos"},"content":{"rendered":"<div class=\"wpb-content-wrapper\"><p>[vc_row][vc_column][vc_column_text]<\/p>\n<h3><span style=\"font-size: 16px;\">\u00bfQu\u00e9 es <strong>Lactovet C<\/strong>?<\/span><\/h3>\n<p>Lactovet es un suplemento alimenticio que servir\u00e1 como un lacto reemplazador para cachorros y gatitos. Su f\u00f3rmula suplementada con vitaminas y minerales apoyar\u00e1 el sano crecimiento de perros y gatos bebes. Contiene 40% de leche de vaca, entera y pulverizada, 10% de case\u00edna, 8% de hidrolizado de prote\u00edna de soya y 35 % de glucosa. Gracias a que no contiene lactosa, esta leche ser\u00e1 ideal para reemplazar la leche materna en perros y gatos. Ademas, posee un alto contenido de glucosa que evitar\u00e1 que se produzca hipoglicemia en los cachorros.<\/p>\n<h3><span style=\"font-size: 16px;\">\u00bfPara qu\u00e9 sirve <strong>Lactovet C<\/strong>?<\/span><\/h3>\n<p>Ideal para complementar la alimentaci\u00f3n de perros y gatos adultos en estado de gestaci\u00f3n o lactancia.<br \/>\nNo contiene lactosa, as\u00ed que no producir\u00e1 diarrea.<br \/>\nIdeal como suplemento proteico en perros adultos que se encuentren en estado convaleciente.<br \/>\nLactovet posee vitaminas y minerales que apoyaran un sano crecimiento.<\/p>\n<h3><span style=\"font-size: 16px;\">\u00bfC\u00f3mo suministrar <strong>Lactovet C<\/strong> en polvo?<\/span><\/h3>\n<p>Diluir una cucharada rasa de Lactobonavet C en dos onzas de agua hervida caliente.<\/p>\n<p>La dosis diaria normal para cachorros es el 10% de su peso corporal de leche reconstituida, dividida en tres tomas.[\/vc_column_text][\/vc_column][\/vc_row]<\/p>\n<\/div>","protected":false},"excerpt":{"rendered":"<p>Lactobonavet C es un suplemento alimenticio que servir\u00e1 como un lacto reemplazador para cachorros perros y gatitos, apoyar\u00e1 el sano crecimiento de perros y gatos bebes.<\/p>\n","protected":false},"featured_media":612,"comment_status":"open","ping_status":"closed","template":"","meta":[],"product_brand":[],"product_cat":[72],"product_tag":[],"class_list":{"0":"post-611","1":"product","2":"type-product","3":"status-publish","4":"has-post-thumbnail","6":"product_cat-suplementos","8":"first","9":"instock","10":"shipping-taxable","11":"purchasable","12":"product-type-simple"},"jetpack_sharing_enabled":true,"_links":{"self":[{"href":"https:\/\/www.todoparamascotas.co\/index.php?rest_route=\/wp\/v2\/product\/611","targetHints":{"allow":["GET"]}}],"collection":[{"href":"https:\/\/www.todoparamascotas.co\/index.php?rest_route=\/wp\/v2\/product"}],"about":[{"href":"https:\/\/www.todoparamascotas.co\/index.php?rest_route=\/wp\/v2\/types\/product"}],"replies":[{"embeddable":true,"href":"https:\/\/www.todoparamascotas.co\/index.php?rest_route=%2Fwp%2Fv2%2Fcomments&post=611"}],"wp:featuredmedia":[{"embeddable":true,"href":"https:\/\/www.todoparamascotas.co\/index.php?rest_route=\/wp\/v2\/media\/612"}],"wp:attachment":[{"href":"https:\/\/www.todoparamascotas.co\/index.php?rest_route=%2Fwp%2Fv2%2Fmedia&parent=611"}],"wp:term":[{"taxonomy":"product_brand","embeddable":true,"href":"https:\/\/www.todoparamascotas.co\/index.php?rest_route=%2Fwp%2Fv2%2Fproduct_brand&post=611"},{"taxonomy":"product_cat","embeddable":true,"href":"https:\/\/www.todoparamascotas.co\/index.php?rest_route=%2Fwp%2Fv2%2Fproduct_cat&post=611"},{"taxonomy":"product_tag","embeddable":true,"href":"https:\/\/www.todoparamascotas.co\/index.php?rest_route=%2Fwp%2Fv2%2Fproduct_tag&post=611"}],"curies":[{"name":"wp","href":"https:\/\/api.w.org\/{rel}","templated":true}]}}