{"id":616,"date":"2022-04-12T02:14:45","date_gmt":"2022-04-12T02:14:45","guid":{"rendered":"https:\/\/todoparamascotas.co\/?post_type=product&#038;p=616"},"modified":"2023-07-30T16:54:06","modified_gmt":"2023-07-30T16:54:06","slug":"mirrapel-senior-oleoso-suplemento-nutricional-perros-y-gatos","status":"publish","type":"product","link":"https:\/\/www.todoparamascotas.co\/?product=mirrapel-senior-oleoso-suplemento-nutricional-perros-y-gatos","title":{"rendered":"Mirrapel Senior Oleoso Suplemento Nutricional Perros y Gatos"},"content":{"rendered":"<div class=\"wpb-content-wrapper\"><p>[vc_row][vc_column][vc_column_text]<\/p>\n<h3><span style=\"font-size: 16px;\">\u00bfQu\u00e9 es <strong>Mirrapel Senior<\/strong>?<\/span><\/h3>\n<p>Mirrapel Senior es una formula avanzada con Omegas, glucosamina, condroitina, vitaminas y minerales que ayuda a mantener la vitalidad diaria de tu mascota.<\/p>\n<h3><span style=\"font-size: 16px;\">\u00bfPara qu\u00e9 sirve <strong>Mirrapel Senior<\/strong>?<\/span><\/h3>\n<p>Estimula el sistema inmunol\u00f3gico y la funci\u00f3n cerebral, adem\u00e1s de mejorar la movilidad de la mascota y su calidad de vida.<\/p>\n<p>Controla la ca\u00edda del pelo y reduce el mal olor a sebo rancio de la piel.<\/p>\n<p>Suministra protecci\u00f3n antioxidante y previene la inflamaci\u00f3n y el dolor articular.<\/p>\n<h3><span style=\"font-size: 16px;\">\u00bfC\u00f3mo se usa <strong>Mirrapel Senior<\/strong>?<\/span><\/h3>\n<p>Administre Mirrapel Oleoso Senior diariamente mezclado con el alimento seco o h\u00famedo o directamente por v\u00eda oral, en las siguientes cantidades:<\/p>\n<ul>\n<li><strong>Perros<\/strong>: 1 mL por cada 4 Kg de peso.<\/li>\n<li><strong>Hembras en gestaci\u00f3n o lactancia<\/strong>: 1,3 mL por cada 4 Kg de peso.<\/li>\n<li><strong>Gatos<\/strong>: 0,2 mL por cada 1 Kg de peso o 0,8 mL por cada 4 Kg de peso.<\/li>\n<li><strong>Hembras en gestaci\u00f3n o lactancia<\/strong>: 0,25 mL por cada 1 Kg de peso o 1 mL por cada 4 Kg de peso.<\/li>\n<\/ul>\n<p>Las cantidades totales pueden suministrarse en una sola vez o fraccion\u00e1ndolas a lo largo del d\u00eda en dos o tres porciones y pueden ser modificadas a criterio del m\u00e9dico veterinario.[\/vc_column_text][\/vc_column][\/vc_row]<\/p>\n<\/div>","protected":false},"excerpt":{"rendered":"<p>Mirrapel Senior Suplemento Nutricional. La f\u00f3rmula m\u00e1s completa del mercado para cuidar la salud de su perro o gato de edad avanzada.<\/p>\n","protected":false},"featured_media":627,"comment_status":"open","ping_status":"closed","template":"","meta":[],"product_brand":[],"product_cat":[72],"product_tag":[],"class_list":{"0":"post-616","1":"product","2":"type-product","3":"status-publish","4":"has-post-thumbnail","6":"product_cat-suplementos","8":"first","9":"outofstock","10":"shipping-taxable","11":"purchasable","12":"product-type-simple"},"jetpack_sharing_enabled":true,"_links":{"self":[{"href":"https:\/\/www.todoparamascotas.co\/index.php?rest_route=\/wp\/v2\/product\/616","targetHints":{"allow":["GET"]}}],"collection":[{"href":"https:\/\/www.todoparamascotas.co\/index.php?rest_route=\/wp\/v2\/product"}],"about":[{"href":"https:\/\/www.todoparamascotas.co\/index.php?rest_route=\/wp\/v2\/types\/product"}],"replies":[{"embeddable":true,"href":"https:\/\/www.todoparamascotas.co\/index.php?rest_route=%2Fwp%2Fv2%2Fcomments&post=616"}],"wp:featuredmedia":[{"embeddable":true,"href":"https:\/\/www.todoparamascotas.co\/index.php?rest_route=\/wp\/v2\/media\/627"}],"wp:attachment":[{"href":"https:\/\/www.todoparamascotas.co\/index.php?rest_route=%2Fwp%2Fv2%2Fmedia&parent=616"}],"wp:term":[{"taxonomy":"product_brand","embeddable":true,"href":"https:\/\/www.todoparamascotas.co\/index.php?rest_route=%2Fwp%2Fv2%2Fproduct_brand&post=616"},{"taxonomy":"product_cat","embeddable":true,"href":"https:\/\/www.todoparamascotas.co\/index.php?rest_route=%2Fwp%2Fv2%2Fproduct_cat&post=616"},{"taxonomy":"product_tag","embeddable":true,"href":"https:\/\/www.todoparamascotas.co\/index.php?rest_route=%2Fwp%2Fv2%2Fproduct_tag&post=616"}],"curies":[{"name":"wp","href":"https:\/\/api.w.org\/{rel}","templated":true}]}}