{"id":621,"date":"2022-04-16T17:39:14","date_gmt":"2022-04-16T17:39:14","guid":{"rendered":"https:\/\/todoparamascotas.co\/?post_type=product&#038;p=621"},"modified":"2025-08-20T18:34:42","modified_gmt":"2025-08-20T18:34:42","slug":"multivitaminico-enervit","status":"publish","type":"product","link":"https:\/\/www.todoparamascotas.co\/?product=multivitaminico-enervit","title":{"rendered":"Multivitam\u00ednico Enervit"},"content":{"rendered":"<div class=\"wpb-content-wrapper\"><p>[vc_row][vc_column][vc_column_text]<\/p>\n<h3><span style=\"font-size: 16px;\">\u00bfQu\u00e9 es <strong>Enervit<\/strong>?<\/span><\/h3>\n<p>Enervit es un multivitam\u00ednico que contiene vitamina A, vitamina D3, tiamina clorhidrato, riboflavina 5 fosfato, piridoxina clorhidrato, nicotinamida, calcio y fo\u0301sforo como resultado mejora los trastornos metab\u00f3licos.<\/p>\n<h3><span style=\"font-size: 16px;\">\u00bfPara qu\u00e9 sirve <strong>Enervit<\/strong>?<\/span><\/h3>\n<p>Est\u00e1 indicado en terneros, potros, lechones, perros y gatos para el tratamiento de las deficiencias y trastornos del metabolismo del calcio, f\u00f3sforo y\/o vitaminas presentes en la composici\u00f3n. Otras indicaciones a criterio del m\u00e9dico veterinario.<\/p>\n<h3><span style=\"font-size: 16px;\">\u00bfC\u00f3mo suministrar <strong>Enervit<\/strong>?<\/span><\/h3>\n<p>Diariamente 2 mL de Enervit por cada kg de peso vivo durante 5 d\u00edas o a criterio del m\u00e9dico veterinario. La dosis diaria puede duplicarse en los cachorros, seg\u00fan el criterio del m\u00e9dico.[\/vc_column_text][\/vc_column][\/vc_row]<\/p>\n<\/div>","protected":false},"excerpt":{"rendered":"<p>Multivitam\u00ednico con vitamina A, vitamina D3, calcio y fosf\u00f3ro, ideal para mejorar los trastornos metab\u00f3licos en perros y gatos<\/p>\n","protected":false},"featured_media":622,"comment_status":"open","ping_status":"closed","template":"","meta":[],"product_brand":[],"product_cat":[85],"product_tag":[],"class_list":{"0":"post-621","1":"product","2":"type-product","3":"status-publish","4":"has-post-thumbnail","6":"product_cat-vitaminas","8":"first","9":"outofstock","10":"shipping-taxable","11":"purchasable","12":"product-type-simple"},"jetpack_sharing_enabled":true,"_links":{"self":[{"href":"https:\/\/www.todoparamascotas.co\/index.php?rest_route=\/wp\/v2\/product\/621","targetHints":{"allow":["GET"]}}],"collection":[{"href":"https:\/\/www.todoparamascotas.co\/index.php?rest_route=\/wp\/v2\/product"}],"about":[{"href":"https:\/\/www.todoparamascotas.co\/index.php?rest_route=\/wp\/v2\/types\/product"}],"replies":[{"embeddable":true,"href":"https:\/\/www.todoparamascotas.co\/index.php?rest_route=%2Fwp%2Fv2%2Fcomments&post=621"}],"wp:featuredmedia":[{"embeddable":true,"href":"https:\/\/www.todoparamascotas.co\/index.php?rest_route=\/wp\/v2\/media\/622"}],"wp:attachment":[{"href":"https:\/\/www.todoparamascotas.co\/index.php?rest_route=%2Fwp%2Fv2%2Fmedia&parent=621"}],"wp:term":[{"taxonomy":"product_brand","embeddable":true,"href":"https:\/\/www.todoparamascotas.co\/index.php?rest_route=%2Fwp%2Fv2%2Fproduct_brand&post=621"},{"taxonomy":"product_cat","embeddable":true,"href":"https:\/\/www.todoparamascotas.co\/index.php?rest_route=%2Fwp%2Fv2%2Fproduct_cat&post=621"},{"taxonomy":"product_tag","embeddable":true,"href":"https:\/\/www.todoparamascotas.co\/index.php?rest_route=%2Fwp%2Fv2%2Fproduct_tag&post=621"}],"curies":[{"name":"wp","href":"https:\/\/api.w.org\/{rel}","templated":true}]}}