{"id":623,"date":"2022-04-16T18:28:44","date_gmt":"2022-04-16T18:28:44","guid":{"rendered":"https:\/\/todoparamascotas.co\/?post_type=product&#038;p=623"},"modified":"2024-09-26T19:55:06","modified_gmt":"2024-09-26T19:55:06","slug":"mitra-suplemento-nutricional-oleoso-para-perros-y-gatos-120-ml","status":"publish","type":"product","link":"https:\/\/www.todoparamascotas.co\/?product=mitra-suplemento-nutricional-oleoso-para-perros-y-gatos-120-ml","title":{"rendered":"Mitra Suplemento Nutricional Oleoso para Perros y Gatos 120 ml"},"content":{"rendered":"<div class=\"wpb-content-wrapper\"><p>[vc_row][vc_column][vc_column_text]<\/p>\n<h3><span style=\"font-size: 16px;\">\u00bfQu\u00e9 es <strong>suplemento Mitra<\/strong>?<\/span><\/h3>\n<p>Es una suspensi\u00f3n nutricional de sabor agradable y de f\u00e1cil suministro. Contiene componentes esenciales para el buen desarrollo, mantenimiento y nutrici\u00f3n de los peque\u00f1os animales.<\/p>\n<h3><span style=\"font-size: 16px;\">\u00bfPara qu\u00e9 sirve <strong>suplemento Mitra<\/strong>?<\/span><\/h3>\n<p>Como tratamiento de las deficiencias de los elementos presentes en la composici\u00f3n y para el tratamiento de afecciones de la piel y el pelo tales como piel seca y pelo opaco quebradizo.<\/p>\n<h3><span style=\"font-size: 16px;\">\u00bfC\u00f3mo suministrar <strong>suplemento Mitra<\/strong>?<\/span><\/h3>\n<p>De manera oral. Es por ello que se puede administrar directamente o mezclado con alimento concentrado seco o ligeramente humedecido.<\/p>\n<p>El tratamiento se realiza seg\u00fan las instrucciones del m\u00e9dico veterinario.<\/p>\n<ul>\n<li><strong>Perros<\/strong>: 1 ml por cada 4 kg de peso.<\/li>\n<li><strong>Hembras en gestaci\u00f3n o lactancia<\/strong>: 1 ml por cada 3 kg de peso.<\/li>\n<li><strong>Gatos<\/strong>: 1 ml por cada 2 kg de peso.<\/li>\n<li><strong>Hembras en gestaci\u00f3n o lactancia<\/strong> 4 ml por d\u00eda.<\/li>\n<\/ul>\n<p>[\/vc_column_text][\/vc_column][\/vc_row]<\/p>\n<\/div>","protected":false},"excerpt":{"rendered":"<p>Mitra suplemento nutricional oleoso para perros y gatos con Omega 3 y Omega 6 que ayuda en deficiencias de la alimentaci\u00f3n y a mejorar la salud de la mascota<\/p>\n","protected":false},"featured_media":1229,"comment_status":"open","ping_status":"closed","template":"","meta":[],"product_brand":[],"product_cat":[72],"product_tag":[],"class_list":{"0":"post-623","1":"product","2":"type-product","3":"status-publish","4":"has-post-thumbnail","6":"product_cat-suplementos","8":"first","9":"instock","10":"shipping-taxable","11":"purchasable","12":"product-type-simple"},"jetpack_sharing_enabled":true,"_links":{"self":[{"href":"https:\/\/www.todoparamascotas.co\/index.php?rest_route=\/wp\/v2\/product\/623","targetHints":{"allow":["GET"]}}],"collection":[{"href":"https:\/\/www.todoparamascotas.co\/index.php?rest_route=\/wp\/v2\/product"}],"about":[{"href":"https:\/\/www.todoparamascotas.co\/index.php?rest_route=\/wp\/v2\/types\/product"}],"replies":[{"embeddable":true,"href":"https:\/\/www.todoparamascotas.co\/index.php?rest_route=%2Fwp%2Fv2%2Fcomments&post=623"}],"wp:featuredmedia":[{"embeddable":true,"href":"https:\/\/www.todoparamascotas.co\/index.php?rest_route=\/wp\/v2\/media\/1229"}],"wp:attachment":[{"href":"https:\/\/www.todoparamascotas.co\/index.php?rest_route=%2Fwp%2Fv2%2Fmedia&parent=623"}],"wp:term":[{"taxonomy":"product_brand","embeddable":true,"href":"https:\/\/www.todoparamascotas.co\/index.php?rest_route=%2Fwp%2Fv2%2Fproduct_brand&post=623"},{"taxonomy":"product_cat","embeddable":true,"href":"https:\/\/www.todoparamascotas.co\/index.php?rest_route=%2Fwp%2Fv2%2Fproduct_cat&post=623"},{"taxonomy":"product_tag","embeddable":true,"href":"https:\/\/www.todoparamascotas.co\/index.php?rest_route=%2Fwp%2Fv2%2Fproduct_tag&post=623"}],"curies":[{"name":"wp","href":"https:\/\/api.w.org\/{rel}","templated":true}]}}