{"id":625,"date":"2022-04-16T18:55:00","date_gmt":"2022-04-16T18:55:00","guid":{"rendered":"https:\/\/todoparamascotas.co\/?post_type=product&#038;p=625"},"modified":"2023-10-03T16:51:55","modified_gmt":"2023-10-03T16:51:55","slug":"murave-repelente-murcielagos-y-palomas","status":"publish","type":"product","link":"https:\/\/www.todoparamascotas.co\/?product=murave-repelente-murcielagos-y-palomas","title":{"rendered":"Murave Repelente Murcielagos y Palomas"},"content":{"rendered":"<div class=\"wpb-content-wrapper\"><p>[vc_row][vc_column][vc_column_text]<\/p>\n<h3><span style=\"font-size: 16px;\">\u00bfQu\u00e9 es <strong>Murave<\/strong>?<\/span><\/h3>\n<p>Murave es un ahuyentador natural l\u00edquido cuya acci\u00f3n se basa en sus propiedades arom\u00e1ticas.<\/p>\n<h3><span style=\"font-size: 16px;\">\u00bfPara qu\u00e9 sirve <strong>Murave repelente<\/strong>?<\/span><\/h3>\n<p>Repelente ambiental que act\u00faa por contacto estimulando las terminaciones nerviosas y por aromaticidad rechazando el aroma que huelen. Asperjado en las superficies absorbentes sobre las cuales se desea que no posen o aniden los murci\u00e9lagos o aves.<\/p>\n<h3><span style=\"font-size: 16px;\">\u00bfC\u00f3mo usar <strong>Murave repelente<\/strong> de aves y murci\u00e9lagos?<\/span><\/h3>\n<p>Se aplica asperjado en las superficies habitadas o frecuentadas por aves o murcielagos. No sobre los animales.<\/p>\n<ol>\n<li>Limpiar y lavar las zonas afectadas.<\/li>\n<li>Aplicar Murave repelente por aspersi\u00f3n sobre superficies absorbentes donde posan o anidan, haci\u00e9ndolo cada 2 o 3 d\u00edas hasta observar que se logr\u00f3 el efecto buscado.<\/li>\n<li>Mantener con una aplicaci\u00f3n cada 20 o 30 d\u00edas.<\/li>\n<\/ol>\n<p>El producto se puede aplicar sobre: galpones, dep\u00f3sitos, silos, techos, tinglados, pisos, \u00e1rboles le\u00f1osos, y en todas aquellas superficies sobre las cuales se desea que no posen los mismos.[\/vc_column_text][\/vc_column][\/vc_row]<\/p>\n<\/div>","protected":false},"excerpt":{"rendered":"<p>Soluci\u00f3n l\u00edquida oleosa, ahuyentador natural y repelente de murci\u00e9lagos, palomas y aves ex\u00f3ticas<\/p>\n","protected":false},"featured_media":626,"comment_status":"open","ping_status":"closed","template":"","meta":[],"product_brand":[],"product_cat":[89],"product_tag":[],"class_list":{"0":"post-625","1":"product","2":"type-product","3":"status-publish","4":"has-post-thumbnail","6":"product_cat-otros-hogar","8":"first","9":"outofstock","10":"shipping-taxable","11":"purchasable","12":"product-type-simple"},"jetpack_sharing_enabled":true,"_links":{"self":[{"href":"https:\/\/www.todoparamascotas.co\/index.php?rest_route=\/wp\/v2\/product\/625","targetHints":{"allow":["GET"]}}],"collection":[{"href":"https:\/\/www.todoparamascotas.co\/index.php?rest_route=\/wp\/v2\/product"}],"about":[{"href":"https:\/\/www.todoparamascotas.co\/index.php?rest_route=\/wp\/v2\/types\/product"}],"replies":[{"embeddable":true,"href":"https:\/\/www.todoparamascotas.co\/index.php?rest_route=%2Fwp%2Fv2%2Fcomments&post=625"}],"wp:featuredmedia":[{"embeddable":true,"href":"https:\/\/www.todoparamascotas.co\/index.php?rest_route=\/wp\/v2\/media\/626"}],"wp:attachment":[{"href":"https:\/\/www.todoparamascotas.co\/index.php?rest_route=%2Fwp%2Fv2%2Fmedia&parent=625"}],"wp:term":[{"taxonomy":"product_brand","embeddable":true,"href":"https:\/\/www.todoparamascotas.co\/index.php?rest_route=%2Fwp%2Fv2%2Fproduct_brand&post=625"},{"taxonomy":"product_cat","embeddable":true,"href":"https:\/\/www.todoparamascotas.co\/index.php?rest_route=%2Fwp%2Fv2%2Fproduct_cat&post=625"},{"taxonomy":"product_tag","embeddable":true,"href":"https:\/\/www.todoparamascotas.co\/index.php?rest_route=%2Fwp%2Fv2%2Fproduct_tag&post=625"}],"curies":[{"name":"wp","href":"https:\/\/api.w.org\/{rel}","templated":true}]}}