{"id":628,"date":"2022-04-19T22:33:51","date_gmt":"2022-04-19T22:33:51","guid":{"rendered":"https:\/\/todoparamascotas.co\/?post_type=product&#038;p=628"},"modified":"2025-08-20T18:33:41","modified_gmt":"2025-08-20T18:33:41","slug":"ocoxin-pets-oral-suplemento-nutricional-150-ml","status":"publish","type":"product","link":"https:\/\/www.todoparamascotas.co\/?product=ocoxin-pets-oral-suplemento-nutricional-150-ml","title":{"rendered":"Ocoxin Pets Oral Suplemento Nutricional 150 ml"},"content":{"rendered":"<div class=\"wpb-content-wrapper\"><p>[vc_row][vc_column][vc_column_text]<\/p>\n<h3><span style=\"font-size: 16px;\">\u00bfQu\u00e9 es <strong>Ocoxin pets<\/strong>?<\/span><\/h3>\n<p>Ocoxin pets oral es un soporte nutricional para animales con patolog\u00edas oncol\u00f3gicas. Anticancer\u00edgeno complementario para terapias. Por su formulaci\u00f3n a base de ingredientes naturales, Ocoxin pets, no causa ning\u00fan tipo de rechazo ni efecto secundario adverso.<\/p>\n<h3><span style=\"font-size: 16px;\">\u00bfPara qu\u00e9 sirve <strong>Ocoxin pets<\/strong>?<\/span><\/h3>\n<p>Como apoyo para las terapias contra el cancer. Ocoxin pets refuerza la inmunidad de los pacientes con c\u00e1ncer.<\/p>\n<p>Mejora la tolerancia a los tratamientos del c\u00e1ncer.<\/p>\n<p>Previene la p\u00e9rdida de peso.<\/p>\n<h3><span style=\"font-size: 16px;\">\u00bfC\u00f3mo suministrar <strong>Ocoxin pets<\/strong>?<\/span><\/h3>\n<p><strong>Para perros y gatos<\/strong>: 1 ml por cada 5 kilogramos de peso cada 12 horas.<\/p>\n<p><strong>Otras mascotas<\/strong>: 1 ml cada 12 horas.[\/vc_column_text][\/vc_column][\/vc_row]<\/p>\n<\/div>","protected":false},"excerpt":{"rendered":"<p>Anticancer\u00edgeno. Antiangiog\u00e9nico. Antiproliferativo. Antimetast\u00e1sico. Complementario para el c\u00e1ncer y soporte nutricional para animales<\/p>\n","protected":false},"featured_media":629,"comment_status":"open","ping_status":"closed","template":"","meta":[],"product_brand":[],"product_cat":[72],"product_tag":[],"class_list":{"0":"post-628","1":"product","2":"type-product","3":"status-publish","4":"has-post-thumbnail","6":"product_cat-suplementos","8":"first","9":"outofstock","10":"shipping-taxable","11":"purchasable","12":"product-type-simple"},"jetpack_sharing_enabled":true,"_links":{"self":[{"href":"https:\/\/www.todoparamascotas.co\/index.php?rest_route=\/wp\/v2\/product\/628","targetHints":{"allow":["GET"]}}],"collection":[{"href":"https:\/\/www.todoparamascotas.co\/index.php?rest_route=\/wp\/v2\/product"}],"about":[{"href":"https:\/\/www.todoparamascotas.co\/index.php?rest_route=\/wp\/v2\/types\/product"}],"replies":[{"embeddable":true,"href":"https:\/\/www.todoparamascotas.co\/index.php?rest_route=%2Fwp%2Fv2%2Fcomments&post=628"}],"wp:featuredmedia":[{"embeddable":true,"href":"https:\/\/www.todoparamascotas.co\/index.php?rest_route=\/wp\/v2\/media\/629"}],"wp:attachment":[{"href":"https:\/\/www.todoparamascotas.co\/index.php?rest_route=%2Fwp%2Fv2%2Fmedia&parent=628"}],"wp:term":[{"taxonomy":"product_brand","embeddable":true,"href":"https:\/\/www.todoparamascotas.co\/index.php?rest_route=%2Fwp%2Fv2%2Fproduct_brand&post=628"},{"taxonomy":"product_cat","embeddable":true,"href":"https:\/\/www.todoparamascotas.co\/index.php?rest_route=%2Fwp%2Fv2%2Fproduct_cat&post=628"},{"taxonomy":"product_tag","embeddable":true,"href":"https:\/\/www.todoparamascotas.co\/index.php?rest_route=%2Fwp%2Fv2%2Fproduct_tag&post=628"}],"curies":[{"name":"wp","href":"https:\/\/api.w.org\/{rel}","templated":true}]}}