{"id":632,"date":"2022-04-19T23:25:58","date_gmt":"2022-04-19T23:25:58","guid":{"rendered":"https:\/\/todoparamascotas.co\/?post_type=product&#038;p=632"},"modified":"2025-08-20T18:31:11","modified_gmt":"2025-08-20T18:31:11","slug":"pipican-pulvex-para-perros-60-ml","status":"publish","type":"product","link":"https:\/\/www.todoparamascotas.co\/?product=pipican-pulvex-para-perros-60-ml","title":{"rendered":"Pipican Pulvex para Perros 60 ml"},"content":{"rendered":"<div class=\"wpb-content-wrapper\"><p>[vc_row][vc_column][vc_column_text]<\/p>\n<h3><span style=\"font-size: 16px;\">\u00bfQu\u00e9 es <strong>Pipican<\/strong>?<\/span><\/h3>\n<p>Pipican Pulvex es un efectivo producto para el entrenamiento de perros cachorros. Es muy f\u00e1cil de usar y sus resultados ser\u00e1n muy efectivos en un promedio de 3 meses. Mediante el uso de pipican tendr\u00e1 resultados efectivos a la hora de ense\u00f1ar a su perro a hacer sus necesidades fisiol\u00f3gicas en el lugar adecuado.<\/p>\n<h3><span style=\"font-size: 16px;\">\u00bfPara qu\u00e9 sirve <strong>Pipican<\/strong>?<\/span><\/h3>\n<p>Es el producto ideal para ense\u00f1ar a tu cachorro a ir al ba\u00f1o en el lugar correcto.<\/p>\n<h3><span style=\"font-size: 16px;\">\u00bfC\u00f3mo se usa el <strong>Pipican<\/strong>?<\/span><\/h3>\n<ol>\n<li>Debes escoger el lugar apropiado para que tu perro realiace sus necesidades fisiol\u00f3gicas.<\/li>\n<li>Posteriorment presiona la v\u00e1vula aplicadora 3 veces en la zona donde quieres que tu perro haga sus necesidades.<\/li>\n<li>Por \u00faltimo permite que tu mascota olfatee el aroma de Pipican Pulvex y aplica 4 veces al d\u00eda en la misma zona.<\/li>\n<\/ol>\n<p>[\/vc_column_text][\/vc_column][\/vc_row]<\/p>\n<\/div>","protected":false},"excerpt":{"rendered":"<p>Pipican Pulvex es un efectivo producto dise\u00f1ado para el entrenamiento de perros cachorros. Mediante el uso de pipican tendr\u00e1 resultados efectivos a la hora de ense\u00f1ar a su perro a hacer sus necesidades fisiol\u00f3gicas en el lugar adecuado.<\/p>\n","protected":false},"featured_media":633,"comment_status":"open","ping_status":"closed","template":"","meta":[],"product_brand":[],"product_cat":[98],"product_tag":[],"class_list":{"0":"post-632","1":"product","2":"type-product","3":"status-publish","4":"has-post-thumbnail","6":"product_cat-limpieza-y-orina","8":"first","9":"outofstock","10":"shipping-taxable","11":"purchasable","12":"product-type-simple"},"jetpack_sharing_enabled":true,"_links":{"self":[{"href":"https:\/\/www.todoparamascotas.co\/index.php?rest_route=\/wp\/v2\/product\/632","targetHints":{"allow":["GET"]}}],"collection":[{"href":"https:\/\/www.todoparamascotas.co\/index.php?rest_route=\/wp\/v2\/product"}],"about":[{"href":"https:\/\/www.todoparamascotas.co\/index.php?rest_route=\/wp\/v2\/types\/product"}],"replies":[{"embeddable":true,"href":"https:\/\/www.todoparamascotas.co\/index.php?rest_route=%2Fwp%2Fv2%2Fcomments&post=632"}],"wp:featuredmedia":[{"embeddable":true,"href":"https:\/\/www.todoparamascotas.co\/index.php?rest_route=\/wp\/v2\/media\/633"}],"wp:attachment":[{"href":"https:\/\/www.todoparamascotas.co\/index.php?rest_route=%2Fwp%2Fv2%2Fmedia&parent=632"}],"wp:term":[{"taxonomy":"product_brand","embeddable":true,"href":"https:\/\/www.todoparamascotas.co\/index.php?rest_route=%2Fwp%2Fv2%2Fproduct_brand&post=632"},{"taxonomy":"product_cat","embeddable":true,"href":"https:\/\/www.todoparamascotas.co\/index.php?rest_route=%2Fwp%2Fv2%2Fproduct_cat&post=632"},{"taxonomy":"product_tag","embeddable":true,"href":"https:\/\/www.todoparamascotas.co\/index.php?rest_route=%2Fwp%2Fv2%2Fproduct_tag&post=632"}],"curies":[{"name":"wp","href":"https:\/\/api.w.org\/{rel}","templated":true}]}}