{"id":636,"date":"2022-04-21T22:55:43","date_gmt":"2022-04-21T22:55:43","guid":{"rendered":"https:\/\/todoparamascotas.co\/?post_type=product&#038;p=636"},"modified":"2025-08-20T18:30:34","modified_gmt":"2025-08-20T18:30:34","slug":"bismo-pet-antidiarreico-suspension-para-perros-y-gatos","status":"publish","type":"product","link":"https:\/\/www.todoparamascotas.co\/?product=bismo-pet-antidiarreico-suspension-para-perros-y-gatos","title":{"rendered":"Bismo Pet Antidiarreico Suspension para Perros y Gatos"},"content":{"rendered":"<div class=\"wpb-content-wrapper\"><p>[vc_row][vc_column][vc_column_text]<\/p>\n<h3><span style=\"font-size: 16px;\">\u00bfQu\u00e9 es <strong>Bismo Pet<\/strong>?<\/span><\/h3>\n<p>Bismo-pet es un producto veterinario, debidamente estabilizado para uso oral. Es una suspensi\u00f3n de buen sabor para el control de diarreas no espec\u00edficas. Protege la mucosa intestinal, disminuyendo el peristaltismo y neutralizando la irritaci\u00f3n por enterotoxinas en el tracto gastrointestinal de terneros, equinos, perros y gatos.<\/p>\n<h3><span style=\"font-size: 16px;\">\u00bfPara qu\u00e9 sirve <strong>Bismo Pet<\/strong>?<\/span><\/h3>\n<p>En perros, gatos, terneros, y potros como coadyuvante en el control y tratamiento de diarreas y enteritis no espec\u00edficas. De igual forma, como tratamiento de des\u00f3rdenes gastrointestinales en general y como Anti\u00e1cido y antiinflamatorio.<\/p>\n<p>Efectivo en diarreas por hipersecreci\u00f3n producida por enterotoxinas. Protecci\u00f3n de la mucosa gastrointestinal por disminuci\u00f3n del peristaltismo y por irritaci\u00f3n de toxinas.<\/p>\n<h3><span style=\"font-size: 16px;\">\u00bfC\u00f3mo se usa <strong>Bismo Pet<\/strong>?<\/span><\/h3>\n<p>V\u00eda oral, a raz\u00f3n de 20 mg de activo por kg de peso, 3 veces al d\u00eda:<\/p>\n<ul>\n<li><strong>Perros y Gatos<\/strong>: 20 ml por cada 15 kg, tres (3) veces al d\u00eda.<\/li>\n<li><strong>Potros y Terneros<\/strong> (85 a 130 kg): 100 a 50 ml en tres (3) tomas al d\u00eda.<\/li>\n<li><strong>Lechones<\/strong>: 1 a 3 ml, tres (3) veces al d\u00eda, durante 3 d\u00edas.<\/li>\n<li><strong>Adultos<\/strong>: 20 a 30 ml, tres (3) veces al d\u00eda, durante 5 d\u00edas.<\/li>\n<\/ul>\n<p>Administrar con jeringa apropiada de pl\u00e1stico o con sonda, evitando la aspiraci\u00f3n pulmonar.[\/vc_column_text][\/vc_column][\/vc_row]<\/p>\n<\/div>","protected":false},"excerpt":{"rendered":"<p>Bismo-pet es la efectiva suspensi\u00f3n bactericida a base de Subsalicilato de Bismuto en un veh\u00edculo debidamente estabilizado y saborizado<\/p>\n","protected":false},"featured_media":637,"comment_status":"open","ping_status":"closed","template":"","meta":[],"product_brand":[],"product_cat":[82],"product_tag":[],"class_list":{"0":"post-636","1":"product","2":"type-product","3":"status-publish","4":"has-post-thumbnail","6":"product_cat-medicamentos","8":"first","9":"outofstock","10":"shipping-taxable","11":"purchasable","12":"product-type-simple"},"jetpack_sharing_enabled":true,"_links":{"self":[{"href":"https:\/\/www.todoparamascotas.co\/index.php?rest_route=\/wp\/v2\/product\/636","targetHints":{"allow":["GET"]}}],"collection":[{"href":"https:\/\/www.todoparamascotas.co\/index.php?rest_route=\/wp\/v2\/product"}],"about":[{"href":"https:\/\/www.todoparamascotas.co\/index.php?rest_route=\/wp\/v2\/types\/product"}],"replies":[{"embeddable":true,"href":"https:\/\/www.todoparamascotas.co\/index.php?rest_route=%2Fwp%2Fv2%2Fcomments&post=636"}],"wp:featuredmedia":[{"embeddable":true,"href":"https:\/\/www.todoparamascotas.co\/index.php?rest_route=\/wp\/v2\/media\/637"}],"wp:attachment":[{"href":"https:\/\/www.todoparamascotas.co\/index.php?rest_route=%2Fwp%2Fv2%2Fmedia&parent=636"}],"wp:term":[{"taxonomy":"product_brand","embeddable":true,"href":"https:\/\/www.todoparamascotas.co\/index.php?rest_route=%2Fwp%2Fv2%2Fproduct_brand&post=636"},{"taxonomy":"product_cat","embeddable":true,"href":"https:\/\/www.todoparamascotas.co\/index.php?rest_route=%2Fwp%2Fv2%2Fproduct_cat&post=636"},{"taxonomy":"product_tag","embeddable":true,"href":"https:\/\/www.todoparamascotas.co\/index.php?rest_route=%2Fwp%2Fv2%2Fproduct_tag&post=636"}],"curies":[{"name":"wp","href":"https:\/\/api.w.org\/{rel}","templated":true}]}}