{"id":638,"date":"2022-04-21T23:13:29","date_gmt":"2022-04-21T23:13:29","guid":{"rendered":"https:\/\/todoparamascotas.co\/?post_type=product&#038;p=638"},"modified":"2026-03-25T17:14:00","modified_gmt":"2026-03-25T17:14:00","slug":"milkset-50-cuajo-en-tabletas-para-quesos-caja-x-50","status":"publish","type":"product","link":"https:\/\/www.todoparamascotas.co\/?product=milkset-50-cuajo-en-tabletas-para-quesos-caja-x-50","title":{"rendered":"Milkset 50 Cuajo en Tabletas para Quesos Caja x 50"},"content":{"rendered":"<div class=\"wpb-content-wrapper\"><p>[vc_row][vc_column][vc_column_text]<\/p>\n<h3><span style=\"font-size: 16px;\">\u00bfQu\u00e9 es cuajo <strong>Milkset 50<\/strong>?<\/span><\/h3>\n<p>Cuajo Milkset 50 en tabletas es un producto especialmente formulado para la elaboraci\u00f3n de quesos cuando se dispone de poca cantidad de leche o cuando en la finca se instala un proceso de manufactura de quesos en peque\u00f1a escala. Su dosificaci\u00f3n pr\u00e1ctica lo hace ideal e indispensable en su finca y desde luego \u00fatil en la casa.<\/p>\n<h3><span style=\"font-size: 16px;\">\u00bfC\u00f3mo utilizar cuajo <strong>Milkset 50<\/strong>?<\/span><\/h3>\n<ol>\n<li>Caliente la leche de 35\u00b0C a 38\u00b0C; esta es la temperatura ideal para una buena coagulaci\u00f3n. Mantenga esta temperatura durante todo el proceso de cuajado.<\/li>\n<li>Tome la cantidad de cuajo necesario de acuerdo a la cantidad de leche a cuajar y disuelva completamente en un vaso de agua fr\u00eda potable.<\/li>\n<li>Agregue a la leche inmediatamente, agite vigorosamente por 1 minuto.<\/li>\n<li>Finalmente, deje la leche en reposo hasta que cuaje.<\/li>\n<\/ol>\n<p>[\/vc_column_text][\/vc_column][\/vc_row]<\/p>\n<\/div>","protected":false},"excerpt":{"rendered":"<p>Cuajo Milkset 50 para cuajar a toda leche. Especialmente formulado para la elaboraci\u00f3n de quesos<\/p>\n","protected":false},"featured_media":639,"comment_status":"open","ping_status":"closed","template":"","meta":[],"product_brand":[],"product_cat":[89],"product_tag":[],"class_list":{"0":"post-638","1":"product","2":"type-product","3":"status-publish","4":"has-post-thumbnail","6":"product_cat-otros-hogar","8":"first","9":"outofstock","10":"shipping-taxable","11":"purchasable","12":"product-type-simple"},"jetpack_sharing_enabled":true,"_links":{"self":[{"href":"https:\/\/www.todoparamascotas.co\/index.php?rest_route=\/wp\/v2\/product\/638","targetHints":{"allow":["GET"]}}],"collection":[{"href":"https:\/\/www.todoparamascotas.co\/index.php?rest_route=\/wp\/v2\/product"}],"about":[{"href":"https:\/\/www.todoparamascotas.co\/index.php?rest_route=\/wp\/v2\/types\/product"}],"replies":[{"embeddable":true,"href":"https:\/\/www.todoparamascotas.co\/index.php?rest_route=%2Fwp%2Fv2%2Fcomments&post=638"}],"wp:featuredmedia":[{"embeddable":true,"href":"https:\/\/www.todoparamascotas.co\/index.php?rest_route=\/wp\/v2\/media\/639"}],"wp:attachment":[{"href":"https:\/\/www.todoparamascotas.co\/index.php?rest_route=%2Fwp%2Fv2%2Fmedia&parent=638"}],"wp:term":[{"taxonomy":"product_brand","embeddable":true,"href":"https:\/\/www.todoparamascotas.co\/index.php?rest_route=%2Fwp%2Fv2%2Fproduct_brand&post=638"},{"taxonomy":"product_cat","embeddable":true,"href":"https:\/\/www.todoparamascotas.co\/index.php?rest_route=%2Fwp%2Fv2%2Fproduct_cat&post=638"},{"taxonomy":"product_tag","embeddable":true,"href":"https:\/\/www.todoparamascotas.co\/index.php?rest_route=%2Fwp%2Fv2%2Fproduct_tag&post=638"}],"curies":[{"name":"wp","href":"https:\/\/api.w.org\/{rel}","templated":true}]}}