{"id":646,"date":"2022-04-26T22:34:30","date_gmt":"2022-04-26T22:34:30","guid":{"rendered":"https:\/\/todoparamascotas.co\/?post_type=product&#038;p=646"},"modified":"2025-08-20T18:25:36","modified_gmt":"2025-08-20T18:25:36","slug":"hemolitan-pet-para-perros-gatos","status":"publish","type":"product","link":"https:\/\/www.todoparamascotas.co\/?product=hemolitan-pet-para-perros-gatos","title":{"rendered":"Hemolitan Pet para Perros Gatos"},"content":{"rendered":"<div class=\"wpb-content-wrapper\"><p>[vc_row][vc_column][vc_column_text]<\/p>\n<h3><span style=\"font-size: 16px;\">\u00bfQu\u00e9 es <strong>Hemolitan Pet<\/strong>?<\/span><\/h3>\n<p>Hemolitan Pet es un suplemento vitam\u00ednico, mineral l\u00edquido que contiene vitaminas B1, B2, B6, B12, K. Su formulaci\u00f3n con vitaminas y oligoelementos participan directa e indirectamente del metabolismo celular, principalmente de c\u00e9lulas sangu\u00edneas y de otras de r\u00e1pida multiplicaci\u00f3n.<\/p>\n<h3><span style=\"font-size: 16px;\">\u00bfPara qu\u00e9 sirve <strong>Hemolitan Pet<\/strong>?<\/span><\/h3>\n<p>Est\u00e1 indicado en para perros, gatos, must\u00e9lidos, aves, roedores, reptiles como vitam\u00ednico y mineral durante la fase de crecimiento de los animales elementos esenciales para la mejora del estado nutricional.<\/p>\n<h3><span style=\"font-size: 16px;\">\u00bfC\u00f3mo usar <strong>Hemolitan Pet<\/strong>?<\/span><\/h3>\n<p><strong>En caninos y felinos<\/strong> se debe administrar 1 gota de Hemolitan Pet por cada Kg. de peso, dos veces al d\u00eda, o 1 ml para cada 10 Kg. de peso, dos veces al d\u00eda.<\/p>\n<p><strong>Aves, roedores y reptiles<\/strong>: diluir 20 gotas en un litro de agua de bebida, o 2 gotas en 100 mL de agua.[\/vc_column_text][\/vc_column][\/vc_row]<\/p>\n<\/div>","protected":false},"excerpt":{"rendered":"<p>Hemolitan Pet vitaminas y minerales en alta concentraci\u00f3n<\/p>\n","protected":false},"featured_media":647,"comment_status":"open","ping_status":"closed","template":"","meta":[],"product_brand":[],"product_cat":[72],"product_tag":[],"class_list":{"0":"post-646","1":"product","2":"type-product","3":"status-publish","4":"has-post-thumbnail","6":"product_cat-suplementos","8":"first","9":"outofstock","10":"shipping-taxable","11":"purchasable","12":"product-type-variable"},"jetpack_sharing_enabled":true,"_links":{"self":[{"href":"https:\/\/www.todoparamascotas.co\/index.php?rest_route=\/wp\/v2\/product\/646","targetHints":{"allow":["GET"]}}],"collection":[{"href":"https:\/\/www.todoparamascotas.co\/index.php?rest_route=\/wp\/v2\/product"}],"about":[{"href":"https:\/\/www.todoparamascotas.co\/index.php?rest_route=\/wp\/v2\/types\/product"}],"replies":[{"embeddable":true,"href":"https:\/\/www.todoparamascotas.co\/index.php?rest_route=%2Fwp%2Fv2%2Fcomments&post=646"}],"wp:featuredmedia":[{"embeddable":true,"href":"https:\/\/www.todoparamascotas.co\/index.php?rest_route=\/wp\/v2\/media\/647"}],"wp:attachment":[{"href":"https:\/\/www.todoparamascotas.co\/index.php?rest_route=%2Fwp%2Fv2%2Fmedia&parent=646"}],"wp:term":[{"taxonomy":"product_brand","embeddable":true,"href":"https:\/\/www.todoparamascotas.co\/index.php?rest_route=%2Fwp%2Fv2%2Fproduct_brand&post=646"},{"taxonomy":"product_cat","embeddable":true,"href":"https:\/\/www.todoparamascotas.co\/index.php?rest_route=%2Fwp%2Fv2%2Fproduct_cat&post=646"},{"taxonomy":"product_tag","embeddable":true,"href":"https:\/\/www.todoparamascotas.co\/index.php?rest_route=%2Fwp%2Fv2%2Fproduct_tag&post=646"}],"curies":[{"name":"wp","href":"https:\/\/api.w.org\/{rel}","templated":true}]}}