{"id":648,"date":"2022-04-26T22:48:43","date_gmt":"2022-04-26T22:48:43","guid":{"rendered":"https:\/\/todoparamascotas.co\/?post_type=product&#038;p=648"},"modified":"2025-08-20T18:19:49","modified_gmt":"2025-08-20T18:19:49","slug":"pomada-antiflogistica-antiseptica-mamiland","status":"publish","type":"product","link":"https:\/\/www.todoparamascotas.co\/?product=pomada-antiflogistica-antiseptica-mamiland","title":{"rendered":"Pomada Antiflog\u00edstica Antis\u00e9ptica Mamiland"},"content":{"rendered":"<div class=\"wpb-content-wrapper\"><p>[vc_row][vc_column][vc_column_text]<\/p>\n<h3><span style=\"font-size: 16px;\">\u00bfQu\u00e9 es <strong>Mamiland<\/strong>?<\/span><\/h3>\n<p>Es un unguento compuesto por Benzoca\u00edna, esencia de Trementina, Fenol, Alanto\u00edna, \u00d3xido de zinc, Alcanfor, Mentol, esencia de Eucaliptus, Parafina pomada. Sirve como antis\u00e9tico, antiflog\u00edstico, anest\u00e9sico y cicatrizante.<\/p>\n<h3><span style=\"font-size: 16px;\">\u00bfPara qu\u00e9 sirve <strong>Mamiland<\/strong>?<\/span><\/h3>\n<p>Para heridas de la piel, laceraciones o raspaduras, inflamaciones externas, heridas de la ubre y pezones, bien sea, de origen traum\u00e1tico (golpes, accidentes) o como consecuencia de las lesiones del tejido en la gl\u00e1ndula mamaria por enfermedades infecciosas, por agrietamiento de los pezones o como consecuencia del orde\u00f1o o manipulaci\u00f3n de los mismos.<\/p>\n<h3><span style=\"font-size: 16px;\">\u00bfC\u00f3mo usar <strong>Mamiland<\/strong>?<\/span><\/h3>\n<p>Lavar el \u00e1rea afectada y aplicar 2 veces al d\u00eda. En pezones y ubres antes y despu\u00e9s del orde\u00f1o.[\/vc_column_text][\/vc_column][\/vc_row]<\/p>\n<\/div>","protected":false},"excerpt":{"rendered":"<p>Pomada antis\u00e9ptica, antiflog\u00edstica, anest\u00e9sica y cicatrizante para bovinos, equinos, porcinos, ovinos, caprinos y caninos<\/p>\n","protected":false},"featured_media":649,"comment_status":"open","ping_status":"closed","template":"","meta":[],"product_brand":[],"product_cat":[15],"product_tag":[],"class_list":{"0":"post-648","1":"product","2":"type-product","3":"status-publish","4":"has-post-thumbnail","6":"product_cat-uncategorized","8":"first","9":"outofstock","10":"shipping-taxable","11":"purchasable","12":"product-type-variable"},"jetpack_sharing_enabled":true,"_links":{"self":[{"href":"https:\/\/www.todoparamascotas.co\/index.php?rest_route=\/wp\/v2\/product\/648","targetHints":{"allow":["GET"]}}],"collection":[{"href":"https:\/\/www.todoparamascotas.co\/index.php?rest_route=\/wp\/v2\/product"}],"about":[{"href":"https:\/\/www.todoparamascotas.co\/index.php?rest_route=\/wp\/v2\/types\/product"}],"replies":[{"embeddable":true,"href":"https:\/\/www.todoparamascotas.co\/index.php?rest_route=%2Fwp%2Fv2%2Fcomments&post=648"}],"wp:featuredmedia":[{"embeddable":true,"href":"https:\/\/www.todoparamascotas.co\/index.php?rest_route=\/wp\/v2\/media\/649"}],"wp:attachment":[{"href":"https:\/\/www.todoparamascotas.co\/index.php?rest_route=%2Fwp%2Fv2%2Fmedia&parent=648"}],"wp:term":[{"taxonomy":"product_brand","embeddable":true,"href":"https:\/\/www.todoparamascotas.co\/index.php?rest_route=%2Fwp%2Fv2%2Fproduct_brand&post=648"},{"taxonomy":"product_cat","embeddable":true,"href":"https:\/\/www.todoparamascotas.co\/index.php?rest_route=%2Fwp%2Fv2%2Fproduct_cat&post=648"},{"taxonomy":"product_tag","embeddable":true,"href":"https:\/\/www.todoparamascotas.co\/index.php?rest_route=%2Fwp%2Fv2%2Fproduct_tag&post=648"}],"curies":[{"name":"wp","href":"https:\/\/api.w.org\/{rel}","templated":true}]}}