{"id":654,"date":"2022-04-27T23:42:30","date_gmt":"2022-04-27T23:42:30","guid":{"rendered":"https:\/\/todoparamascotas.co\/?post_type=product&#038;p=654"},"modified":"2024-03-23T22:14:51","modified_gmt":"2024-03-23T22:14:51","slug":"qtycon-x-30-gr","status":"publish","type":"product","link":"https:\/\/www.todoparamascotas.co\/?product=qtycon-x-30-gr","title":{"rendered":"Qtycon X 30 gr"},"content":{"rendered":"<div class=\"wpb-content-wrapper\"><p>[vc_row][vc_column][vc_column_text]<\/p>\n<h3><span style=\"font-size: 16px;\">\u00bfQu\u00e9 es <strong>Qtycon<\/strong>?<\/span><\/h3>\n<p>Qtycon es una crema dermatol\u00f3gica con acci\u00f3n bactericida, fungicida y antiinflamatoria indicada en bovinos, equinos, ovinos, porcinos y caninos para el tratamiento de las afecciones e inflamaciones de la piel.<\/p>\n<h3><span style=\"font-size: 16px;\">\u00bfPara qu\u00e9 sirve <strong>Qtycon<\/strong>?<\/span><\/h3>\n<p>Indicada como antibacteriano, antimic\u00f3tico y antiinflamatorio t\u00f3pico, para el tratamiento de infecciones causadas por: Trychophyton verrucosum, T. mentagrophytes, Epidermophyton flocosum, Mycrosporum canis, Candida albicans, Staphylococcus sp., Streptococcus sp., Proteus sp., Aerobacter sp., Escherichia coli, Klebsiella sp., Shigella sp.<\/p>\n<h3><span style=\"font-size: 16px;\">\u00bfC\u00f3mo utilizar <strong>Qtycon<\/strong>?<\/span><\/h3>\n<p>Aplicaci\u00f3n t\u00f3pica sobre la piel en la zona afectada, distribuyendo homog\u00e9neamente para asegurar buen contacto, por 2 a 3 veces al d\u00eda, hasta la desaparici\u00f3n de los s\u00edntomas o seg\u00fan criterio del m\u00e9dico veterinario.[\/vc_column_text][\/vc_column][\/vc_row]<\/p>\n<\/div>","protected":false},"excerpt":{"rendered":"<p>Crema dermatol\u00f3gica de aplicaci\u00f3n t\u00f3pica, con acci\u00f3n antibacteriana, antimic\u00f3tica y antiinflamatoria para el tratamiento de afecciones de la piel<\/p>\n","protected":false},"featured_media":655,"comment_status":"open","ping_status":"closed","template":"","meta":[],"product_brand":[],"product_cat":[96],"product_tag":[],"class_list":{"0":"post-654","1":"product","2":"type-product","3":"status-publish","4":"has-post-thumbnail","6":"product_cat-dermatologicos","8":"first","9":"outofstock","10":"shipping-taxable","11":"purchasable","12":"product-type-simple"},"jetpack_sharing_enabled":true,"_links":{"self":[{"href":"https:\/\/www.todoparamascotas.co\/index.php?rest_route=\/wp\/v2\/product\/654","targetHints":{"allow":["GET"]}}],"collection":[{"href":"https:\/\/www.todoparamascotas.co\/index.php?rest_route=\/wp\/v2\/product"}],"about":[{"href":"https:\/\/www.todoparamascotas.co\/index.php?rest_route=\/wp\/v2\/types\/product"}],"replies":[{"embeddable":true,"href":"https:\/\/www.todoparamascotas.co\/index.php?rest_route=%2Fwp%2Fv2%2Fcomments&post=654"}],"wp:featuredmedia":[{"embeddable":true,"href":"https:\/\/www.todoparamascotas.co\/index.php?rest_route=\/wp\/v2\/media\/655"}],"wp:attachment":[{"href":"https:\/\/www.todoparamascotas.co\/index.php?rest_route=%2Fwp%2Fv2%2Fmedia&parent=654"}],"wp:term":[{"taxonomy":"product_brand","embeddable":true,"href":"https:\/\/www.todoparamascotas.co\/index.php?rest_route=%2Fwp%2Fv2%2Fproduct_brand&post=654"},{"taxonomy":"product_cat","embeddable":true,"href":"https:\/\/www.todoparamascotas.co\/index.php?rest_route=%2Fwp%2Fv2%2Fproduct_cat&post=654"},{"taxonomy":"product_tag","embeddable":true,"href":"https:\/\/www.todoparamascotas.co\/index.php?rest_route=%2Fwp%2Fv2%2Fproduct_tag&post=654"}],"curies":[{"name":"wp","href":"https:\/\/api.w.org\/{rel}","templated":true}]}}