{"id":658,"date":"2022-05-04T21:00:09","date_gmt":"2022-05-04T21:00:09","guid":{"rendered":"https:\/\/todoparamascotas.co\/?post_type=product&#038;p=658"},"modified":"2024-03-29T21:45:29","modified_gmt":"2024-03-29T21:45:29","slug":"shampoo-keto-clean","status":"publish","type":"product","link":"https:\/\/www.todoparamascotas.co\/?product=shampoo-keto-clean","title":{"rendered":"Shampoo Keto Clean"},"content":{"rendered":"<div class=\"wpb-content-wrapper\"><p>[vc_row][vc_column][vc_column_text]<\/p>\n<h3><span style=\"font-size: 16px;\">\u00bfQu\u00e9 es <strong>Keto Clean<\/strong>?<\/span><\/h3>\n<p>Es un antimic\u00f3tico t\u00f3pico en forma de champ\u00fa a base de Ketoconazol 2%. El Ketoconazol es un f\u00e1rmaco antimic\u00f3tico az\u00f3lico, de la clase imidazol, en la cual se encuentran Clotrimazol, Miconazol, Econazol, Oxiconazol, Sulconazol, Bifonazol, Tioconazol, Fluconazol e Itraconazol como los m\u00e1s importantes. La absorci\u00f3n cut\u00e1nea es m\u00ednima sin que se puedan detectar niveles de Ketoconazol en sangre aun despu\u00e9s de su uso prolongado. Por esto, no se prev\u00e9 ning\u00fan efecto sist\u00e9mico. Al ser mucho m\u00e1s importante el ergosterol para la pared de los hongos que para la de las c\u00e9lulas animales, y debido a la mayor afinidad de los primeros por los azoles, se explica la acci\u00f3n selectiva del Ketoconazol, la falta de ergosterol altera la permeabilidad de las membranas de los hongos lo que lleva a una desestructuraci\u00f3n de los org\u00e1nulos intracelulares y de la capacidad de divisi\u00f3n.<\/p>\n<p>El champ\u00fa Keto Clean disminuye en poco tiempo las escamas y el prurito asociado con la dermatitis seborreica.<\/p>\n<h3><span style=\"font-size: 16px;\">\u00bfPara qu\u00e9 sirve <strong>Keto Clean<\/strong>?<\/span><\/h3>\n<p>Keto Clean Shampoo est\u00e1 indicado, en perros, gatos y equinos para la limpieza del pelaje, regulador de pH y control de microorganismos de origen f\u00fangico ocasionadas por: Microsporum canis, Microsporum gypseum, Trichophyton mentagrophytes, Trichophyton tonsurans, Trichophyton rubrum, Trichophyton verrucosum, Malassezia pachydermatis, Epidermophyton floccosum, Candida albicans.<\/p>\n<h3><span style=\"font-size: 16px;\">\u00bfC\u00f3mo usar shampoo <strong>Keto Clean<\/strong>?<\/span><\/h3>\n<p>Primero mojar completamente el pelo y la piel del animal.<\/p>\n<p>En segundo lugar, aplicar Keto Clean Shampoo, en cantidad suficiente, dando masaje vigoroso.<\/p>\n<p>La frecuencia y la duraci\u00f3n del tratamiento quedan a criterio del M\u00e9dico Veterinario.[\/vc_column_text][\/vc_column][\/vc_row]<\/p>\n<\/div>","protected":false},"excerpt":{"rendered":"<p>Keto Clean es un antimic\u00f3tico t\u00f3pico en forma de champ\u00fa a base de Ketoconazol 2%. Limpieza del pelaje, regulador de pH y control de microorganismos de origen f\u00fangico<\/p>\n","protected":false},"featured_media":659,"comment_status":"open","ping_status":"closed","template":"","meta":[],"product_brand":[],"product_cat":[78],"product_tag":[],"class_list":{"0":"post-658","1":"product","2":"type-product","3":"status-publish","4":"has-post-thumbnail","6":"product_cat-shampoo","8":"first","9":"instock","10":"shipping-taxable","11":"purchasable","12":"product-type-simple"},"jetpack_sharing_enabled":true,"_links":{"self":[{"href":"https:\/\/www.todoparamascotas.co\/index.php?rest_route=\/wp\/v2\/product\/658","targetHints":{"allow":["GET"]}}],"collection":[{"href":"https:\/\/www.todoparamascotas.co\/index.php?rest_route=\/wp\/v2\/product"}],"about":[{"href":"https:\/\/www.todoparamascotas.co\/index.php?rest_route=\/wp\/v2\/types\/product"}],"replies":[{"embeddable":true,"href":"https:\/\/www.todoparamascotas.co\/index.php?rest_route=%2Fwp%2Fv2%2Fcomments&post=658"}],"wp:featuredmedia":[{"embeddable":true,"href":"https:\/\/www.todoparamascotas.co\/index.php?rest_route=\/wp\/v2\/media\/659"}],"wp:attachment":[{"href":"https:\/\/www.todoparamascotas.co\/index.php?rest_route=%2Fwp%2Fv2%2Fmedia&parent=658"}],"wp:term":[{"taxonomy":"product_brand","embeddable":true,"href":"https:\/\/www.todoparamascotas.co\/index.php?rest_route=%2Fwp%2Fv2%2Fproduct_brand&post=658"},{"taxonomy":"product_cat","embeddable":true,"href":"https:\/\/www.todoparamascotas.co\/index.php?rest_route=%2Fwp%2Fv2%2Fproduct_cat&post=658"},{"taxonomy":"product_tag","embeddable":true,"href":"https:\/\/www.todoparamascotas.co\/index.php?rest_route=%2Fwp%2Fv2%2Fproduct_tag&post=658"}],"curies":[{"name":"wp","href":"https:\/\/api.w.org\/{rel}","templated":true}]}}