{"id":660,"date":"2022-05-04T23:25:32","date_gmt":"2022-05-04T23:25:32","guid":{"rendered":"https:\/\/todoparamascotas.co\/?post_type=product&#038;p=660"},"modified":"2023-12-13T22:07:16","modified_gmt":"2023-12-13T22:07:16","slug":"spirulina-pets-120-ml","status":"publish","type":"product","link":"https:\/\/www.todoparamascotas.co\/?product=spirulina-pets-120-ml","title":{"rendered":"Spirulina Pets 120 ml"},"content":{"rendered":"<div class=\"wpb-content-wrapper\"><p>[vc_row][vc_column][vc_column_text]<\/p>\n<h3><span style=\"font-size: 16px;\">\u00bfQu\u00e9 es <strong>Spirulina Pets<\/strong>?<\/span><\/h3>\n<p>Spirulina Pets, es un fitonutriente para perros y gatos a base de espirulina pura, concentrado de aminoacidos, vitaminas, minerales y \u00e1cidos grasos omega 3 y 6.<\/p>\n<p>Denominada por la organizaci\u00f3n mundial de la salud como un superalimento, entre otras razones, por su alto contenido en prote\u00edna, hierro y nutrientes esenciales, es capaz de aportar as\u00ed una garant\u00eda prote\u00ednica significativa de origen natural.<\/p>\n<h3><span style=\"font-size: 16px;\">\u00bfPara qu\u00e9 sirve <strong>Spirulina Pets<\/strong>?<\/span><\/h3>\n<p>Suplemento alimenticio con espirulina y aminoacidos para perros y gatos de todas las razas y edades.<\/p>\n<p>Por su contenido de ficocianinas, est\u00e1 indicado como inmunomodulador y regulador de las funciones digestivas.<\/p>\n<p>De igual forma, por su alto contenido de omegas 3 y 6, \u00e1cidos grasos poliinsaturados, contribuye en el buen funcionamiento de los sistemas cardiovascular y nervioso.<\/p>\n<h3><span style=\"font-size: 16px;\">\u00bfC\u00f3mo se usa <strong>Spirulina Pets<\/strong>?<\/span><\/h3>\n<p>Oral, una vez al d\u00eda directamente o mezclado con la raci\u00f3n alimenticia durante 30 a 60 d\u00edas o seg\u00fan el criterio del m\u00e9dico veterinario. 2.5 ml por cada 10 kilos de peso.[\/vc_column_text][\/vc_column][\/vc_row]<\/p>\n<\/div>","protected":false},"excerpt":{"rendered":"<p>Suplemento alimenticio con espirulina y aminoacidos para perros y gatos de todas las razas y edades<\/p>\n","protected":false},"featured_media":661,"comment_status":"open","ping_status":"closed","template":"","meta":[],"product_brand":[],"product_cat":[72],"product_tag":[],"class_list":{"0":"post-660","1":"product","2":"type-product","3":"status-publish","4":"has-post-thumbnail","6":"product_cat-suplementos","8":"first","9":"instock","10":"shipping-taxable","11":"purchasable","12":"product-type-simple"},"jetpack_sharing_enabled":true,"_links":{"self":[{"href":"https:\/\/www.todoparamascotas.co\/index.php?rest_route=\/wp\/v2\/product\/660","targetHints":{"allow":["GET"]}}],"collection":[{"href":"https:\/\/www.todoparamascotas.co\/index.php?rest_route=\/wp\/v2\/product"}],"about":[{"href":"https:\/\/www.todoparamascotas.co\/index.php?rest_route=\/wp\/v2\/types\/product"}],"replies":[{"embeddable":true,"href":"https:\/\/www.todoparamascotas.co\/index.php?rest_route=%2Fwp%2Fv2%2Fcomments&post=660"}],"wp:featuredmedia":[{"embeddable":true,"href":"https:\/\/www.todoparamascotas.co\/index.php?rest_route=\/wp\/v2\/media\/661"}],"wp:attachment":[{"href":"https:\/\/www.todoparamascotas.co\/index.php?rest_route=%2Fwp%2Fv2%2Fmedia&parent=660"}],"wp:term":[{"taxonomy":"product_brand","embeddable":true,"href":"https:\/\/www.todoparamascotas.co\/index.php?rest_route=%2Fwp%2Fv2%2Fproduct_brand&post=660"},{"taxonomy":"product_cat","embeddable":true,"href":"https:\/\/www.todoparamascotas.co\/index.php?rest_route=%2Fwp%2Fv2%2Fproduct_cat&post=660"},{"taxonomy":"product_tag","embeddable":true,"href":"https:\/\/www.todoparamascotas.co\/index.php?rest_route=%2Fwp%2Fv2%2Fproduct_tag&post=660"}],"curies":[{"name":"wp","href":"https:\/\/api.w.org\/{rel}","templated":true}]}}