{"id":674,"date":"2022-05-18T20:08:13","date_gmt":"2022-05-18T20:08:13","guid":{"rendered":"https:\/\/todoparamascotas.co\/?post_type=product&#038;p=674"},"modified":"2024-11-05T17:18:01","modified_gmt":"2024-11-05T17:18:01","slug":"frontline-spray-antiparasitario-perros-y-gatos-100-ml","status":"publish","type":"product","link":"https:\/\/www.todoparamascotas.co\/?product=frontline-spray-antiparasitario-perros-y-gatos-100-ml","title":{"rendered":"Frontline Spray Antiparasitario Perros y Gatos 100 ml"},"content":{"rendered":"<div class=\"wpb-content-wrapper\"><p>[vc_row][vc_column][vc_column_text]<\/p>\n<h3><span style=\"font-size: 16px;\">\u00bfQu\u00e9 es <strong>Frontline Spray<\/strong>?<\/span><\/h3>\n<p>Frontline es un ectoparasiticida en soluci\u00f3n t\u00f3pica de m\u00e1xima seguridad. Es un antiparasitario de acci\u00f3n inmediata y m\u00e1s segura para perros y gatos. Act\u00faa con velocidad en las primeras 4 horas tras la aplicaci\u00f3n matando pulgas, garrapatas y piojos.<\/p>\n<h3><span style=\"font-size: 16px;\">\u00bfPara qu\u00e9 sirve <strong>Frontline Spray<\/strong>?<\/span><\/h3>\n<p>Para el control y prevenci\u00f3n de infestaciones por pulgas, piojos y garrapatas de los perros y gatos, desde los 2 d\u00edas de edad.<\/p>\n<p>Para los perros el producto es activo y de acci\u00f3n persistente contra las pulgas y piojos durante hasta 3 meses y contra las garrapatas hasta 5 semanas seg\u00fan la infestaci\u00f3n parasitaria ambiental.<\/p>\n<p>En los gatos, la protecci\u00f3n contra pulgas y piojos dura hasta 6 semanas.<\/p>\n<h3><span style=\"font-size: 16px;\">\u00bfC\u00f3mo se usa <strong>Frontline Spray<\/strong>?<\/span><\/h3>\n<ul>\n<li>Pulveriz\u00e1 sobre toda la superficie del cuerpo manteniendo el frasco a 10-20 cm de distancia con el fin de dejar penetrar el producto en la piel.<\/li>\n<li>Dej\u00e1 secar naturalmente y no uses toalla.<\/li>\n<li>Dosis indicada: 6 a 12 pulverizaciones por kg de peso (frasco 100 ml) y de 2 a 4 pulverizaciones por kg de peso (frasco 250 ml).<\/li>\n<\/ul>\n<p>[\/vc_column_text][\/vc_column][\/vc_row]<\/p>\n<\/div>","protected":false},"excerpt":{"rendered":"<p>Frontline Spray antiparasitario tratamiento y prevenci\u00f3n de las infestaciones por pulgas y garrapatas en perros y gatos.<\/p>\n","protected":false},"featured_media":676,"comment_status":"open","ping_status":"closed","template":"","meta":[],"product_brand":[],"product_cat":[73],"product_tag":[],"class_list":{"0":"post-674","1":"product","2":"type-product","3":"status-publish","4":"has-post-thumbnail","6":"product_cat-antiparasitarios","8":"first","9":"outofstock","10":"shipping-taxable","11":"purchasable","12":"product-type-simple"},"jetpack_sharing_enabled":true,"_links":{"self":[{"href":"https:\/\/www.todoparamascotas.co\/index.php?rest_route=\/wp\/v2\/product\/674","targetHints":{"allow":["GET"]}}],"collection":[{"href":"https:\/\/www.todoparamascotas.co\/index.php?rest_route=\/wp\/v2\/product"}],"about":[{"href":"https:\/\/www.todoparamascotas.co\/index.php?rest_route=\/wp\/v2\/types\/product"}],"replies":[{"embeddable":true,"href":"https:\/\/www.todoparamascotas.co\/index.php?rest_route=%2Fwp%2Fv2%2Fcomments&post=674"}],"wp:featuredmedia":[{"embeddable":true,"href":"https:\/\/www.todoparamascotas.co\/index.php?rest_route=\/wp\/v2\/media\/676"}],"wp:attachment":[{"href":"https:\/\/www.todoparamascotas.co\/index.php?rest_route=%2Fwp%2Fv2%2Fmedia&parent=674"}],"wp:term":[{"taxonomy":"product_brand","embeddable":true,"href":"https:\/\/www.todoparamascotas.co\/index.php?rest_route=%2Fwp%2Fv2%2Fproduct_brand&post=674"},{"taxonomy":"product_cat","embeddable":true,"href":"https:\/\/www.todoparamascotas.co\/index.php?rest_route=%2Fwp%2Fv2%2Fproduct_cat&post=674"},{"taxonomy":"product_tag","embeddable":true,"href":"https:\/\/www.todoparamascotas.co\/index.php?rest_route=%2Fwp%2Fv2%2Fproduct_tag&post=674"}],"curies":[{"name":"wp","href":"https:\/\/api.w.org\/{rel}","templated":true}]}}