{"id":677,"date":"2022-05-18T20:39:30","date_gmt":"2022-05-18T20:39:30","guid":{"rendered":"https:\/\/todoparamascotas.co\/?post_type=product&#038;p=677"},"modified":"2025-08-20T18:13:40","modified_gmt":"2025-08-20T18:13:40","slug":"mirrapel-suplemento-nutricional-para-perros-y-gatos-x-300-g","status":"publish","type":"product","link":"https:\/\/www.todoparamascotas.co\/?product=mirrapel-suplemento-nutricional-para-perros-y-gatos-x-300-g","title":{"rendered":"Mirrapel Suplemento Nutricional para Perros y Gatos x 300 g"},"content":{"rendered":"<div class=\"wpb-content-wrapper\"><p>[vc_row][vc_column][vc_column_text]<\/p>\n<h3><span style=\"font-size: 16px;\">\u00bfQu\u00e9 es <strong>Mirrapel<\/strong> en <strong>polvo<\/strong>?<\/span><\/h3>\n<p>Mirrapel es un suplemento alimenticio en polvo a base de \u00e1cidos grasos esenciales, vitaminas y minerales, colina, lecitina e inositol para mejorar la salud de perros, gatos, conejos y animales de peleter\u00eda. Contiene un comprobado desodorizador de heces, de origen naturista que ayuda a reducir el olor agresivo t\u00edpico de las heces mediante la acci\u00f3n del extracto de la planta Yucca schidigera. Asimismo contiene, Vitaminas A, D3, E, C, riboflavina, niacina, piridoxina, biotina; colina, lecitina, inositol; zinc, azufre, selenio; \u00e1cido oleico, \u00e1cido linoleico, \u00e1cido alfa-linol\u00e9nico entre otros.<\/p>\n<h3><span style=\"font-size: 16px;\">\u00bfPara qu\u00e9 sirve <strong>Mirrapel<\/strong> en <strong>polvo<\/strong>?<\/span><\/h3>\n<p>Disminuye el mal olor de la materia fecal.<br \/>\nControla la ca\u00edda del pelo.<br \/>\nPreviene problemas dermatol\u00f3gicos.<br \/>\nAyuda al control de la comez\u00f3n o prurito y el mal olor en la piel.<br \/>\nPelo brillante y sano.<br \/>\nFortalece las defensas contra enfermedades.<\/p>\n<h3><span style=\"font-size: 16px;\">\u00bfC\u00f3mo suministrar <strong>Mirrapel<\/strong> en <strong>polvo<\/strong>?<\/span><\/h3>\n<p>Usa Mirrapel Suplemento Nutricional todos los d\u00edas a partir de los 2 meses hasta su vejez, es un polvo palatable que se adhiere muy bien al alimento. Usalo m\u00ednimo de 2 a 3 meses continuos o seg\u00fan indique tu m\u00e9dico veterinario.[\/vc_column_text][\/vc_column][\/vc_row]<\/p>\n<\/div>","protected":false},"excerpt":{"rendered":"<p>Mirrapel es un suplemento nutricional en polvo de suministro diario y oral para tus mascotas. Mascotas saludables y vitales. Protege el h\u00edgado.<\/p>\n","protected":false},"featured_media":678,"comment_status":"open","ping_status":"closed","template":"","meta":[],"product_brand":[],"product_cat":[72],"product_tag":[],"class_list":{"0":"post-677","1":"product","2":"type-product","3":"status-publish","4":"has-post-thumbnail","6":"product_cat-suplementos","8":"first","9":"instock","10":"shipping-taxable","11":"purchasable","12":"product-type-simple"},"jetpack_sharing_enabled":true,"_links":{"self":[{"href":"https:\/\/www.todoparamascotas.co\/index.php?rest_route=\/wp\/v2\/product\/677","targetHints":{"allow":["GET"]}}],"collection":[{"href":"https:\/\/www.todoparamascotas.co\/index.php?rest_route=\/wp\/v2\/product"}],"about":[{"href":"https:\/\/www.todoparamascotas.co\/index.php?rest_route=\/wp\/v2\/types\/product"}],"replies":[{"embeddable":true,"href":"https:\/\/www.todoparamascotas.co\/index.php?rest_route=%2Fwp%2Fv2%2Fcomments&post=677"}],"wp:featuredmedia":[{"embeddable":true,"href":"https:\/\/www.todoparamascotas.co\/index.php?rest_route=\/wp\/v2\/media\/678"}],"wp:attachment":[{"href":"https:\/\/www.todoparamascotas.co\/index.php?rest_route=%2Fwp%2Fv2%2Fmedia&parent=677"}],"wp:term":[{"taxonomy":"product_brand","embeddable":true,"href":"https:\/\/www.todoparamascotas.co\/index.php?rest_route=%2Fwp%2Fv2%2Fproduct_brand&post=677"},{"taxonomy":"product_cat","embeddable":true,"href":"https:\/\/www.todoparamascotas.co\/index.php?rest_route=%2Fwp%2Fv2%2Fproduct_cat&post=677"},{"taxonomy":"product_tag","embeddable":true,"href":"https:\/\/www.todoparamascotas.co\/index.php?rest_route=%2Fwp%2Fv2%2Fproduct_tag&post=677"}],"curies":[{"name":"wp","href":"https:\/\/api.w.org\/{rel}","templated":true}]}}