{"id":679,"date":"2022-05-18T22:02:09","date_gmt":"2022-05-18T22:02:09","guid":{"rendered":"https:\/\/todoparamascotas.co\/?post_type=product&#038;p=679"},"modified":"2025-08-20T18:12:56","modified_gmt":"2025-08-20T18:12:56","slug":"tusivet-jarabe-expectorante-para-perros-y-gatos-120-ml","status":"publish","type":"product","link":"https:\/\/www.todoparamascotas.co\/?product=tusivet-jarabe-expectorante-para-perros-y-gatos-120-ml","title":{"rendered":"Tusivet Jarabe Expectorante para Perros y Gatos 120 ml"},"content":{"rendered":"<div class=\"wpb-content-wrapper\"><p>[vc_row][vc_column][vc_column_text]<\/p>\n<h3><span style=\"font-size: 16px;\">\u00bfQu\u00e9 es jarabe <strong>Tusivet<\/strong>?<\/span><\/h3>\n<p>Jarabe Tusivet es un antitusivo y expectorante para perros y gatos. Es una soluci\u00f3n liquida translucida de color rojo. Indicado en el tratamiento sintom\u00e1tico de toda clase de tos; descongestionante de las v\u00edas respiratorias.<\/p>\n<h3><span style=\"font-size: 16px;\">\u00bfPara qu\u00e9 sirve <strong>Tusivet jarabe<\/strong>?<\/span><\/h3>\n<p>Suprime la tos del animal.<\/p>\n<p>Favorece la expulsi\u00f3n de flemas en tos h\u00fameda.<\/p>\n<p>Est\u00e1 indicado en el tratamiento de tos como consecuencia de enfermedades respiratorias.<\/p>\n<p>Est\u00e1 indicado en el tratamiento de la tos de las perreras. Al disminuir la frecuencia de la tos, mejora el bienestar tanto del amo como de la mascota.<\/p>\n<h3><span style=\"font-size: 16px;\">\u00bfC\u00f3mo suministrar jarabe <strong>Tusivet<\/strong>?<\/span><\/h3>\n<p>Puede ser suministrado puro o diluido en agua, leche o jugo de frutas, preferiblemente despu\u00e9s de las comidas.<\/p>\n<p><strong>Perros y Gatos<\/strong>: 0.5 a 1 mL por Kg de peso. V\u00eda oral. 2 a 4 veces al d\u00eda, por 5 d\u00edas o hasta la desaparici\u00f3n total de los s\u00edntomas.[\/vc_column_text][\/vc_column][\/vc_row]<\/p>\n<\/div>","protected":false},"excerpt":{"rendered":"<p>Jarabe Tusivet es un antitusivo y expectorante. Indicado en el tratamiento sintom\u00e1tico de toda clase de tos en perros y gatos; descongestionante de las v\u00edas respiratorias.<\/p>\n","protected":false},"featured_media":680,"comment_status":"open","ping_status":"closed","template":"","meta":[],"product_brand":[],"product_cat":[82],"product_tag":[],"class_list":{"0":"post-679","1":"product","2":"type-product","3":"status-publish","4":"has-post-thumbnail","6":"product_cat-medicamentos","8":"first","9":"instock","10":"shipping-taxable","11":"purchasable","12":"product-type-simple"},"jetpack_sharing_enabled":true,"_links":{"self":[{"href":"https:\/\/www.todoparamascotas.co\/index.php?rest_route=\/wp\/v2\/product\/679","targetHints":{"allow":["GET"]}}],"collection":[{"href":"https:\/\/www.todoparamascotas.co\/index.php?rest_route=\/wp\/v2\/product"}],"about":[{"href":"https:\/\/www.todoparamascotas.co\/index.php?rest_route=\/wp\/v2\/types\/product"}],"replies":[{"embeddable":true,"href":"https:\/\/www.todoparamascotas.co\/index.php?rest_route=%2Fwp%2Fv2%2Fcomments&post=679"}],"wp:featuredmedia":[{"embeddable":true,"href":"https:\/\/www.todoparamascotas.co\/index.php?rest_route=\/wp\/v2\/media\/680"}],"wp:attachment":[{"href":"https:\/\/www.todoparamascotas.co\/index.php?rest_route=%2Fwp%2Fv2%2Fmedia&parent=679"}],"wp:term":[{"taxonomy":"product_brand","embeddable":true,"href":"https:\/\/www.todoparamascotas.co\/index.php?rest_route=%2Fwp%2Fv2%2Fproduct_brand&post=679"},{"taxonomy":"product_cat","embeddable":true,"href":"https:\/\/www.todoparamascotas.co\/index.php?rest_route=%2Fwp%2Fv2%2Fproduct_cat&post=679"},{"taxonomy":"product_tag","embeddable":true,"href":"https:\/\/www.todoparamascotas.co\/index.php?rest_route=%2Fwp%2Fv2%2Fproduct_tag&post=679"}],"curies":[{"name":"wp","href":"https:\/\/api.w.org\/{rel}","templated":true}]}}