{"id":681,"date":"2022-05-22T20:24:33","date_gmt":"2022-05-22T20:24:33","guid":{"rendered":"https:\/\/todoparamascotas.co\/?post_type=product&#038;p=681"},"modified":"2025-12-01T11:22:10","modified_gmt":"2025-12-01T11:22:10","slug":"nutri-gel-suplemento-alimenticio-para-perros-y-gatos","status":"publish","type":"product","link":"https:\/\/www.todoparamascotas.co\/?product=nutri-gel-suplemento-alimenticio-para-perros-y-gatos","title":{"rendered":"Nutri-gel Suplemento Alimenticio para Perros y Gatos"},"content":{"rendered":"<div class=\"wpb-content-wrapper\"><p>[vc_row][vc_column][vc_column_text]<\/p>\n<h3><span style=\"font-size: 16px;\">\u00bfQu\u00e9 es <strong>Nutri-gel<\/strong>?<\/span><\/h3>\n<p>Nutri-gel es un suplemento alimenticio para perros y gatos de todas las razas y edades en pasta oral. Suplemento con vitaminas, minerales y oligoelementos.<\/p>\n<h3><span style=\"font-size: 16px;\">\u00bfPara qu\u00e9 sirve <strong>Nutri-gel<\/strong>?<\/span><\/h3>\n<p>Como suplemento para perros y gatos que requieran de un aporte extra de energ\u00eda y nutrientes, sin aumentar el volumen de la raci\u00f3n de alimento.<\/p>\n<p>Estimula el apetito gracias a sus componentes. Por su forma farmac\u00e9utica en gel, sus ingredientes son absorbidos m\u00e1s f\u00e1cilmente en el sistema digestivo.<\/p>\n<h3><span style=\"font-size: 16px;\">\u00bfC\u00f3mo se usa <strong>Nutri-gel<\/strong>?<\/span><\/h3>\n<p>Administrar una cucharada de Nutri-gel (6 gr. Aprox.) por cada 5 Kg de peso vivo, dos veces al d\u00eda, directamente en la boca o mezclado en el alimento.[\/vc_column_text][\/vc_column][\/vc_row]<\/p>\n<\/div>","protected":false},"excerpt":{"rendered":"<p>Formulaci\u00f3n balanceada para perros y gatos que requieran de un aporte extra de energ\u00eda y nutrientes, sin aumentar el volumen de la raci\u00f3n de alimento<\/p>\n","protected":false},"featured_media":682,"comment_status":"open","ping_status":"closed","template":"","meta":[],"product_brand":[],"product_cat":[72],"product_tag":[],"class_list":{"0":"post-681","1":"product","2":"type-product","3":"status-publish","4":"has-post-thumbnail","6":"product_cat-suplementos","8":"first","9":"outofstock","10":"shipping-taxable","11":"purchasable","12":"product-type-simple"},"jetpack_sharing_enabled":true,"_links":{"self":[{"href":"https:\/\/www.todoparamascotas.co\/index.php?rest_route=\/wp\/v2\/product\/681","targetHints":{"allow":["GET"]}}],"collection":[{"href":"https:\/\/www.todoparamascotas.co\/index.php?rest_route=\/wp\/v2\/product"}],"about":[{"href":"https:\/\/www.todoparamascotas.co\/index.php?rest_route=\/wp\/v2\/types\/product"}],"replies":[{"embeddable":true,"href":"https:\/\/www.todoparamascotas.co\/index.php?rest_route=%2Fwp%2Fv2%2Fcomments&post=681"}],"wp:featuredmedia":[{"embeddable":true,"href":"https:\/\/www.todoparamascotas.co\/index.php?rest_route=\/wp\/v2\/media\/682"}],"wp:attachment":[{"href":"https:\/\/www.todoparamascotas.co\/index.php?rest_route=%2Fwp%2Fv2%2Fmedia&parent=681"}],"wp:term":[{"taxonomy":"product_brand","embeddable":true,"href":"https:\/\/www.todoparamascotas.co\/index.php?rest_route=%2Fwp%2Fv2%2Fproduct_brand&post=681"},{"taxonomy":"product_cat","embeddable":true,"href":"https:\/\/www.todoparamascotas.co\/index.php?rest_route=%2Fwp%2Fv2%2Fproduct_cat&post=681"},{"taxonomy":"product_tag","embeddable":true,"href":"https:\/\/www.todoparamascotas.co\/index.php?rest_route=%2Fwp%2Fv2%2Fproduct_tag&post=681"}],"curies":[{"name":"wp","href":"https:\/\/api.w.org\/{rel}","templated":true}]}}