{"id":689,"date":"2022-06-01T20:48:25","date_gmt":"2022-06-01T20:48:25","guid":{"rendered":"https:\/\/todoparamascotas.co\/?post_type=product&#038;p=689"},"modified":"2025-08-20T18:11:35","modified_gmt":"2025-08-20T18:11:35","slug":"zoo-micina","status":"publish","type":"product","link":"https:\/\/www.todoparamascotas.co\/?product=zoo-micina","title":{"rendered":"Zoo Micina"},"content":{"rendered":"<div class=\"wpb-content-wrapper\"><p>[vc_row][vc_column][vc_column_text]<\/p>\n<h3><span style=\"font-size: 16px;\">\u00bfQu\u00e9 es <strong>Zoo Micina<\/strong>?<\/span><\/h3>\n<p>Zoo Micina es un tratamiento de las diarreas en perros, terneros y cerdos. Zoo Micina re\u00fane los componentes necesarios para la terapia etiol\u00f3gica y sintom\u00e1tica de la diarrea, eliminando los microorganismos pat\u00f3genos y los agentes irritantes del tracto gastrointestinal, protegiendo la mucosa y reduciendo los procesos inflamatorios. La neomicina act\u00faa como bactericida contra la mayor\u00eda de los g\u00e9rmenes pat\u00f3genos intestinales gram-positivos y gram-negativos. No es inactivada por exudados, enzimas, secreciones gastrointestinales, ni productos intermedios de la digesti\u00f3n o del crecimiento bacterial. Debido a su escasa absorci\u00f3n por el tracto intestinal, no ejerce acci\u00f3n sist\u00e9mica y su actividad se centraliza en el tubo digestivo.<\/p>\n<h3><span style=\"font-size: 16px;\">\u00bfPara qu\u00e9 sirve <strong>Zoo Micina<\/strong>?<\/span><\/h3>\n<p>Como tratamiento de las diarreas causadas por los siguientes agentes pat\u00f3genos: Escherichia coli, Aerobacter sp., Klebsiella sp., Shigella sp. y Proteus sp. En los casos de gastroenteritis, disenter\u00eda bacilar, colibacilosis, diarreas inespec\u00edficas y diarreas del reci\u00e9n nacido.<\/p>\n<p>Se indica en las fermentaciones intestinales anormales de origen bacterial y como profil\u00e1ctico en diarreas de origen viral, como las producidas por parvovirus en caninos, con el fin de evitar infecciones bacterianas secundarias y disminuir la diarrea para contrarrestar la deshidrataci\u00f3n.<\/p>\n<h3><span style=\"font-size: 16px;\">\u00bfC\u00f3mo se usa <strong>Zoo Micina<\/strong>?<\/span><\/h3>\n<p>Se suministra v\u00eda oral 2 mL\/kg de peso, cada 6 horas durante 3 d\u00edas seguidos como m\u00ednimo.<\/p>\n<p>Dosificar seg\u00fan el siguiente cuadro:[\/vc_column_text][\/vc_column][\/vc_row]<\/p>\n<\/div>","protected":false},"excerpt":{"rendered":"<p>Tratamiento de las diarreas en perros, terneros y cerdos causadas por agentes pat\u00f3genos<\/p>\n","protected":false},"featured_media":690,"comment_status":"open","ping_status":"closed","template":"","meta":[],"product_brand":[],"product_cat":[15],"product_tag":[],"class_list":{"0":"post-689","1":"product","2":"type-product","3":"status-publish","4":"has-post-thumbnail","6":"product_cat-uncategorized","8":"first","9":"outofstock","10":"shipping-taxable","11":"purchasable","12":"product-type-simple"},"jetpack_sharing_enabled":true,"_links":{"self":[{"href":"https:\/\/www.todoparamascotas.co\/index.php?rest_route=\/wp\/v2\/product\/689","targetHints":{"allow":["GET"]}}],"collection":[{"href":"https:\/\/www.todoparamascotas.co\/index.php?rest_route=\/wp\/v2\/product"}],"about":[{"href":"https:\/\/www.todoparamascotas.co\/index.php?rest_route=\/wp\/v2\/types\/product"}],"replies":[{"embeddable":true,"href":"https:\/\/www.todoparamascotas.co\/index.php?rest_route=%2Fwp%2Fv2%2Fcomments&post=689"}],"wp:featuredmedia":[{"embeddable":true,"href":"https:\/\/www.todoparamascotas.co\/index.php?rest_route=\/wp\/v2\/media\/690"}],"wp:attachment":[{"href":"https:\/\/www.todoparamascotas.co\/index.php?rest_route=%2Fwp%2Fv2%2Fmedia&parent=689"}],"wp:term":[{"taxonomy":"product_brand","embeddable":true,"href":"https:\/\/www.todoparamascotas.co\/index.php?rest_route=%2Fwp%2Fv2%2Fproduct_brand&post=689"},{"taxonomy":"product_cat","embeddable":true,"href":"https:\/\/www.todoparamascotas.co\/index.php?rest_route=%2Fwp%2Fv2%2Fproduct_cat&post=689"},{"taxonomy":"product_tag","embeddable":true,"href":"https:\/\/www.todoparamascotas.co\/index.php?rest_route=%2Fwp%2Fv2%2Fproduct_tag&post=689"}],"curies":[{"name":"wp","href":"https:\/\/api.w.org\/{rel}","templated":true}]}}