{"id":691,"date":"2022-06-04T19:41:05","date_gmt":"2022-06-04T19:41:05","guid":{"rendered":"https:\/\/todoparamascotas.co\/?post_type=product&#038;p=691"},"modified":"2025-08-20T18:11:00","modified_gmt":"2025-08-20T18:11:00","slug":"viusid-suplemento-nutricional-x-150-ml","status":"publish","type":"product","link":"https:\/\/www.todoparamascotas.co\/?product=viusid-suplemento-nutricional-x-150-ml","title":{"rendered":"Viusid Suplemento Nutricional x 150 ml"},"content":{"rendered":"<div class=\"wpb-content-wrapper\"><p>[vc_row][vc_column][vc_column_text]<\/p>\n<h3><span style=\"font-size: 16px;\">\u00bfQu\u00e9 es <strong>Viusid<\/strong>?<\/span><\/h3>\n<p>Es un alimento complementario con propiedades inmunoestimulantes, hepatoprotectoras y antivirales. Viusid pets es un preparado nutricional compuesto por antioxidantes, vitaminas, oligoelementos y un componente que se extrae de la ra\u00edz del regaliz (\u00e1cido glicirric\u00ednico) con propiedades antivirales. Est\u00e1 especialmente dise\u00f1ado para el aumento de las defensas inmunol\u00f3gicas. Ideal por lo tanto en todos aquellos procesos que causan inmunodeficiencia.<\/p>\n<h3><span style=\"font-size: 16px;\">\u00bfPara qu\u00e9 sirve <strong>Viusid<\/strong>?<\/span><\/h3>\n<p>Es de sobra conocido que el aporte de nutrientes con car\u00e1cter antioxidante es fundamental para garantizar el correcto funcionamiento del sistema inmunol\u00f3gico. Viusid constituye en este sentido una garant\u00eda.<\/p>\n<p>Aumenta de forma natural la respuesta antiviral. Viusid aumenta la capacidad natural de respuesta inmune de los animales.<\/p>\n<h3><span style=\"font-size: 16px;\">\u00bfC\u00f3mo se usa <strong>Viusid<\/strong>?<\/span><\/h3>\n<p><strong>Perros y Gatos<\/strong>: 1 mL por cada 5 kg de peso cada 12 horas.<\/p>\n<p><strong>Otras Mascotas<\/strong>: 1 mL cada 12 horas.[\/vc_column_text][\/vc_column][\/vc_row]<\/p>\n<\/div>","protected":false},"excerpt":{"rendered":"<p>Potente hepatoprotector, estimulante del apetito, antiviral e inmunoestimulante para perros, gatos y aves ornamentales<\/p>\n","protected":false},"featured_media":692,"comment_status":"open","ping_status":"closed","template":"","meta":[],"product_brand":[],"product_cat":[72],"product_tag":[],"class_list":{"0":"post-691","1":"product","2":"type-product","3":"status-publish","4":"has-post-thumbnail","6":"product_cat-suplementos","8":"first","9":"outofstock","10":"shipping-taxable","11":"purchasable","12":"product-type-simple"},"jetpack_sharing_enabled":true,"_links":{"self":[{"href":"https:\/\/www.todoparamascotas.co\/index.php?rest_route=\/wp\/v2\/product\/691","targetHints":{"allow":["GET"]}}],"collection":[{"href":"https:\/\/www.todoparamascotas.co\/index.php?rest_route=\/wp\/v2\/product"}],"about":[{"href":"https:\/\/www.todoparamascotas.co\/index.php?rest_route=\/wp\/v2\/types\/product"}],"replies":[{"embeddable":true,"href":"https:\/\/www.todoparamascotas.co\/index.php?rest_route=%2Fwp%2Fv2%2Fcomments&post=691"}],"wp:featuredmedia":[{"embeddable":true,"href":"https:\/\/www.todoparamascotas.co\/index.php?rest_route=\/wp\/v2\/media\/692"}],"wp:attachment":[{"href":"https:\/\/www.todoparamascotas.co\/index.php?rest_route=%2Fwp%2Fv2%2Fmedia&parent=691"}],"wp:term":[{"taxonomy":"product_brand","embeddable":true,"href":"https:\/\/www.todoparamascotas.co\/index.php?rest_route=%2Fwp%2Fv2%2Fproduct_brand&post=691"},{"taxonomy":"product_cat","embeddable":true,"href":"https:\/\/www.todoparamascotas.co\/index.php?rest_route=%2Fwp%2Fv2%2Fproduct_cat&post=691"},{"taxonomy":"product_tag","embeddable":true,"href":"https:\/\/www.todoparamascotas.co\/index.php?rest_route=%2Fwp%2Fv2%2Fproduct_tag&post=691"}],"curies":[{"name":"wp","href":"https:\/\/api.w.org\/{rel}","templated":true}]}}