{"id":757,"date":"2022-06-11T18:08:32","date_gmt":"2022-06-11T18:08:32","guid":{"rendered":"https:\/\/todoparamascotas.co\/?post_type=product&#038;p=757"},"modified":"2024-03-29T21:27:35","modified_gmt":"2024-03-29T21:27:35","slug":"denty-farm-crema-dental-mascotas-80-g-cepillo","status":"publish","type":"product","link":"https:\/\/www.todoparamascotas.co\/?product=denty-farm-crema-dental-mascotas-80-g-cepillo","title":{"rendered":"Denty Farm Crema Dental Mascotas 80 g + Cepillo"},"content":{"rendered":"<div class=\"wpb-content-wrapper\"><p>[vc_row][vc_column][vc_column_text]<\/p>\n<h3><span style=\"font-size: 16px;\">\u00bfQu\u00e9 es <strong>Denty farm<\/strong>?<\/span><\/h3>\n<p>Denty Farm es una crema dental especialmente desarrollada para perros gatos y caballos, a base de Clorhexidina Digluconato y Aloe Vera, posee un efecto antis\u00e9ptico y antiinflamatorio sobre las enc\u00edas y dientes, su f\u00f3rmula permite que el animal la pueda ingerir sin correr riesgos de irritaci\u00f3n o malestar g\u00e1strico. Dentyfarm tiene un agradable sabor, lo cual genera aceptaci\u00f3n del producto en la mascota.<\/p>\n<h3><span style=\"font-size: 16px;\">\u00bfPara qu\u00e9 sirve <strong>Denty farm<\/strong>?<\/span><\/h3>\n<p>En equinos, caninos y gatos como crema dental antis\u00e9ptica para el mantenimiento de la higiene bucal.<\/p>\n<p>Crema antis\u00e9ptica para el control de afecciones como de gingivoestomatitis, gingivitis y periodontitis.<\/p>\n<p>Previene el mal aliento de las mascotas y favorece su embellecimiento.<\/p>\n<h3><span style=\"font-size: 16px;\">\u00bfC\u00f3mo se usa <strong>Denty farm<\/strong>?<\/span><\/h3>\n<p>Aplicar de 2 a 3 gramos en la cavidad bucal. El cepillado debe ser frecuente; de manera ideal se deben cepillar los dientes d\u00eda de por medio, pero con 3 veces a la semana se puede alcanzar el objetivo. Aplicar la cantidad de crema dental sobre el cepillo, cepillar masajeando la enc\u00eda y los dientes del animal. Tambi\u00e9n se puede aplicar Dentyfarm directamente sobre la enc\u00eda del animal y posteriormente realizar masaje. No necesita enjuague ya que est\u00e1 especialmente desarrollada para ser segura aun cuando se ingiere; no irrita ni lastima el est\u00f3mago de la mascota. Se recomienda recompensar a la mascota luego de la limpieza para mejorar la predisposici\u00f3n del animal al cepillado.[\/vc_column_text][\/vc_column][\/vc_row]<\/p>\n<\/div>","protected":false},"excerpt":{"rendered":"<p>Crema dental Denty Farm desarrollada para mascotas. Ayuda a prevenir el mal aliento y a cuidar la higiene oral. Posee un rico sabor<\/p>\n","protected":false},"featured_media":758,"comment_status":"open","ping_status":"closed","template":"","meta":[],"product_brand":[],"product_cat":[87],"product_tag":[],"class_list":{"0":"post-757","1":"product","2":"type-product","3":"status-publish","4":"has-post-thumbnail","6":"product_cat-higiene-oral","8":"first","9":"instock","10":"shipping-taxable","11":"purchasable","12":"product-type-simple"},"jetpack_sharing_enabled":true,"_links":{"self":[{"href":"https:\/\/www.todoparamascotas.co\/index.php?rest_route=\/wp\/v2\/product\/757","targetHints":{"allow":["GET"]}}],"collection":[{"href":"https:\/\/www.todoparamascotas.co\/index.php?rest_route=\/wp\/v2\/product"}],"about":[{"href":"https:\/\/www.todoparamascotas.co\/index.php?rest_route=\/wp\/v2\/types\/product"}],"replies":[{"embeddable":true,"href":"https:\/\/www.todoparamascotas.co\/index.php?rest_route=%2Fwp%2Fv2%2Fcomments&post=757"}],"wp:featuredmedia":[{"embeddable":true,"href":"https:\/\/www.todoparamascotas.co\/index.php?rest_route=\/wp\/v2\/media\/758"}],"wp:attachment":[{"href":"https:\/\/www.todoparamascotas.co\/index.php?rest_route=%2Fwp%2Fv2%2Fmedia&parent=757"}],"wp:term":[{"taxonomy":"product_brand","embeddable":true,"href":"https:\/\/www.todoparamascotas.co\/index.php?rest_route=%2Fwp%2Fv2%2Fproduct_brand&post=757"},{"taxonomy":"product_cat","embeddable":true,"href":"https:\/\/www.todoparamascotas.co\/index.php?rest_route=%2Fwp%2Fv2%2Fproduct_cat&post=757"},{"taxonomy":"product_tag","embeddable":true,"href":"https:\/\/www.todoparamascotas.co\/index.php?rest_route=%2Fwp%2Fv2%2Fproduct_tag&post=757"}],"curies":[{"name":"wp","href":"https:\/\/api.w.org\/{rel}","templated":true}]}}