{"id":807,"date":"2022-06-26T18:06:04","date_gmt":"2022-06-26T18:06:04","guid":{"rendered":"https:\/\/todoparamascotas.co\/?post_type=product&#038;p=807"},"modified":"2025-08-05T23:23:16","modified_gmt":"2025-08-05T23:23:16","slug":"pomada-alfa-350-g","status":"publish","type":"product","link":"https:\/\/www.todoparamascotas.co\/?product=pomada-alfa-350-g","title":{"rendered":"Pomada Alfa 350 g"},"content":{"rendered":"<div class=\"wpb-content-wrapper\"><p>[vc_row][vc_column][vc_column_text]<\/p>\n<h3><span style=\"font-size: 16px;\">\u00bfQu\u00e9 es <strong>Pomada Alfa<\/strong>?<\/span><\/h3>\n<p>Es un ung\u00fcento con propiedades antiinflamatorias, antiflog\u00edsticas y analg\u00e9sicas. Pomada alfa, est\u00e1 indicada en todas las especies para el tratamiento de lesiones m\u00fasculo esquel\u00e9ticas y de otros tejidos blandos como gl\u00e1ndula mamaria.<\/p>\n<h3><span style=\"font-size: 16px;\">\u00bfPara qu\u00e9 sirve la <strong>Pomada Alfa<\/strong>?<\/span><\/h3>\n<p>Pomada alfa caliente en ung\u00fcento contiene propiedades maravillosas en todas las especies: es antiinflamatoria, analg\u00e9sica y antiflog\u00edstica (calma la inflamaci\u00f3n). Es Ideal para dolores musculares, tendinitis, huesos y otros tejidos blandos como la gl\u00e1ndula mamaria. Su uso en humanos debe estar dictaminado por un m\u00e9dico.<\/p>\n<h3><span style=\"font-size: 16px;\">\u00bfC\u00f3mo usar <strong>Pomada Alfa<\/strong>?<\/span><\/h3>\n<p>Con una cantidad generosa de Pomada alfa hacer masaje sobre las partes afectadas.<\/p>\n<p>Repetir el tratamiento tres veces al d\u00eda hasta que el dolor y la inflamaci\u00f3n hayan desaparecido completamente.[\/vc_column_text][\/vc_column][\/vc_row]<\/p>\n<\/div>","protected":false},"excerpt":{"rendered":"<p>Pomada Alfa indicada en todas las especies para el tratamiento de lesiones m\u00fasculo esquel\u00e9ticas y de otros tejidos blandos como gl\u00e1ndula mamaria<\/p>\n","protected":false},"featured_media":808,"comment_status":"open","ping_status":"closed","template":"","meta":[],"product_brand":[],"product_cat":[71],"product_tag":[],"class_list":{"0":"post-807","1":"product","2":"type-product","3":"status-publish","4":"has-post-thumbnail","6":"product_cat-antiinflamatorios","8":"first","9":"instock","10":"shipping-taxable","11":"purchasable","12":"product-type-simple"},"jetpack_sharing_enabled":true,"_links":{"self":[{"href":"https:\/\/www.todoparamascotas.co\/index.php?rest_route=\/wp\/v2\/product\/807","targetHints":{"allow":["GET"]}}],"collection":[{"href":"https:\/\/www.todoparamascotas.co\/index.php?rest_route=\/wp\/v2\/product"}],"about":[{"href":"https:\/\/www.todoparamascotas.co\/index.php?rest_route=\/wp\/v2\/types\/product"}],"replies":[{"embeddable":true,"href":"https:\/\/www.todoparamascotas.co\/index.php?rest_route=%2Fwp%2Fv2%2Fcomments&post=807"}],"wp:featuredmedia":[{"embeddable":true,"href":"https:\/\/www.todoparamascotas.co\/index.php?rest_route=\/wp\/v2\/media\/808"}],"wp:attachment":[{"href":"https:\/\/www.todoparamascotas.co\/index.php?rest_route=%2Fwp%2Fv2%2Fmedia&parent=807"}],"wp:term":[{"taxonomy":"product_brand","embeddable":true,"href":"https:\/\/www.todoparamascotas.co\/index.php?rest_route=%2Fwp%2Fv2%2Fproduct_brand&post=807"},{"taxonomy":"product_cat","embeddable":true,"href":"https:\/\/www.todoparamascotas.co\/index.php?rest_route=%2Fwp%2Fv2%2Fproduct_cat&post=807"},{"taxonomy":"product_tag","embeddable":true,"href":"https:\/\/www.todoparamascotas.co\/index.php?rest_route=%2Fwp%2Fv2%2Fproduct_tag&post=807"}],"curies":[{"name":"wp","href":"https:\/\/api.w.org\/{rel}","templated":true}]}}