{"id":809,"date":"2022-06-26T18:54:46","date_gmt":"2022-06-26T18:54:46","guid":{"rendered":"https:\/\/todoparamascotas.co\/?post_type=product&#038;p=809"},"modified":"2025-08-20T18:09:37","modified_gmt":"2025-08-20T18:09:37","slug":"mirrapel-suplemento-nutricional-para-perros-y-gatos-oleoso-120ml","status":"publish","type":"product","link":"https:\/\/www.todoparamascotas.co\/?product=mirrapel-suplemento-nutricional-para-perros-y-gatos-oleoso-120ml","title":{"rendered":"Mirrapel Suplemento Nutricional para Perros y Gatos Oleoso 120ml"},"content":{"rendered":"<div class=\"wpb-content-wrapper\"><p>[vc_row][vc_column][vc_column_text]<\/p>\n<h3><span style=\"font-size: 16px;\">\u00bfQu\u00e9 es <strong>Mirrapel Oleoso<\/strong>?<\/span><\/h3>\n<p>Mirrapel Oleoso es un suplemento alimenticio a base de \u00e1cidos grasos esenciales, vitaminas y minerales para perros y gatos.<\/p>\n<h3><span style=\"font-size: 16px;\">\u00bfPara qu\u00e9 sirve <strong>Mirrapel Oleoso<\/strong>?<\/span><\/h3>\n<p>Por su contenido de \u00e1cidos grasos poliinsaturados Omega 3, Omega 6 y Omega 9 Mirrapel Oleoso contribuye a cubrir las deficiencias de ellos en la alimentaci\u00f3n y a mejorar la salud de las mascotas.<\/p>\n<p>Adem\u00e1s controla la ca\u00edda de pelo, humectando la piel, del mismo modo deja el pelo brillante y sano.<\/p>\n<p>Fortalece las defensas del organismo, ayudando a nuestra mascota a prevenir enfermedades, controla la comez\u00f3n o purito y el mal olor de la piel.<\/p>\n<h3><span style=\"font-size: 16px;\">\u00bfC\u00f3mo suministrar <strong>Mirrapel Oleoso<\/strong>?<\/span><\/h3>\n<p>Administrar Mirrapel Oleoso una vez al d\u00eda, directamente por v\u00eda oral, o mezclado con el alimento seco o h\u00famedo, as\u00ed:<\/p>\n<p><strong>Perros<\/strong>: a raz\u00f3n de 1 mL por cada 4 kilos de peso.<\/p>\n<p>Hembras en gestaci\u00f3n o lactancia: 1 mL por cada 3 kilos de peso.<\/p>\n<p><strong>Gatos<\/strong>: a raz\u00f3n de 1 mL por cada 2 kilos de peso.<\/p>\n<p>Hembras en gestaci\u00f3n o lactancia: 4 mL[\/vc_column_text][\/vc_column][\/vc_row]<\/p>\n<\/div>","protected":false},"excerpt":{"rendered":"<p>Suplemento alimenticio a base de \u00e1cidos grasos contiene vitaminas, minerales, omegas 3, 6 y 9 y protectores del h\u00edgado que complementan su alimentaci\u00f3n<\/p>\n","protected":false},"featured_media":810,"comment_status":"open","ping_status":"closed","template":"","meta":[],"product_brand":[],"product_cat":[72],"product_tag":[],"class_list":{"0":"post-809","1":"product","2":"type-product","3":"status-publish","4":"has-post-thumbnail","6":"product_cat-suplementos","8":"first","9":"instock","10":"shipping-taxable","11":"purchasable","12":"product-type-simple"},"jetpack_sharing_enabled":true,"_links":{"self":[{"href":"https:\/\/www.todoparamascotas.co\/index.php?rest_route=\/wp\/v2\/product\/809","targetHints":{"allow":["GET"]}}],"collection":[{"href":"https:\/\/www.todoparamascotas.co\/index.php?rest_route=\/wp\/v2\/product"}],"about":[{"href":"https:\/\/www.todoparamascotas.co\/index.php?rest_route=\/wp\/v2\/types\/product"}],"replies":[{"embeddable":true,"href":"https:\/\/www.todoparamascotas.co\/index.php?rest_route=%2Fwp%2Fv2%2Fcomments&post=809"}],"wp:featuredmedia":[{"embeddable":true,"href":"https:\/\/www.todoparamascotas.co\/index.php?rest_route=\/wp\/v2\/media\/810"}],"wp:attachment":[{"href":"https:\/\/www.todoparamascotas.co\/index.php?rest_route=%2Fwp%2Fv2%2Fmedia&parent=809"}],"wp:term":[{"taxonomy":"product_brand","embeddable":true,"href":"https:\/\/www.todoparamascotas.co\/index.php?rest_route=%2Fwp%2Fv2%2Fproduct_brand&post=809"},{"taxonomy":"product_cat","embeddable":true,"href":"https:\/\/www.todoparamascotas.co\/index.php?rest_route=%2Fwp%2Fv2%2Fproduct_cat&post=809"},{"taxonomy":"product_tag","embeddable":true,"href":"https:\/\/www.todoparamascotas.co\/index.php?rest_route=%2Fwp%2Fv2%2Fproduct_tag&post=809"}],"curies":[{"name":"wp","href":"https:\/\/api.w.org\/{rel}","templated":true}]}}