{"id":811,"date":"2022-06-28T22:39:37","date_gmt":"2022-06-28T22:39:37","guid":{"rendered":"https:\/\/todoparamascotas.co\/?post_type=product&#038;p=811"},"modified":"2025-04-01T15:39:32","modified_gmt":"2025-04-01T15:39:32","slug":"dental-fresh-spray-oral-perros-y-gatos-4-oz","status":"publish","type":"product","link":"https:\/\/www.todoparamascotas.co\/?product=dental-fresh-spray-oral-perros-y-gatos-4-oz","title":{"rendered":"Dental Fresh Spray Oral Perros y Gatos 4 Oz"},"content":{"rendered":"<div class=\"wpb-content-wrapper\"><p>[vc_row][vc_column][vc_column_text]<\/p>\n<h3><span style=\"font-size: 16px;\">\u00bfQu\u00e9 es <strong>Dental Fresh Spray<\/strong>?<\/span><\/h3>\n<p>Es un spray de aplicaci\u00f3n directa bucal en perros y gatos para eliminar el mal aliento de tu mascota y como complemento de higiene bucal.<\/p>\n<h3><span style=\"font-size: 16px;\">\u00bfPara qu\u00e9 sirve <strong>Dental Fresh Spray<\/strong>?<\/span><\/h3>\n<p>Dental Fresh elimina el mal aliento de tu mascota al instante, adem\u00e1s de ser una f\u00f3rmula antimicrobiana autorreguladora que se activa cuando la bacteria est\u00e1 presente.<\/p>\n<h3><span style=\"font-size: 16px;\">\u00bfC\u00f3mo usar <strong>Dental Fresh Spray<\/strong>?<\/span><\/h3>\n<ol>\n<li>Abre la boca de tu perro o gato.<\/li>\n<li>Apl\u00edcalo directamente en la boca de tu mascota, asegur\u00e1ndote que el splash de roc\u00edo cubra enc\u00edas, dientes y dem\u00e1s zonas bucales.<\/li>\n<li>Repite 3 veces al d\u00eda.<\/li>\n<\/ol>\n<p>[\/vc_column_text][\/vc_column][\/vc_row]<\/p>\n<\/div>","protected":false},"excerpt":{"rendered":"<p>Spray para administraci\u00f3n oral indicado para eliminar al instante el mal aliento en los perros y gatos<\/p>\n","protected":false},"featured_media":812,"comment_status":"open","ping_status":"closed","template":"","meta":[],"product_brand":[],"product_cat":[87],"product_tag":[],"class_list":{"0":"post-811","1":"product","2":"type-product","3":"status-publish","4":"has-post-thumbnail","6":"product_cat-higiene-oral","8":"first","9":"outofstock","10":"shipping-taxable","11":"purchasable","12":"product-type-simple"},"jetpack_sharing_enabled":true,"_links":{"self":[{"href":"https:\/\/www.todoparamascotas.co\/index.php?rest_route=\/wp\/v2\/product\/811","targetHints":{"allow":["GET"]}}],"collection":[{"href":"https:\/\/www.todoparamascotas.co\/index.php?rest_route=\/wp\/v2\/product"}],"about":[{"href":"https:\/\/www.todoparamascotas.co\/index.php?rest_route=\/wp\/v2\/types\/product"}],"replies":[{"embeddable":true,"href":"https:\/\/www.todoparamascotas.co\/index.php?rest_route=%2Fwp%2Fv2%2Fcomments&post=811"}],"wp:featuredmedia":[{"embeddable":true,"href":"https:\/\/www.todoparamascotas.co\/index.php?rest_route=\/wp\/v2\/media\/812"}],"wp:attachment":[{"href":"https:\/\/www.todoparamascotas.co\/index.php?rest_route=%2Fwp%2Fv2%2Fmedia&parent=811"}],"wp:term":[{"taxonomy":"product_brand","embeddable":true,"href":"https:\/\/www.todoparamascotas.co\/index.php?rest_route=%2Fwp%2Fv2%2Fproduct_brand&post=811"},{"taxonomy":"product_cat","embeddable":true,"href":"https:\/\/www.todoparamascotas.co\/index.php?rest_route=%2Fwp%2Fv2%2Fproduct_cat&post=811"},{"taxonomy":"product_tag","embeddable":true,"href":"https:\/\/www.todoparamascotas.co\/index.php?rest_route=%2Fwp%2Fv2%2Fproduct_tag&post=811"}],"curies":[{"name":"wp","href":"https:\/\/api.w.org\/{rel}","templated":true}]}}