{"id":819,"date":"2022-07-09T17:20:59","date_gmt":"2022-07-09T17:20:59","guid":{"rendered":"https:\/\/todoparamascotas.co\/?post_type=product&#038;p=819"},"modified":"2024-01-29T17:10:40","modified_gmt":"2024-01-29T17:10:40","slug":"antiparasitario-drontal-ps-para-perros-medianos","status":"publish","type":"product","link":"https:\/\/www.todoparamascotas.co\/?product=antiparasitario-drontal-ps-para-perros-medianos","title":{"rendered":"Antiparasitario Drontal ps para Perros Medianos"},"content":{"rendered":"<div class=\"wpb-content-wrapper\"><p>[vc_row][vc_column][vc_column_text]<\/p>\n<h3><span style=\"font-size: 16px;\">\u00bfQu\u00e9 es <strong>Drontal Ps<\/strong>?<\/span><\/h3>\n<p>Drontal Ps es un antiparasitario de amplio espectro saborizado para perros de tama\u00f1o mediano para proteger a tu mascota de Nematodos, protozoos y c\u00e9stodos.<\/p>\n<h3><span style=\"font-size: 16px;\">\u00bfPara qu\u00e9 sirve <strong>Drontal Ps<\/strong>?<\/span><\/h3>\n<p>Act\u00faa contra las formas maduras e inmaduras de los siguientes nem\u00e1todos, c\u00e9stodos y protozoarios: <strong>Nem\u00e1todos<\/strong>: Toxocara canis, Toxascaris leonina, Uncinaria stenocephala, Ancylostoma caninum, Ancylostoma braziliense, Trichuris vulpis. <strong>C\u00e9stodos<\/strong>: Echinococcus granulosus, Echinococcus multilocularis, Dipylidium caninum, Taenia hydatigena, Taenia pisiformis, Multiceps multiceps, Joyeuxiella pasqualei, Mesocestoides spp. <strong>Protozoarios<\/strong>: Giardia spp.<\/p>\n<h3><span style=\"font-size: 16px;\">\u00bfC\u00f3mo se usa <strong>Drontal Ps<\/strong>?<\/span><\/h3>\n<p>Directamente en la boca de la mascota o puede colocarse dentro de un pedazo de carne, queso, u otro alimento, o triturado con la comida.<\/p>\n<p>Dosificaci\u00f3n:<\/p>\n<p>1 tableta por cada 10 kg de peso corporal seg\u00fan la siguiente tabla:<\/p>\n<table style=\"height: 210px;\" width=\"366\">\n<tbody>\n<tr>\n<td width=\"138\"><strong>Cantidad de tabletas<\/strong><\/td>\n<td width=\"149\"><strong>Peso corporal<\/strong><\/td>\n<\/tr>\n<tr>\n<td>\u00bd Tableta<\/td>\n<td>2 &#8211; 5 kg peso corporal<\/td>\n<\/tr>\n<tr>\n<td>1 Tableta<\/td>\n<td>5 &#8211; 10 kg pero corporal<\/td>\n<\/tr>\n<tr>\n<td>1 \u00bd Tabletas<\/td>\n<td>10 &#8211; 15 kg peso corporal<\/td>\n<\/tr>\n<tr>\n<td>2 Tabletas<\/td>\n<td>15 &#8211; 20 kg peso corporal<\/td>\n<\/tr>\n<tr>\n<td>2 \u00bd Tabletas<\/td>\n<td>20 &#8211; 25 kg peso corporal<\/td>\n<\/tr>\n<tr>\n<td>3 Tabletas<\/td>\n<td>25 &#8211; 30 kg peso corporal<\/td>\n<\/tr>\n<\/tbody>\n<\/table>\n<p>[\/vc_column_text][\/vc_column][\/vc_row]<\/p>\n<\/div>","protected":false},"excerpt":{"rendered":"<p>Antiparasitario de amplio espectro para perros medianos en tabletas saborizadas<\/p>\n","protected":false},"featured_media":820,"comment_status":"open","ping_status":"closed","template":"","meta":[],"product_brand":[],"product_cat":[73],"product_tag":[],"class_list":{"0":"post-819","1":"product","2":"type-product","3":"status-publish","4":"has-post-thumbnail","6":"product_cat-antiparasitarios","8":"first","9":"outofstock","10":"shipping-taxable","11":"purchasable","12":"product-type-simple"},"jetpack_sharing_enabled":true,"_links":{"self":[{"href":"https:\/\/www.todoparamascotas.co\/index.php?rest_route=\/wp\/v2\/product\/819","targetHints":{"allow":["GET"]}}],"collection":[{"href":"https:\/\/www.todoparamascotas.co\/index.php?rest_route=\/wp\/v2\/product"}],"about":[{"href":"https:\/\/www.todoparamascotas.co\/index.php?rest_route=\/wp\/v2\/types\/product"}],"replies":[{"embeddable":true,"href":"https:\/\/www.todoparamascotas.co\/index.php?rest_route=%2Fwp%2Fv2%2Fcomments&post=819"}],"wp:featuredmedia":[{"embeddable":true,"href":"https:\/\/www.todoparamascotas.co\/index.php?rest_route=\/wp\/v2\/media\/820"}],"wp:attachment":[{"href":"https:\/\/www.todoparamascotas.co\/index.php?rest_route=%2Fwp%2Fv2%2Fmedia&parent=819"}],"wp:term":[{"taxonomy":"product_brand","embeddable":true,"href":"https:\/\/www.todoparamascotas.co\/index.php?rest_route=%2Fwp%2Fv2%2Fproduct_brand&post=819"},{"taxonomy":"product_cat","embeddable":true,"href":"https:\/\/www.todoparamascotas.co\/index.php?rest_route=%2Fwp%2Fv2%2Fproduct_cat&post=819"},{"taxonomy":"product_tag","embeddable":true,"href":"https:\/\/www.todoparamascotas.co\/index.php?rest_route=%2Fwp%2Fv2%2Fproduct_tag&post=819"}],"curies":[{"name":"wp","href":"https:\/\/api.w.org\/{rel}","templated":true}]}}