{"id":826,"date":"2022-07-14T23:48:24","date_gmt":"2022-07-14T23:48:24","guid":{"rendered":"https:\/\/todoparamascotas.co\/?post_type=product&#038;p=826"},"modified":"2024-10-16T16:54:45","modified_gmt":"2024-10-16T16:54:45","slug":"repelente-nature-miracle-para-gatos-en-spray-24-oz","status":"publish","type":"product","link":"https:\/\/www.todoparamascotas.co\/?product=repelente-nature-miracle-para-gatos-en-spray-24-oz","title":{"rendered":"Repelente Nature Miracle para Gatos en Spray 24 Oz"},"content":{"rendered":"<div class=\"wpb-content-wrapper\"><p>[vc_row][vc_column][vc_column_text]<\/p>\n<h3><span style=\"font-size: 16px;\">\u00bfQu\u00e9 es <strong>Nature\u2019s Miracle just for cats<\/strong>?<\/span><\/h3>\n<p>Es un repelente con atomizador de aroma agradable a limoncillo y canela que ayuda a evitar la demarcaci\u00f3n repetitiva de los felinos en un mismo sitio.<\/p>\n<h3><span style=\"font-size: 16px;\">\u00bfPara qu\u00e9 sirve <strong>Nature\u2019s Miracle just for cats<\/strong>?<\/span><\/h3>\n<p>Est\u00e1 dise\u00f1ado para evitar que los gatos roc\u00eden en el mismo lugar dos veces. Adem\u00e1s previene la fumigaci\u00f3n repetitiva de gatos.<\/p>\n<p>Eliminar permanentemente las manchas y los olores.<\/p>\n<h3><span style=\"font-size: 16px;\">\u00bfC\u00f3mo se usa <strong>Nature\u2019s Miracle just for cats<\/strong>?<\/span><\/h3>\n<ol>\n<li>Limpia con un trapo seco lo m\u00e1s que se pueda la mancha.<\/li>\n<li>Agita bien el producto.<\/li>\n<li>Coloca el producto directamente sobre la mancha o agente generador del mal olor hasta cubrirlo.<\/li>\n<li>Deja actuar por 15 minutos.<\/li>\n<li>Limpia con un trapo seco.<\/li>\n<\/ol>\n<p><strong>IMPORTANTE:<\/strong><\/p>\n<p>La informaci\u00f3n y los contenidos presentados tienen un car\u00e1cter meramente informativo y educativo, y no deben utilizarse como base para el uso de los productos. Los datos y recomendaciones provienen del fabricante o importador, y no nos hacemos responsables por errores u omisiones en el contenido ni por las decisiones tomadas por el usuario basadas en esta informaci\u00f3n.[\/vc_column_text][\/vc_column][\/vc_row]<\/p>\n<\/div>","protected":false},"excerpt":{"rendered":"<p>Nature&#8217;s Miracle just for cats repelente para demarcaci\u00f3n repetitiva en gatos y eliminador de olores y manchas<\/p>\n","protected":false},"featured_media":827,"comment_status":"open","ping_status":"closed","template":"","meta":[],"product_brand":[],"product_cat":[15],"product_tag":[],"class_list":{"0":"post-826","1":"product","2":"type-product","3":"status-publish","4":"has-post-thumbnail","6":"product_cat-uncategorized","8":"first","9":"instock","10":"shipping-taxable","11":"purchasable","12":"product-type-simple"},"jetpack_sharing_enabled":true,"_links":{"self":[{"href":"https:\/\/www.todoparamascotas.co\/index.php?rest_route=\/wp\/v2\/product\/826","targetHints":{"allow":["GET"]}}],"collection":[{"href":"https:\/\/www.todoparamascotas.co\/index.php?rest_route=\/wp\/v2\/product"}],"about":[{"href":"https:\/\/www.todoparamascotas.co\/index.php?rest_route=\/wp\/v2\/types\/product"}],"replies":[{"embeddable":true,"href":"https:\/\/www.todoparamascotas.co\/index.php?rest_route=%2Fwp%2Fv2%2Fcomments&post=826"}],"wp:featuredmedia":[{"embeddable":true,"href":"https:\/\/www.todoparamascotas.co\/index.php?rest_route=\/wp\/v2\/media\/827"}],"wp:attachment":[{"href":"https:\/\/www.todoparamascotas.co\/index.php?rest_route=%2Fwp%2Fv2%2Fmedia&parent=826"}],"wp:term":[{"taxonomy":"product_brand","embeddable":true,"href":"https:\/\/www.todoparamascotas.co\/index.php?rest_route=%2Fwp%2Fv2%2Fproduct_brand&post=826"},{"taxonomy":"product_cat","embeddable":true,"href":"https:\/\/www.todoparamascotas.co\/index.php?rest_route=%2Fwp%2Fv2%2Fproduct_cat&post=826"},{"taxonomy":"product_tag","embeddable":true,"href":"https:\/\/www.todoparamascotas.co\/index.php?rest_route=%2Fwp%2Fv2%2Fproduct_tag&post=826"}],"curies":[{"name":"wp","href":"https:\/\/api.w.org\/{rel}","templated":true}]}}