{"id":829,"date":"2022-07-16T16:55:39","date_gmt":"2022-07-16T16:55:39","guid":{"rendered":"https:\/\/todoparamascotas.co\/?post_type=product&#038;p=829"},"modified":"2024-10-16T16:50:44","modified_gmt":"2024-10-16T16:50:44","slug":"otolav-solucion-otica-120-ml","status":"publish","type":"product","link":"https:\/\/www.todoparamascotas.co\/?product=otolav-solucion-otica-120-ml","title":{"rendered":"Otolav Soluci\u00f3n \u00d3tica"},"content":{"rendered":"<div class=\"wpb-content-wrapper\"><p>[vc_row][vc_column][vc_column_text]<\/p>\n<h3><span style=\"font-size: 16px;\">\u00bfQu\u00e9 es <strong>Otolav<\/strong>?<\/span><\/h3>\n<p>Otolav es una soluci\u00f3n liquida translucida queratol\u00edtica, antis\u00e9ptica y anti f\u00fangica, indicado en la higiene y limpieza del conducto auditivo externo en perros y gatos. Coadyuvante en el tratamiento de la otitis.<\/p>\n<h3><span style=\"font-size: 16px;\">\u00bfPara qu\u00e9 sirve <strong>Otolav<\/strong>?<\/span><\/h3>\n<p>Como antis\u00e9ptico y antif\u00fangico, previene la presentaci\u00f3n de otitis externa causada por hongos y bacterias.<\/p>\n<p>Permite la disoluci\u00f3n y evacuaci\u00f3n del exceso de cerumen del conducto auditivo.<\/p>\n<p>Igualmente elimina los malos olores y ayuda a eliminar el agua al interior del o\u00eddo.<\/p>\n<h3><span style=\"font-size: 16px;\">\u00bfC\u00f3mo se usa <strong>Otolav<\/strong>?<\/span><\/h3>\n<p>Aplique libremente al interior del conducto auditivo externo, realice un masaje suave en la base del o\u00eddo, limpie la porci\u00f3n accesible del o\u00eddo con una gasa o algod\u00f3n.<\/p>\n<p>Despu\u00e9s de una primera limpieza, permita que el animal sacuda la cabeza y vuelva a limpiar la superficie accesible del o\u00eddo. Repita si es necesario.<\/p>\n<p>Para una correcta higiene del o\u00eddo realice este procedimiento 1 o 2 veces por semana.<\/p>\n<p>Como coadyuvante en el tratamiento de otitis externa, realice este procedimiento 2 o 3 veces al d\u00eda o seg\u00fan indicaciones del M\u00e9dico Veterinario.<\/p>\n<p><strong>IMPORTANTE:<\/strong><\/p>\n<p>La informaci\u00f3n y los contenidos presentados tienen un car\u00e1cter meramente informativo y educativo, y no deben utilizarse como base para el uso de los productos. Los datos y recomendaciones provienen del fabricante o importador, y no nos hacemos responsables por errores u omisiones en el contenido ni por las decisiones tomadas por el usuario basadas en esta informaci\u00f3n.[\/vc_column_text][\/vc_column][\/vc_row]<\/p>\n<\/div>","protected":false},"excerpt":{"rendered":"<p>Antis\u00e9ptico, queratol\u00edtico y antifungico para la higiene y limpieza del conducto auditivo externo en perros y gatos<\/p>\n","protected":false},"featured_media":830,"comment_status":"open","ping_status":"closed","template":"","meta":[],"product_brand":[],"product_cat":[82],"product_tag":[],"class_list":{"0":"post-829","1":"product","2":"type-product","3":"status-publish","4":"has-post-thumbnail","6":"product_cat-medicamentos","8":"first","9":"outofstock","10":"shipping-taxable","11":"purchasable","12":"product-type-variable"},"jetpack_sharing_enabled":true,"_links":{"self":[{"href":"https:\/\/www.todoparamascotas.co\/index.php?rest_route=\/wp\/v2\/product\/829","targetHints":{"allow":["GET"]}}],"collection":[{"href":"https:\/\/www.todoparamascotas.co\/index.php?rest_route=\/wp\/v2\/product"}],"about":[{"href":"https:\/\/www.todoparamascotas.co\/index.php?rest_route=\/wp\/v2\/types\/product"}],"replies":[{"embeddable":true,"href":"https:\/\/www.todoparamascotas.co\/index.php?rest_route=%2Fwp%2Fv2%2Fcomments&post=829"}],"wp:featuredmedia":[{"embeddable":true,"href":"https:\/\/www.todoparamascotas.co\/index.php?rest_route=\/wp\/v2\/media\/830"}],"wp:attachment":[{"href":"https:\/\/www.todoparamascotas.co\/index.php?rest_route=%2Fwp%2Fv2%2Fmedia&parent=829"}],"wp:term":[{"taxonomy":"product_brand","embeddable":true,"href":"https:\/\/www.todoparamascotas.co\/index.php?rest_route=%2Fwp%2Fv2%2Fproduct_brand&post=829"},{"taxonomy":"product_cat","embeddable":true,"href":"https:\/\/www.todoparamascotas.co\/index.php?rest_route=%2Fwp%2Fv2%2Fproduct_cat&post=829"},{"taxonomy":"product_tag","embeddable":true,"href":"https:\/\/www.todoparamascotas.co\/index.php?rest_route=%2Fwp%2Fv2%2Fproduct_tag&post=829"}],"curies":[{"name":"wp","href":"https:\/\/api.w.org\/{rel}","templated":true}]}}