{"id":839,"date":"2022-07-17T19:38:56","date_gmt":"2022-07-17T19:38:56","guid":{"rendered":"https:\/\/todoparamascotas.co\/?post_type=product&#038;p=839"},"modified":"2025-08-20T18:05:52","modified_gmt":"2025-08-20T18:05:52","slug":"compleland-b12-oral","status":"publish","type":"product","link":"https:\/\/www.todoparamascotas.co\/?product=compleland-b12-oral","title":{"rendered":"Compleland B12 Oral"},"content":{"rendered":"<div class=\"wpb-content-wrapper\"><p>[vc_row][vc_column][vc_column_text]<\/p>\n<h3><span style=\"font-size: 16px;\">\u00bfQu\u00e9 es <strong>Compleland B12<\/strong>?<\/span><\/h3>\n<p>Soluci\u00f3n oral estimulante del apetito y del metabolismo con sustancias hematopoy\u00e9ticas, con acci\u00f3n tonificante y neurot\u00f3nica, mejora la conversi\u00f3n alimenticia, promueve el consumo de agua y ayuda a combatir el estr\u00e9s de los animales dom\u00e9sticos.<\/p>\n<h3><span style=\"font-size: 16px;\">\u00bfPara qu\u00e9 sirve <strong>Compleland B12<\/strong>?<\/span><\/h3>\n<p>Tratamiento de las enfermedades y de los trastornos org\u00e1nicos ocasionados por deficiencias agudas o cr\u00f3nicas de uno o m\u00e1s factores del grupo vitam\u00ednico B incluida la B12, que se presentan en equinos, bovinos, porcinos, ovinos, caprinos, caninos y felinos y en el tratamiento de las condiciones de stress de las aves.<\/p>\n<p>Compleland B12 Oral est\u00e1 indicado para combatir cualquiera de las deficiencias de vitamina B, ya que la escasez de una de estas vitaminas casi siempre va acompa\u00f1ada de la falta de otras y aunque frecuentemente no ocasionan s\u00edntomas espec\u00edficos, debe consultarse siempre al M\u00e9dico Veterinario. Coadyuvante en el tratamiento y en la convalecencia de las enfermedades infecciosas, parasitarias y virales de diversa etiolog\u00eda.<\/p>\n<p>Ejerce tambi\u00e9n acci\u00f3n hidratante. Los Glicerofosfatos de Calcio, Sodio, Potasio y Manganeso presentes en la f\u00f3rmula de Compleland B12 Oral tienen propiedades neurot\u00f3nicas y constituyen fuentes de Calcio y F\u00f3sforo, factores que mejoran la conversi\u00f3n alimenticia, promueven el consumo de agua y ayudan a combatir el stress presente en enfermedades de diversa etiolog\u00eda.<\/p>\n<h3><span style=\"font-size: 16px;\">\u00bfC\u00f3mo se usa <strong>Compleland B12<\/strong>?<\/span><\/h3>\n<p>Debe administrarse por v\u00eda oral humedeciendo la raci\u00f3n alimenticia, o directamente en la boca. En las aves, en el agua de bebida. El agua o las raciones medicadas con Compleland B12 Oral deben consumirse el mismo d\u00eda.<\/p>\n<p><strong>IMPORTANTE:<\/strong><\/p>\n<p>La informaci\u00f3n y los contenidos presentados tienen un car\u00e1cter meramente informativo y educativo, y no deben utilizarse como base para el uso de los productos. Los datos y recomendaciones provienen del fabricante o importador, y no nos hacemos responsables por errores u omisiones en el contenido ni por las decisiones tomadas por el usuario basadas en esta informaci\u00f3n.[\/vc_column_text][\/vc_column][\/vc_row]<\/p>\n<\/div>","protected":false},"excerpt":{"rendered":"<p>Complejo de vitaminas y minerales. Hemat\u00ednico, reconstituyente,\u00a0estimulante del apetito y t\u00f3nico general<\/p>\n","protected":false},"featured_media":840,"comment_status":"open","ping_status":"closed","template":"","meta":[],"product_brand":[],"product_cat":[85],"product_tag":[],"class_list":{"0":"post-839","1":"product","2":"type-product","3":"status-publish","4":"has-post-thumbnail","6":"product_cat-vitaminas","8":"first","9":"instock","10":"shipping-taxable","11":"purchasable","12":"product-type-variable"},"jetpack_sharing_enabled":true,"_links":{"self":[{"href":"https:\/\/www.todoparamascotas.co\/index.php?rest_route=\/wp\/v2\/product\/839","targetHints":{"allow":["GET"]}}],"collection":[{"href":"https:\/\/www.todoparamascotas.co\/index.php?rest_route=\/wp\/v2\/product"}],"about":[{"href":"https:\/\/www.todoparamascotas.co\/index.php?rest_route=\/wp\/v2\/types\/product"}],"replies":[{"embeddable":true,"href":"https:\/\/www.todoparamascotas.co\/index.php?rest_route=%2Fwp%2Fv2%2Fcomments&post=839"}],"wp:featuredmedia":[{"embeddable":true,"href":"https:\/\/www.todoparamascotas.co\/index.php?rest_route=\/wp\/v2\/media\/840"}],"wp:attachment":[{"href":"https:\/\/www.todoparamascotas.co\/index.php?rest_route=%2Fwp%2Fv2%2Fmedia&parent=839"}],"wp:term":[{"taxonomy":"product_brand","embeddable":true,"href":"https:\/\/www.todoparamascotas.co\/index.php?rest_route=%2Fwp%2Fv2%2Fproduct_brand&post=839"},{"taxonomy":"product_cat","embeddable":true,"href":"https:\/\/www.todoparamascotas.co\/index.php?rest_route=%2Fwp%2Fv2%2Fproduct_cat&post=839"},{"taxonomy":"product_tag","embeddable":true,"href":"https:\/\/www.todoparamascotas.co\/index.php?rest_route=%2Fwp%2Fv2%2Fproduct_tag&post=839"}],"curies":[{"name":"wp","href":"https:\/\/api.w.org\/{rel}","templated":true}]}}