{"id":865,"date":"2022-07-27T00:07:50","date_gmt":"2022-07-27T00:07:50","guid":{"rendered":"https:\/\/todoparamascotas.co\/?post_type=product&#038;p=865"},"modified":"2025-08-20T18:00:51","modified_gmt":"2025-08-20T18:00:51","slug":"advantage-pipeta-para-gatos-entre-4-y-8-kg","status":"publish","type":"product","link":"https:\/\/www.todoparamascotas.co\/?product=advantage-pipeta-para-gatos-entre-4-y-8-kg","title":{"rendered":"Advantage Pipeta para Gatos entre 4 y 8 kg"},"content":{"rendered":"<div class=\"wpb-content-wrapper\"><p>[vc_row][vc_column][vc_column_text]<\/p>\n<h3><span style=\"font-size: 16px;\">\u00bfQu\u00e9 es <strong>Advantage<\/strong> <strong>gatos<\/strong>?<\/span><\/h3>\n<p>Advantage es un tratamiento y control de infestaciones de pulgas para gatos entre 4 y 8 kg que se distribuye por todo el pelaje del animal, eliminando las pulgas desde el primer d\u00eda de la aplicaci\u00f3n y debido a su efecto residual, contin\u00faa protegiendo contra nuevas infestaciones por pulgas durante 4 semanas.<\/p>\n<h3><span style=\"font-size: 16px;\">\u00bfPara qu\u00e9 sirve <strong>Advantage gatos<\/strong>?<\/span><\/h3>\n<p>Como tratamiento y control de infestaciones por pulgas.<\/p>\n<p>Una pipeta de Advantage Gatos provee un efecto pulguicida continuo durante 4 semanas. Transcurrido este per\u00edodo debe repetirse el tratamiento.<\/p>\n<p>Durante el periodo de lactancia, la hembra tratada con Advantage transfiere la protecci\u00f3n a los gatitos.<\/p>\n<h3><span style=\"font-size: 16px;\">\u00bfC\u00f3mo utilizar <strong>Advantage gatos<\/strong>?<\/span><\/h3>\n<p>Para uso externo \u00fanicamente:<\/p>\n<ol>\n<li>Quitar la tapa.<\/li>\n<li>Volver a colocar la tapa en sentido contrario.<\/li>\n<li>Girar la tapa para perforar la pipeta y retirar la tapa de nuevo.<\/li>\n<li>Separe el pelo de la parte posterior de la cabeza y aplique todo el contenido de la pipeta directamente sobre la piel del animal.<\/li>\n<\/ol>\n<p><strong>Gatos<\/strong> entre 4 kg y 8 kg de peso: 1 pipeta de 0,8 mL<\/p>\n<p>L\u00e1vese las manos luego de aplicar el producto. Cualquier residuo del producto en la piel debe ser removido con agua y jab\u00f3n. Personas con hipersensibilidad al principio activo pueden ser particularmente sensibles al producto en contacto con la piel.Evitar el contacto en los ojos y membranas mucosas. Si el producto entra en el ojo accidentalmente, lavar con agua. Si la irritaci\u00f3n de ojos o mucosas permanece debe contactar a su M\u00e9dico. No comer, beber o fumar durante la aplicaci\u00f3n.<\/p>\n<p><strong>IMPORTANTE:<\/strong><\/p>\n<p>La informaci\u00f3n y los contenidos presentados tienen un car\u00e1cter meramente informativo y educativo, y no deben utilizarse como base para el uso de los productos. Los datos y recomendaciones provienen del fabricante o importador, y no nos hacemos responsables por errores u omisiones en el contenido ni por las decisiones tomadas por el usuario basadas en esta informaci\u00f3n.[\/vc_column_text][\/vc_column][\/vc_row]<\/p>\n<\/div>","protected":false},"excerpt":{"rendered":"<p>Advantage gatos es una soluci\u00f3n t\u00f3pica, que de manera muy efectiva permite eliminar las pulgas que se presenten en tu mascota; Este producto es capaz de controlar los 3 estados de las pulgas, larvas, adultos y huevos.<\/p>\n","protected":false},"featured_media":866,"comment_status":"open","ping_status":"closed","template":"","meta":[],"product_brand":[],"product_cat":[61],"product_tag":[],"class_list":{"0":"post-865","1":"product","2":"type-product","3":"status-publish","4":"has-post-thumbnail","6":"product_cat-antipulgas","8":"first","9":"outofstock","10":"shipping-taxable","11":"purchasable","12":"product-type-simple"},"jetpack_sharing_enabled":true,"_links":{"self":[{"href":"https:\/\/www.todoparamascotas.co\/index.php?rest_route=\/wp\/v2\/product\/865","targetHints":{"allow":["GET"]}}],"collection":[{"href":"https:\/\/www.todoparamascotas.co\/index.php?rest_route=\/wp\/v2\/product"}],"about":[{"href":"https:\/\/www.todoparamascotas.co\/index.php?rest_route=\/wp\/v2\/types\/product"}],"replies":[{"embeddable":true,"href":"https:\/\/www.todoparamascotas.co\/index.php?rest_route=%2Fwp%2Fv2%2Fcomments&post=865"}],"wp:featuredmedia":[{"embeddable":true,"href":"https:\/\/www.todoparamascotas.co\/index.php?rest_route=\/wp\/v2\/media\/866"}],"wp:attachment":[{"href":"https:\/\/www.todoparamascotas.co\/index.php?rest_route=%2Fwp%2Fv2%2Fmedia&parent=865"}],"wp:term":[{"taxonomy":"product_brand","embeddable":true,"href":"https:\/\/www.todoparamascotas.co\/index.php?rest_route=%2Fwp%2Fv2%2Fproduct_brand&post=865"},{"taxonomy":"product_cat","embeddable":true,"href":"https:\/\/www.todoparamascotas.co\/index.php?rest_route=%2Fwp%2Fv2%2Fproduct_cat&post=865"},{"taxonomy":"product_tag","embeddable":true,"href":"https:\/\/www.todoparamascotas.co\/index.php?rest_route=%2Fwp%2Fv2%2Fproduct_tag&post=865"}],"curies":[{"name":"wp","href":"https:\/\/api.w.org\/{rel}","templated":true}]}}