{"id":874,"date":"2022-08-20T23:06:12","date_gmt":"2022-08-20T23:06:12","guid":{"rendered":"https:\/\/todoparamascotas.co\/?post_type=product&#038;p=874"},"modified":"2024-10-16T16:06:05","modified_gmt":"2024-10-16T16:06:05","slug":"shampoo-de-avena-para-perro-y-gato-avenae-clean","status":"publish","type":"product","link":"https:\/\/www.todoparamascotas.co\/?product=shampoo-de-avena-para-perro-y-gato-avenae-clean","title":{"rendered":"Shampoo de Avena para Perro y Gato Avenae Clean"},"content":{"rendered":"<div class=\"wpb-content-wrapper\"><p>[vc_row][vc_column][vc_column_text]<\/p>\n<h3><span style=\"font-size: 16px;\">\u00bfQu\u00e9 es <strong>Avenae Clean<\/strong>?<\/span><\/h3>\n<p>Avenae Clean es un champ\u00fa de avena con acondicionador para facilitar el manejo, dar forma y presentaci\u00f3n al pelaje. Las Cocoamidas dan lubricaci\u00f3n y protecci\u00f3n al pelo dej\u00e1ndolo suave y sedoso. La fragancia de acci\u00f3n prolongada proporciona al animal una aroma fresco y perdurable. La avena tiene efecto hidratante y reparador.<\/p>\n<h3><span style=\"font-size: 16px;\">\u00bfPara qu\u00e9 sirve <strong>Avenae Clean<\/strong>?<\/span><\/h3>\n<p>Como shampoo Avenae Clean contiene Avena coloidal con efecto reparador e hidratante de esta forma, sus excipientes dejan el pelo suave y f\u00e1cil de peinar.<\/p>\n<h3><span style=\"font-size: 16px;\">\u00bfC\u00f3mo usar <strong>Avenae Clean<\/strong>?<\/span><\/h3>\n<p>Mojar completamente el pelo y la piel del animal, aplicar el champ\u00fa dando masaje vigoroso, siguiendo la direcci\u00f3n del pelo hasta obtener abundante espuma.<\/p>\n<p>En perros usar 20 mL para un animal de talla y pelaje medio.<\/p>\n<p>En gatos usar de 5 a 10 mL.<\/p>\n<p>Finalmente dejar actuar por 5 a 10 minutos. Enjuagar hasta remover toda la espuma, repetir la operaci\u00f3n hasta dejar la piel libre de residuos del producto. Secar el animal.<\/p>\n<p>Como tratamiento inicial, la primera semana, ba\u00f1ar los animales diariamente, despu\u00e9s cada tercer d\u00eda y una vez controlado el problema usarlo con la frecuencia normal del ba\u00f1o.<\/p>\n<p><strong>IMPORTANTE:<\/strong><\/p>\n<p>La informaci\u00f3n y los contenidos presentados tienen un car\u00e1cter meramente informativo y educativo, y no deben utilizarse como base para el uso de los productos. Los datos y recomendaciones provienen del fabricante o importador, y no nos hacemos responsables por errores u omisiones en el contenido ni por las decisiones tomadas por el usuario basadas en esta informaci\u00f3n.[\/vc_column_text][\/vc_column][\/vc_row]<\/p>\n<\/div>","protected":false},"excerpt":{"rendered":"<p>Avenae Clean es un champ\u00fa de avena con acondicionador para facilitar el manejo, dar forma y presentaci\u00f3n al pelaje en perros y gatos<\/p>\n","protected":false},"featured_media":879,"comment_status":"open","ping_status":"closed","template":"","meta":[],"product_brand":[],"product_cat":[78],"product_tag":[],"class_list":{"0":"post-874","1":"product","2":"type-product","3":"status-publish","4":"has-post-thumbnail","6":"product_cat-shampoo","8":"first","9":"instock","10":"shipping-taxable","11":"purchasable","12":"product-type-variable","13":"has-default-attributes"},"jetpack_sharing_enabled":true,"_links":{"self":[{"href":"https:\/\/www.todoparamascotas.co\/index.php?rest_route=\/wp\/v2\/product\/874","targetHints":{"allow":["GET"]}}],"collection":[{"href":"https:\/\/www.todoparamascotas.co\/index.php?rest_route=\/wp\/v2\/product"}],"about":[{"href":"https:\/\/www.todoparamascotas.co\/index.php?rest_route=\/wp\/v2\/types\/product"}],"replies":[{"embeddable":true,"href":"https:\/\/www.todoparamascotas.co\/index.php?rest_route=%2Fwp%2Fv2%2Fcomments&post=874"}],"wp:featuredmedia":[{"embeddable":true,"href":"https:\/\/www.todoparamascotas.co\/index.php?rest_route=\/wp\/v2\/media\/879"}],"wp:attachment":[{"href":"https:\/\/www.todoparamascotas.co\/index.php?rest_route=%2Fwp%2Fv2%2Fmedia&parent=874"}],"wp:term":[{"taxonomy":"product_brand","embeddable":true,"href":"https:\/\/www.todoparamascotas.co\/index.php?rest_route=%2Fwp%2Fv2%2Fproduct_brand&post=874"},{"taxonomy":"product_cat","embeddable":true,"href":"https:\/\/www.todoparamascotas.co\/index.php?rest_route=%2Fwp%2Fv2%2Fproduct_cat&post=874"},{"taxonomy":"product_tag","embeddable":true,"href":"https:\/\/www.todoparamascotas.co\/index.php?rest_route=%2Fwp%2Fv2%2Fproduct_tag&post=874"}],"curies":[{"name":"wp","href":"https:\/\/api.w.org\/{rel}","templated":true}]}}