{"id":895,"date":"2022-08-31T00:55:05","date_gmt":"2022-08-31T00:55:05","guid":{"rendered":"https:\/\/todoparamascotas.co\/?post_type=product&#038;p=895"},"modified":"2025-02-16T22:45:16","modified_gmt":"2025-02-16T22:45:16","slug":"destructor-de-olores-de-arenero-en-polvo","status":"publish","type":"product","link":"https:\/\/www.todoparamascotas.co\/?product=destructor-de-olores-de-arenero-en-polvo","title":{"rendered":"Destructor Olores de Arena de gato en Polvo Nature&#8217;s Miracle x 567 g"},"content":{"rendered":"<div class=\"wpb-content-wrapper\"><p>[vc_row][vc_column][vc_column_text css=\u00bb\u00bb css_params=\u00bb\u00bb]<\/p>\n<h3><span style=\"font-size: 16px;\">\u00bfQu\u00e9 es <strong>Litter Box Odor Destroyer<\/strong>?<\/span><\/h3>\n<p>Litter Box Odor Destroyer es un desodorizador y destructor de olores dise\u00f1ado espec\u00edficamente para areneras de gatos. Su f\u00f3rmula de triple acci\u00f3n no solo elimina el mal olor de la caja de arena, sino tambi\u00e9n del tapete y el piso, asegurando un ambiente m\u00e1s fresco y libre de olores desagradables.<\/p>\n<h3><span style=\"font-size: 16px;\">\u00bfPara qu\u00e9 sirve <strong>Litter Box Odor Destroyer<\/strong>?<\/span><\/h3>\n<ul>\n<li>Elimina el olor. \u00a1No solo lo enmascara!<\/li>\n<li>Triple acci\u00f3n. Elimina el olor de la caja, el tapete y el piso.<\/li>\n<li>No genera aglomerados en la arena.<\/li>\n<\/ul>\n<h3><span style=\"font-size: 16px;\">\u00bfC\u00f3mo usar <strong>Litter Box Odor Destroyer<\/strong>?<\/span><\/h3>\n<p>En la caja de arena: Roc\u00ede generosamente en la caja de arena despu\u00e9s del uso dado por los gatos.<\/p>\n<p>En los tapetes usados para la caja de arena: antes de usar pruebe en una superficie oculta para evitar da\u00f1ar el color del tapete si el color de da\u00f1a no use el producto. Posterior a verificar roci\u00e9 suave y uniformemente el producto sobre el tapete hasta que est\u00e9n ligeramente h\u00famedo.<\/p>\n<p>En el piso: Roc\u00ede el piso d\u00f3nde se ubica la arenera suave ligeramente, limpi\u00e9 el exceso.<\/p>\n<p><strong>IMPORTANTE:<\/strong><\/p>\n<p>La informaci\u00f3n y los contenidos presentados tienen un car\u00e1cter meramente informativo y educativo, y no deben utilizarse como base para el uso de los productos. Los datos y recomendaciones provienen del fabricante o importador, y no nos hacemos responsables por errores u omisiones en el contenido ni por las decisiones tomadas por el usuario basadas en esta informaci\u00f3n.[\/vc_column_text][\/vc_column][\/vc_row]<\/p>\n<\/div>","protected":false},"excerpt":{"rendered":"<p>El destructor de olores de caja de arena Litter Box Odor Destroyer en polvo descompone los malos olores de las heces y la orina al contacto y sigue trabajando para mantener una caja limpia y fresca<\/p>\n","protected":false},"featured_media":1325,"comment_status":"open","ping_status":"closed","template":"","meta":[],"product_brand":[],"product_cat":[98],"product_tag":[],"class_list":{"0":"post-895","1":"product","2":"type-product","3":"status-publish","4":"has-post-thumbnail","6":"product_cat-limpieza-y-orina","8":"first","9":"instock","10":"shipping-taxable","11":"purchasable","12":"product-type-simple"},"jetpack_sharing_enabled":true,"_links":{"self":[{"href":"https:\/\/www.todoparamascotas.co\/index.php?rest_route=\/wp\/v2\/product\/895","targetHints":{"allow":["GET"]}}],"collection":[{"href":"https:\/\/www.todoparamascotas.co\/index.php?rest_route=\/wp\/v2\/product"}],"about":[{"href":"https:\/\/www.todoparamascotas.co\/index.php?rest_route=\/wp\/v2\/types\/product"}],"replies":[{"embeddable":true,"href":"https:\/\/www.todoparamascotas.co\/index.php?rest_route=%2Fwp%2Fv2%2Fcomments&post=895"}],"wp:featuredmedia":[{"embeddable":true,"href":"https:\/\/www.todoparamascotas.co\/index.php?rest_route=\/wp\/v2\/media\/1325"}],"wp:attachment":[{"href":"https:\/\/www.todoparamascotas.co\/index.php?rest_route=%2Fwp%2Fv2%2Fmedia&parent=895"}],"wp:term":[{"taxonomy":"product_brand","embeddable":true,"href":"https:\/\/www.todoparamascotas.co\/index.php?rest_route=%2Fwp%2Fv2%2Fproduct_brand&post=895"},{"taxonomy":"product_cat","embeddable":true,"href":"https:\/\/www.todoparamascotas.co\/index.php?rest_route=%2Fwp%2Fv2%2Fproduct_cat&post=895"},{"taxonomy":"product_tag","embeddable":true,"href":"https:\/\/www.todoparamascotas.co\/index.php?rest_route=%2Fwp%2Fv2%2Fproduct_tag&post=895"}],"curies":[{"name":"wp","href":"https:\/\/api.w.org\/{rel}","templated":true}]}}