{"id":897,"date":"2022-08-31T20:43:49","date_gmt":"2022-08-31T20:43:49","guid":{"rendered":"https:\/\/todoparamascotas.co\/?post_type=product&#038;p=897"},"modified":"2025-09-24T16:30:12","modified_gmt":"2025-09-24T16:30:12","slug":"klinadine-solucion-oral-antiseptica-60-ml","status":"publish","type":"product","link":"https:\/\/www.todoparamascotas.co\/?product=klinadine-solucion-oral-antiseptica-60-ml","title":{"rendered":"Klinadine Soluci\u00f3n Oral Antis\u00e9ptica 60 ml"},"content":{"rendered":"<div class=\"wpb-content-wrapper\"><p>[vc_row][vc_column][vc_column_text]<\/p>\n<h3><span style=\"font-size: 16px;\">\u00bfQu\u00e9 es <strong>Klinadine Oral<\/strong>?<\/span><\/h3>\n<p>Klinadine Oral es una soluci\u00f3n antis\u00e9ptica oral para la higiene bucal de perros y gatos. Es un coadyuvante en el tratamiento de enfermedades bucofar\u00edngeas.<\/p>\n<h3><span style=\"font-size: 16px;\">\u00bfPara qu\u00e9 sirve <strong>Klinadine Oral<\/strong>?<\/span><\/h3>\n<p>Indicado en desinfecci\u00f3n de heridas bucales y pos operatorios de la cavidad bucal. En bovinos, equinos, porcinos, ovinos, caprinos, perros y gatos, c\u00f3mo antis\u00e9ptico para uso externo.<\/p>\n<h3><span style=\"font-size: 16px;\">\u00bfC\u00f3mo usar <strong>Klinadine Oral<\/strong>?<\/span><\/h3>\n<p>Listo para usar o diluir en agua o soluci\u00f3n salina. Aplicar el producto sobre el \u00e1rea a tratar, una vez por d\u00eda durante el tiempo establecido o a criterio del m\u00e9dico veterinario.<\/p>\n<p>Para realizar un enjuague bucal se debe sujetar la cabeza del animal y con el atomizador aplicar una peque\u00f1a cantidad de Klinadine Oral en las enc\u00edas, los dientes y la parte interna de las mejillas. Posteriormente realizar un masaje para hacer buen contacto con la superficie de la dentadura y las enc\u00edas.<\/p>\n<p>Si va a cepillar los dientes, debe verter 2 a 3 cucharaditas de Klinadine Oral en un recipiente peque\u00f1o y limpio, humedecer las cerdas del cepillo en la soluci\u00f3n y posteriormente cepillar suavemente de arriba hacia abajo donde est\u00e1n los dientes del maxilar y de abajo hacia arriba donde est\u00e1n los dientes en la mand\u00edbula. El procedimiento se debe repetir hasta finalizar la limpieza de todos los dientes. Realice el enjuague y cepillado bucal una vez por semana despu\u00e9s de la \u00faltima comida o a criterio del m\u00e9dico veterinario.<\/p>\n<p><strong>IMPORTANTE:<\/strong><\/p>\n<p>La informaci\u00f3n y los contenidos presentados tienen un car\u00e1cter meramente informativo y educativo, y no deben utilizarse como base para el uso de los productos. Los datos y recomendaciones provienen del fabricante o importador, y no nos hacemos responsables por errores u omisiones en el contenido ni por las decisiones tomadas por el usuario basadas en esta informaci\u00f3n.[\/vc_column_text][\/vc_column][\/vc_row]<\/p>\n<\/div>","protected":false},"excerpt":{"rendered":"<p>Soluci\u00f3n antis\u00e9ptica oral para la higiene bucal de perros y gatos<\/p>\n","protected":false},"featured_media":898,"comment_status":"open","ping_status":"closed","template":"","meta":[],"product_brand":[],"product_cat":[87],"product_tag":[],"class_list":{"0":"post-897","1":"product","2":"type-product","3":"status-publish","4":"has-post-thumbnail","6":"product_cat-higiene-oral","8":"first","9":"outofstock","10":"shipping-taxable","11":"purchasable","12":"product-type-simple"},"jetpack_sharing_enabled":true,"_links":{"self":[{"href":"https:\/\/www.todoparamascotas.co\/index.php?rest_route=\/wp\/v2\/product\/897","targetHints":{"allow":["GET"]}}],"collection":[{"href":"https:\/\/www.todoparamascotas.co\/index.php?rest_route=\/wp\/v2\/product"}],"about":[{"href":"https:\/\/www.todoparamascotas.co\/index.php?rest_route=\/wp\/v2\/types\/product"}],"replies":[{"embeddable":true,"href":"https:\/\/www.todoparamascotas.co\/index.php?rest_route=%2Fwp%2Fv2%2Fcomments&post=897"}],"wp:featuredmedia":[{"embeddable":true,"href":"https:\/\/www.todoparamascotas.co\/index.php?rest_route=\/wp\/v2\/media\/898"}],"wp:attachment":[{"href":"https:\/\/www.todoparamascotas.co\/index.php?rest_route=%2Fwp%2Fv2%2Fmedia&parent=897"}],"wp:term":[{"taxonomy":"product_brand","embeddable":true,"href":"https:\/\/www.todoparamascotas.co\/index.php?rest_route=%2Fwp%2Fv2%2Fproduct_brand&post=897"},{"taxonomy":"product_cat","embeddable":true,"href":"https:\/\/www.todoparamascotas.co\/index.php?rest_route=%2Fwp%2Fv2%2Fproduct_cat&post=897"},{"taxonomy":"product_tag","embeddable":true,"href":"https:\/\/www.todoparamascotas.co\/index.php?rest_route=%2Fwp%2Fv2%2Fproduct_tag&post=897"}],"curies":[{"name":"wp","href":"https:\/\/api.w.org\/{rel}","templated":true}]}}