{"id":917,"date":"2022-09-13T22:25:15","date_gmt":"2022-09-13T22:25:15","guid":{"rendered":"https:\/\/todoparamascotas.co\/?post_type=product&#038;p=917"},"modified":"2024-10-15T23:06:51","modified_gmt":"2024-10-15T23:06:51","slug":"saniderm-crema-topica-para-perros-gatos-200-gr","status":"publish","type":"product","link":"https:\/\/www.todoparamascotas.co\/?product=saniderm-crema-topica-para-perros-gatos-200-gr","title":{"rendered":"Saniderm Crema T\u00f3pica para Perros Gatos 200 gr"},"content":{"rendered":"<div class=\"wpb-content-wrapper\"><p>[vc_row][vc_column][vc_column_text]<\/p>\n<h3><span style=\"font-size: 16px;\">\u00bfQu\u00e9 es <strong>Saniderm Crema<\/strong>?<\/span><\/h3>\n<p>Saniderm crema, es la combinaci\u00f3n de 4 componentes con acci\u00f3n antimic\u00f3tica, bactericida, antiinflamatoria, antial\u00e9rgica y cicatrizante, para el tratamiento y cicatrizaci\u00f3n (coadyuvante) de heridas quir\u00fargicas o accidentales y de afecciones dermatol\u00f3gicas inflamatorias o al\u00e9rgicas complicadas por infecciones causadas por bacterias u hongos. Indicada en perros y gatos en el tratamiento de hongos, bacterias, tiene una acci\u00f3n antiinflamatoria, antial\u00e9rgica y cicatrizante de uso externo.<\/p>\n<h3><span style=\"font-size: 16px;\">\u00bfPara qu\u00e9 sirve <strong>Saniderm Crema<\/strong>?<\/span><\/h3>\n<p>Saniderm crema, es un antimic\u00f3tico, antibacteriano, antial\u00e9rgico, antipruriginoso y cicatrizante de uso externo. Para el tratamiento local de heridas quir\u00fargicas o accidentales, excoriaciones, prurito y de afecciones dermatol\u00f3gicas o al\u00e9rgicas, inflamatorias o no, en las que exista o haya la posibilidad de infecci\u00f3n bacteriana y\/o por hongos (mic\u00f3tica), como en casos de dermatitis: microbiana, eczematoide, por contacto, cr\u00f3nica, seborreica, por fotosensibilizaci\u00f3n. En neurodermatitis, dermatosis, eczema seborreico, intertrigo, imp\u00e9tigo, ti\u00f1as, prurito, otitis externa.<\/p>\n<h3><span style=\"font-size: 16px;\">\u00bfC\u00f3mo usar <strong>Saniderm Crema<\/strong>?<\/span><\/h3>\n<p>Aplicar Saniderm crema sobre la regi\u00f3n afectada de la piel de tu mascota, suficiente cantidad, distribuy\u00e9ndola uniformemente, 2 \u00f3 m\u00e1s veces al d\u00eda hasta obtener mejor\u00eda.<\/p>\n<p><strong>IMPORTANTE:<\/strong><\/p>\n<p>La informaci\u00f3n y los contenidos presentados tienen un car\u00e1cter meramente informativo y educativo, y no deben utilizarse como base para el uso de los productos. Los datos y recomendaciones provienen del fabricante o importador, y no nos hacemos responsables por errores u omisiones en el contenido ni por las decisiones tomadas por el usuario basadas en esta informaci\u00f3n.[\/vc_column_text][\/vc_column][\/vc_row]<\/p>\n<\/div>","protected":false},"excerpt":{"rendered":"<p>Saniderm es Antimic\u00f3tico, antibacteriano, antial\u00e9rgico, antipruriginoso y cicatrizante de uso externo. Es una crema indicada en perros y gatos en el tratamiento de hongos, bacterias, tiene una acci\u00f3n antiinflamatoria, antial\u00e9rgica y cicatrizante<\/p>\n","protected":false},"featured_media":918,"comment_status":"open","ping_status":"closed","template":"","meta":[],"product_brand":[],"product_cat":[82],"product_tag":[],"class_list":{"0":"post-917","1":"product","2":"type-product","3":"status-publish","4":"has-post-thumbnail","6":"product_cat-medicamentos","8":"first","9":"outofstock","10":"shipping-taxable","11":"purchasable","12":"product-type-simple"},"jetpack_sharing_enabled":true,"_links":{"self":[{"href":"https:\/\/www.todoparamascotas.co\/index.php?rest_route=\/wp\/v2\/product\/917","targetHints":{"allow":["GET"]}}],"collection":[{"href":"https:\/\/www.todoparamascotas.co\/index.php?rest_route=\/wp\/v2\/product"}],"about":[{"href":"https:\/\/www.todoparamascotas.co\/index.php?rest_route=\/wp\/v2\/types\/product"}],"replies":[{"embeddable":true,"href":"https:\/\/www.todoparamascotas.co\/index.php?rest_route=%2Fwp%2Fv2%2Fcomments&post=917"}],"wp:featuredmedia":[{"embeddable":true,"href":"https:\/\/www.todoparamascotas.co\/index.php?rest_route=\/wp\/v2\/media\/918"}],"wp:attachment":[{"href":"https:\/\/www.todoparamascotas.co\/index.php?rest_route=%2Fwp%2Fv2%2Fmedia&parent=917"}],"wp:term":[{"taxonomy":"product_brand","embeddable":true,"href":"https:\/\/www.todoparamascotas.co\/index.php?rest_route=%2Fwp%2Fv2%2Fproduct_brand&post=917"},{"taxonomy":"product_cat","embeddable":true,"href":"https:\/\/www.todoparamascotas.co\/index.php?rest_route=%2Fwp%2Fv2%2Fproduct_cat&post=917"},{"taxonomy":"product_tag","embeddable":true,"href":"https:\/\/www.todoparamascotas.co\/index.php?rest_route=%2Fwp%2Fv2%2Fproduct_tag&post=917"}],"curies":[{"name":"wp","href":"https:\/\/api.w.org\/{rel}","templated":true}]}}