{"id":919,"date":"2022-09-13T22:53:42","date_gmt":"2022-09-13T22:53:42","guid":{"rendered":"https:\/\/todoparamascotas.co\/?post_type=product&#038;p=919"},"modified":"2025-06-16T18:37:34","modified_gmt":"2025-06-16T18:37:34","slug":"renalof-pets-oral-suplemento-alimenticio-150-ml","status":"publish","type":"product","link":"https:\/\/www.todoparamascotas.co\/?product=renalof-pets-oral-suplemento-alimenticio-150-ml","title":{"rendered":"Renalof Pets Oral Suplemento Alimenticio 150 ml"},"content":{"rendered":"<div class=\"wpb-content-wrapper\"><p>[vc_row][vc_column][vc_column_text]<\/p>\n<h3><span style=\"font-size: 16px;\">\u00bfQu\u00e9 es <strong>Renalof pets<\/strong>?<\/span><\/h3>\n<p>Renalof Pets es un preparado espec\u00edfico para la r\u00e1pida eliminaci\u00f3n de los c\u00e1lculos renales y arenillas de oxalato c\u00e1lcico en las v\u00edas urinarias.<\/p>\n<h3><span style=\"font-size: 16px;\">\u00bfPara qu\u00e9 sirve <strong>Renalof pets<\/strong>?<\/span><\/h3>\n<p>Limpia las v\u00edas urinarias de c\u00e1lculos renales y es altamente eficaz en las crisis recurrentes.<\/p>\n<p>Es un producto natural sin efectos secundarios, debido al extracto de grama activado contenido en su composici\u00f3n act\u00faa en pocas semanas.<\/p>\n<p>Renalof pets tiene una eficiencia terap\u00e9utica muy elevada en la reducci\u00f3n del s\u00edndrome de dolor lumbar.<\/p>\n<h3><span style=\"font-size: 16px;\">\u00bfC\u00f3mo suministrar <strong>Renalof pets<\/strong>?<\/span><\/h3>\n<p><strong>Para perros y gatos<\/strong>: 1 ml por cada 5 kg de peso cada 12 horas.<\/p>\n<p><strong>Otras mascotas<\/strong>: 1 ml cada 12 horas.<\/p>\n<p><strong>IMPORTANTE:<\/strong><\/p>\n<p>La informaci\u00f3n y los contenidos presentados tienen un car\u00e1cter meramente informativo y educativo, y no deben utilizarse como base para el uso de los productos. Los datos y recomendaciones provienen del fabricante o importador, y no nos hacemos responsables por errores u omisiones en el contenido ni por las decisiones tomadas por el usuario basadas en esta informaci\u00f3n.[\/vc_column_text][\/vc_column][\/vc_row]<\/p>\n<\/div>","protected":false},"excerpt":{"rendered":"<p>Suplemento alimenticio con extracto de grama para perros y gatos, cachorros y adultos, y aves ornamentales, pichones y adultos.<\/p>\n","protected":false},"featured_media":920,"comment_status":"open","ping_status":"closed","template":"","meta":[],"product_brand":[],"product_cat":[72],"product_tag":[],"class_list":{"0":"post-919","1":"product","2":"type-product","3":"status-publish","4":"has-post-thumbnail","6":"product_cat-suplementos","8":"first","9":"outofstock","10":"shipping-taxable","11":"purchasable","12":"product-type-simple"},"jetpack_sharing_enabled":true,"_links":{"self":[{"href":"https:\/\/www.todoparamascotas.co\/index.php?rest_route=\/wp\/v2\/product\/919","targetHints":{"allow":["GET"]}}],"collection":[{"href":"https:\/\/www.todoparamascotas.co\/index.php?rest_route=\/wp\/v2\/product"}],"about":[{"href":"https:\/\/www.todoparamascotas.co\/index.php?rest_route=\/wp\/v2\/types\/product"}],"replies":[{"embeddable":true,"href":"https:\/\/www.todoparamascotas.co\/index.php?rest_route=%2Fwp%2Fv2%2Fcomments&post=919"}],"wp:featuredmedia":[{"embeddable":true,"href":"https:\/\/www.todoparamascotas.co\/index.php?rest_route=\/wp\/v2\/media\/920"}],"wp:attachment":[{"href":"https:\/\/www.todoparamascotas.co\/index.php?rest_route=%2Fwp%2Fv2%2Fmedia&parent=919"}],"wp:term":[{"taxonomy":"product_brand","embeddable":true,"href":"https:\/\/www.todoparamascotas.co\/index.php?rest_route=%2Fwp%2Fv2%2Fproduct_brand&post=919"},{"taxonomy":"product_cat","embeddable":true,"href":"https:\/\/www.todoparamascotas.co\/index.php?rest_route=%2Fwp%2Fv2%2Fproduct_cat&post=919"},{"taxonomy":"product_tag","embeddable":true,"href":"https:\/\/www.todoparamascotas.co\/index.php?rest_route=%2Fwp%2Fv2%2Fproduct_tag&post=919"}],"curies":[{"name":"wp","href":"https:\/\/api.w.org\/{rel}","templated":true}]}}