{"id":923,"date":"2022-09-18T23:43:01","date_gmt":"2022-09-18T23:43:01","guid":{"rendered":"https:\/\/todoparamascotas.co\/?post_type=product&#038;p=923"},"modified":"2024-10-15T23:03:35","modified_gmt":"2024-10-15T23:03:35","slug":"cfagia-perros-x-50-ml","status":"publish","type":"product","link":"https:\/\/www.todoparamascotas.co\/?product=cfagia-perros-x-50-ml","title":{"rendered":"Cfagia Perros x 50 ml"},"content":{"rendered":"<div class=\"wpb-content-wrapper\"><p>[vc_row][vc_column][vc_column_text]<\/p>\n<h3><span style=\"font-size: 16px;\">\u00bfQu\u00e9 es <strong>Cfagia<\/strong>?<\/span><\/h3>\n<p>Es una esencia floral que armoniza el funcionamiento pancre\u00e1tico y mejora las reacciones ante las situaciones de estr\u00e9s, de la mano con cambios en las rutinas diarias de nuestros perros, disminuyen de manera radical la desagradable Coprofagia.<\/p>\n<h3><span style=\"font-size: 16px;\">\u00bfPara qu\u00e9 sirve <strong>Cfagia<\/strong>?<\/span><\/h3>\n<p>Disminuye de manera radical la desagradable Coprofagia.<\/p>\n<h3><span style=\"font-size: 16px;\">\u00bfC\u00f3mo usar <strong>Cfagia<\/strong>?<\/span><\/h3>\n<p>La frecuencia y duraci\u00f3n de aplicaci\u00f3n de Cfagia dependen de las necesidades espec\u00edficas de la situaci\u00f3n. La recomendaci\u00f3n general es administrar 15 gotas de Cfagia directamente de forma sublingual, intrarectal o diluidas en el agua de bebida cada 12 horas. Sin embargo, es importante tener en cuenta que esta frecuencia y duraci\u00f3n pueden variar seg\u00fan las circunstancias individuales.<\/p>\n<p><strong>IMPORTANTE:<\/strong><\/p>\n<p>La informaci\u00f3n y los contenidos presentados tienen un car\u00e1cter meramente informativo y educativo, y no deben utilizarse como base para el uso de los productos. Los datos y recomendaciones provienen del fabricante o importador, y no nos hacemos responsables por errores u omisiones en el contenido ni por las decisiones tomadas por el usuario basadas en esta informaci\u00f3n.[\/vc_column_text][\/vc_column][\/vc_row]<\/p>\n<\/div>","protected":false},"excerpt":{"rendered":"<p>Cfagia es esencia con notas florales que puede contribuir a calmar situaciones estresantes y minimizar el comportamiento de ingesti\u00f3n de heces en perros o coprofagia.<\/p>\n","protected":false},"featured_media":924,"comment_status":"open","ping_status":"closed","template":"","meta":[],"product_brand":[],"product_cat":[83],"product_tag":[],"class_list":{"0":"post-923","1":"product","2":"type-product","3":"status-publish","4":"has-post-thumbnail","6":"product_cat-esencias","8":"first","9":"outofstock","10":"shipping-taxable","11":"purchasable","12":"product-type-simple"},"jetpack_sharing_enabled":true,"_links":{"self":[{"href":"https:\/\/www.todoparamascotas.co\/index.php?rest_route=\/wp\/v2\/product\/923","targetHints":{"allow":["GET"]}}],"collection":[{"href":"https:\/\/www.todoparamascotas.co\/index.php?rest_route=\/wp\/v2\/product"}],"about":[{"href":"https:\/\/www.todoparamascotas.co\/index.php?rest_route=\/wp\/v2\/types\/product"}],"replies":[{"embeddable":true,"href":"https:\/\/www.todoparamascotas.co\/index.php?rest_route=%2Fwp%2Fv2%2Fcomments&post=923"}],"wp:featuredmedia":[{"embeddable":true,"href":"https:\/\/www.todoparamascotas.co\/index.php?rest_route=\/wp\/v2\/media\/924"}],"wp:attachment":[{"href":"https:\/\/www.todoparamascotas.co\/index.php?rest_route=%2Fwp%2Fv2%2Fmedia&parent=923"}],"wp:term":[{"taxonomy":"product_brand","embeddable":true,"href":"https:\/\/www.todoparamascotas.co\/index.php?rest_route=%2Fwp%2Fv2%2Fproduct_brand&post=923"},{"taxonomy":"product_cat","embeddable":true,"href":"https:\/\/www.todoparamascotas.co\/index.php?rest_route=%2Fwp%2Fv2%2Fproduct_cat&post=923"},{"taxonomy":"product_tag","embeddable":true,"href":"https:\/\/www.todoparamascotas.co\/index.php?rest_route=%2Fwp%2Fv2%2Fproduct_tag&post=923"}],"curies":[{"name":"wp","href":"https:\/\/api.w.org\/{rel}","templated":true}]}}