{"id":946,"date":"2022-09-28T16:56:18","date_gmt":"2022-09-28T16:56:18","guid":{"rendered":"https:\/\/todoparamascotas.co\/?post_type=product&#038;p=946"},"modified":"2024-10-15T22:58:31","modified_gmt":"2024-10-15T22:58:31","slug":"spray-disuasivo-para-gatos-natures-miracle-236-ml","status":"publish","type":"product","link":"https:\/\/www.todoparamascotas.co\/?product=spray-disuasivo-para-gatos-natures-miracle-236-ml","title":{"rendered":"Spray Disuasivo para Gatos Nature&#8217;s Miracle 236 ml"},"content":{"rendered":"<div class=\"wpb-content-wrapper\"><p>[vc_row][vc_column][vc_column_text]<\/p>\n<h3><span style=\"font-size: 16px;\">\u00bfQu\u00e9 es el <strong>Spray Disuasivo para Gatos<\/strong>?<\/span><\/h3>\n<p>Cat Scratch de Nature&#8217;s Miracle es un spray disuasivo solo para gatos que evita comportamientos destructivos.<\/p>\n<h3><span style=\"font-size: 16px;\">\u00bfPara qu\u00e9 sirve <strong>Spray Disuasivo para Gatos<\/strong>?<\/span><\/h3>\n<p>Rascarse es un comportamiento de gato instintivo. Las patas de gato tienen gl\u00e1ndulas que dejan un aroma cuando se rascan, lo que hace que esta sea otra forma en que los gatos marcan su territorio. El spray disuasivo de ara\u00f1azos contrarresta esta fragancia y desalienta la repetici\u00f3n del comportamiento destructivo. Seguro para usar en mascotas y el hogar, cuando se usa seg\u00fan las instrucciones.<\/p>\n<h3><span style=\"font-size: 16px;\">\u00bfC\u00f3mo usar <strong>Spray Disuasivo para Gatos<\/strong>?<\/span><\/h3>\n<ol>\n<li>Agitar bien antes de usar.<\/li>\n<li>Aplique el spray disuasivo de rasgu\u00f1os al \u00e1rea u objeto donde el gato ara\u00f1a con frecuencia.<\/li>\n<li>Repita seg\u00fan sea necesario. Mantenga las u\u00f1as de gato recortadas y proporcione un broche para ara\u00f1ar, proporcionando al gato una ubicaci\u00f3n alternativa para rascarse.<\/li>\n<\/ol>\n<p><strong>IMPORTANTE:<\/strong><\/p>\n<p>La informaci\u00f3n y los contenidos presentados tienen un car\u00e1cter meramente informativo y educativo, y no deben utilizarse como base para el uso de los productos. Los datos y recomendaciones provienen del fabricante o importador, y no nos hacemos responsables por errores u omisiones en el contenido ni por las decisiones tomadas por el usuario basadas en esta informaci\u00f3n.[\/vc_column_text][\/vc_column][\/vc_row]<\/p>\n<\/div>","protected":false},"excerpt":{"rendered":"<p>Nature&#8217;s Miracle Cat Scratch es una frangancia l\u00edquida con spray para disuadir ara\u00f1azos y demarcaci\u00f3n de territorio en gatos<\/p>\n","protected":false},"featured_media":947,"comment_status":"open","ping_status":"closed","template":"","meta":[],"product_brand":[],"product_cat":[15],"product_tag":[],"class_list":{"0":"post-946","1":"product","2":"type-product","3":"status-publish","4":"has-post-thumbnail","6":"product_cat-uncategorized","8":"first","9":"instock","10":"shipping-taxable","11":"purchasable","12":"product-type-simple"},"jetpack_sharing_enabled":true,"_links":{"self":[{"href":"https:\/\/www.todoparamascotas.co\/index.php?rest_route=\/wp\/v2\/product\/946","targetHints":{"allow":["GET"]}}],"collection":[{"href":"https:\/\/www.todoparamascotas.co\/index.php?rest_route=\/wp\/v2\/product"}],"about":[{"href":"https:\/\/www.todoparamascotas.co\/index.php?rest_route=\/wp\/v2\/types\/product"}],"replies":[{"embeddable":true,"href":"https:\/\/www.todoparamascotas.co\/index.php?rest_route=%2Fwp%2Fv2%2Fcomments&post=946"}],"wp:featuredmedia":[{"embeddable":true,"href":"https:\/\/www.todoparamascotas.co\/index.php?rest_route=\/wp\/v2\/media\/947"}],"wp:attachment":[{"href":"https:\/\/www.todoparamascotas.co\/index.php?rest_route=%2Fwp%2Fv2%2Fmedia&parent=946"}],"wp:term":[{"taxonomy":"product_brand","embeddable":true,"href":"https:\/\/www.todoparamascotas.co\/index.php?rest_route=%2Fwp%2Fv2%2Fproduct_brand&post=946"},{"taxonomy":"product_cat","embeddable":true,"href":"https:\/\/www.todoparamascotas.co\/index.php?rest_route=%2Fwp%2Fv2%2Fproduct_cat&post=946"},{"taxonomy":"product_tag","embeddable":true,"href":"https:\/\/www.todoparamascotas.co\/index.php?rest_route=%2Fwp%2Fv2%2Fproduct_tag&post=946"}],"curies":[{"name":"wp","href":"https:\/\/api.w.org\/{rel}","templated":true}]}}