{"id":948,"date":"2022-09-28T19:43:54","date_gmt":"2022-09-28T19:43:54","guid":{"rendered":"https:\/\/todoparamascotas.co\/?post_type=product&#038;p=948"},"modified":"2024-10-15T22:57:32","modified_gmt":"2024-10-15T22:57:32","slug":"spray-entrenador-de-orina-natures-miracle-236-ml","status":"publish","type":"product","link":"https:\/\/www.todoparamascotas.co\/?product=spray-entrenador-de-orina-natures-miracle-236-ml","title":{"rendered":"Spray Entrenador de Orina Nature&#8217;s Miracle 236 ml"},"content":{"rendered":"<div class=\"wpb-content-wrapper\"><p>[vc_row][vc_column][vc_column_text]<\/p>\n<h3><span style=\"font-size: 16px;\">\u00bfQu\u00e9 es el <strong>Spray Entrenador de Orina para Perros<\/strong>?<\/span><\/h3>\n<p>Nature&#8217;s Miracle Puppy Potty Training es un l\u00edquido formulado para ayudar el entrenamiento de orina en cachorros.<\/p>\n<h3><span style=\"font-size: 16px;\">\u00bfPara qu\u00e9 sirve el <strong>Spray Entrenador de Orina para Perros<\/strong>?<\/span><\/h3>\n<p>El spray entrenador de orina Nature&#8217;s Miracle est\u00e1 especialmente formulado para ayudar a ense\u00f1ar a los cachorros a orinar en el lugar adecuado. El aroma atrayente act\u00faa como una se\u00f1al para los cachorros de que est\u00e1 bien hacer las necesidades en un lugar que usted roci\u00f3. La f\u00f3rmula entrenadora fue dise\u00f1ada para uso dentro y fuera de la casa y tiene un efecto duradero de hasta 12 horas que ayuda a reducir el tiempo de entrenamiento.<\/p>\n<p>Cuando se usa como se indica. Los resultados pueden variar dependiendo de la edad y la raza.<\/p>\n<h3><span style=\"font-size: 16px;\">\u00bfC\u00f3mo usar el <strong>Spray Entrenador de Orina para Perros<\/strong>?<\/span><\/h3>\n<p><strong>Modo de empleo en espacios interiores:<\/strong><\/p>\n<p>Sostenga la coquilla del rociador a 2,5 cm de la superficie donde quiere que su cachorro vaya a orinar. Roc\u00ede un \u00e1rea del tama\u00f1o aproximado de un c\u00edrculo de 5 cm. Lleve al cachorro al lugar y deje que lo olfatee. El cachorro aprender\u00e1 pronto que ese es el lugar aprobado para orinar. Elogie a su cachorro cuando lo haga bien. Vuelva a rociar el lugar cada 12 horas.<\/p>\n<p><strong>Modo de empleo en espacios externos:<\/strong><\/p>\n<p>Roc\u00ede en las \u00e1reas que quiere que su cachorro orine. Repita el proceso de entrenamiento que us\u00f3 en los espacios interiores. Repita el procedimiento con frecuencia, especialmente al despertarse, antes de dormir y despu\u00e9s de comer. Vuelva a rociar el lugar cada 12 horas y despu\u00e9s de que haya llovido.<\/p>\n<p><strong>IMPORTANTE:<\/strong><\/p>\n<p>La informaci\u00f3n y los contenidos presentados tienen un car\u00e1cter meramente informativo y educativo, y no deben utilizarse como base para el uso de los productos. Los datos y recomendaciones provienen del fabricante o importador, y no nos hacemos responsables por errores u omisiones en el contenido ni por las decisiones tomadas por el usuario basadas en esta informaci\u00f3n.[\/vc_column_text][\/vc_column][\/vc_row]<\/p>\n<\/div>","protected":false},"excerpt":{"rendered":"<p>Puppy Potty Training es un spray entrenador de pis para ense\u00f1ar a los cachorros a orinar en el lugar adecuado<\/p>\n","protected":false},"featured_media":950,"comment_status":"open","ping_status":"closed","template":"","meta":[],"product_brand":[],"product_cat":[15],"product_tag":[],"class_list":{"0":"post-948","1":"product","2":"type-product","3":"status-publish","4":"has-post-thumbnail","6":"product_cat-uncategorized","8":"first","9":"instock","10":"shipping-taxable","11":"purchasable","12":"product-type-simple"},"jetpack_sharing_enabled":true,"_links":{"self":[{"href":"https:\/\/www.todoparamascotas.co\/index.php?rest_route=\/wp\/v2\/product\/948","targetHints":{"allow":["GET"]}}],"collection":[{"href":"https:\/\/www.todoparamascotas.co\/index.php?rest_route=\/wp\/v2\/product"}],"about":[{"href":"https:\/\/www.todoparamascotas.co\/index.php?rest_route=\/wp\/v2\/types\/product"}],"replies":[{"embeddable":true,"href":"https:\/\/www.todoparamascotas.co\/index.php?rest_route=%2Fwp%2Fv2%2Fcomments&post=948"}],"wp:featuredmedia":[{"embeddable":true,"href":"https:\/\/www.todoparamascotas.co\/index.php?rest_route=\/wp\/v2\/media\/950"}],"wp:attachment":[{"href":"https:\/\/www.todoparamascotas.co\/index.php?rest_route=%2Fwp%2Fv2%2Fmedia&parent=948"}],"wp:term":[{"taxonomy":"product_brand","embeddable":true,"href":"https:\/\/www.todoparamascotas.co\/index.php?rest_route=%2Fwp%2Fv2%2Fproduct_brand&post=948"},{"taxonomy":"product_cat","embeddable":true,"href":"https:\/\/www.todoparamascotas.co\/index.php?rest_route=%2Fwp%2Fv2%2Fproduct_cat&post=948"},{"taxonomy":"product_tag","embeddable":true,"href":"https:\/\/www.todoparamascotas.co\/index.php?rest_route=%2Fwp%2Fv2%2Fproduct_tag&post=948"}],"curies":[{"name":"wp","href":"https:\/\/api.w.org\/{rel}","templated":true}]}}