{"id":954,"date":"2022-10-11T22:53:12","date_gmt":"2022-10-11T22:53:12","guid":{"rendered":"https:\/\/todoparamascotas.co\/?post_type=product&#038;p=954"},"modified":"2024-10-15T22:53:24","modified_gmt":"2024-10-15T22:53:24","slug":"gel-dental-oral-can-para-perros","status":"publish","type":"product","link":"https:\/\/www.todoparamascotas.co\/?product=gel-dental-oral-can-para-perros","title":{"rendered":"Gel Dental Oral Can para Perros"},"content":{"rendered":"<div class=\"wpb-content-wrapper\"><p>[vc_row][vc_column][vc_column_text]<\/p>\n<h3><span style=\"font-size: 16px;\">\u00bfQu\u00e9 es <strong>Oral Can Gel<\/strong>?<\/span><\/h3>\n<p>Oral Can Gel es un gel de f\u00e1cil aplicaci\u00f3n, de uso diario que se adhiere eficientemente a los dientes de tu mascota y mantiene un aliento fresco.<\/p>\n<h3><span style=\"font-size: 16px;\">\u00bfPara qu\u00e9 sirve <strong>Oral Can Gel<\/strong>?<\/span><\/h3>\n<p>Reduce la posibilidad de infecciones bacterianas hacia otros \u00f3rganos.<\/p>\n<p>Como complemento a la profilaxis dental, no requiere uso de cepillo.<\/p>\n<h3><span style=\"font-size: 16px;\">\u00bfC\u00f3mo usar <strong>Oral Can Gel<\/strong>?<\/span><\/h3>\n<p>Esparcir Oral Can Gel uniformemente en la boca de su mascota, 30 minutos despu\u00e9s de cada comida o del consumo de agua bebida. Para mejores resultados \u00faselo todos los d\u00edas, dos o tres veces.<\/p>\n<p>Dosificaci\u00f3n: (Cada acci\u00f3n de presi\u00f3n del frasco sin la tapa entrega aproximadamente 0.5 ml de contenido)<\/p>\n<ul>\n<li>Menores de 10 Kg &#8211; 1 ml<\/li>\n<li>De 11 a 25 Kg &#8211; 1.5 ml<\/li>\n<li>Mayores de 25 Kg &#8211; 4 ml<\/li>\n<\/ul>\n<p><strong>IMPORTANTE:<\/strong><\/p>\n<p>La informaci\u00f3n y los contenidos presentados tienen un car\u00e1cter meramente informativo y educativo, y no deben utilizarse como base para el uso de los productos. Los datos y recomendaciones provienen del fabricante o importador, y no nos hacemos responsables por errores u omisiones en el contenido ni por las decisiones tomadas por el usuario basadas en esta informaci\u00f3n.[\/vc_column_text][\/vc_column][\/vc_row]<\/p>\n<\/div>","protected":false},"excerpt":{"rendered":"<p>Gel dental de f\u00e1cil aplicaci\u00f3n para la higiene y mantenimiento bucal en perros<\/p>\n","protected":false},"featured_media":957,"comment_status":"open","ping_status":"closed","template":"","meta":[],"product_brand":[],"product_cat":[87],"product_tag":[],"class_list":{"0":"post-954","1":"product","2":"type-product","3":"status-publish","4":"has-post-thumbnail","6":"product_cat-higiene-oral","8":"first","9":"outofstock","10":"shipping-taxable","11":"purchasable","12":"product-type-variable"},"jetpack_sharing_enabled":true,"_links":{"self":[{"href":"https:\/\/www.todoparamascotas.co\/index.php?rest_route=\/wp\/v2\/product\/954","targetHints":{"allow":["GET"]}}],"collection":[{"href":"https:\/\/www.todoparamascotas.co\/index.php?rest_route=\/wp\/v2\/product"}],"about":[{"href":"https:\/\/www.todoparamascotas.co\/index.php?rest_route=\/wp\/v2\/types\/product"}],"replies":[{"embeddable":true,"href":"https:\/\/www.todoparamascotas.co\/index.php?rest_route=%2Fwp%2Fv2%2Fcomments&post=954"}],"wp:featuredmedia":[{"embeddable":true,"href":"https:\/\/www.todoparamascotas.co\/index.php?rest_route=\/wp\/v2\/media\/957"}],"wp:attachment":[{"href":"https:\/\/www.todoparamascotas.co\/index.php?rest_route=%2Fwp%2Fv2%2Fmedia&parent=954"}],"wp:term":[{"taxonomy":"product_brand","embeddable":true,"href":"https:\/\/www.todoparamascotas.co\/index.php?rest_route=%2Fwp%2Fv2%2Fproduct_brand&post=954"},{"taxonomy":"product_cat","embeddable":true,"href":"https:\/\/www.todoparamascotas.co\/index.php?rest_route=%2Fwp%2Fv2%2Fproduct_cat&post=954"},{"taxonomy":"product_tag","embeddable":true,"href":"https:\/\/www.todoparamascotas.co\/index.php?rest_route=%2Fwp%2Fv2%2Fproduct_tag&post=954"}],"curies":[{"name":"wp","href":"https:\/\/api.w.org\/{rel}","templated":true}]}}