{"id":959,"date":"2022-10-12T23:00:17","date_gmt":"2022-10-12T23:00:17","guid":{"rendered":"https:\/\/todoparamascotas.co\/?post_type=product&#038;p=959"},"modified":"2024-10-15T22:51:30","modified_gmt":"2024-10-15T22:51:30","slug":"limpiador-otico-para-perro-orejitas-clean-60-ml","status":"publish","type":"product","link":"https:\/\/www.todoparamascotas.co\/?product=limpiador-otico-para-perro-orejitas-clean-60-ml","title":{"rendered":"Limpiador Otico para Perro Orejitas Clean 60 ml"},"content":{"rendered":"<div class=\"wpb-content-wrapper\"><p>[vc_row][vc_column][vc_column_text]<\/p>\n<h3><span style=\"font-size: 16px;\">\u00bfQu\u00e9 es <strong>Orejitas Clean<\/strong>?<\/span><\/h3>\n<p>Orejitas Clean es un limpiador \u00f3tico de uso veterinario para perros a base de aceites naturales.<\/p>\n<h3><span style=\"font-size: 16px;\">\u00bfPara qu\u00e9 sirve <strong>Orejitas Clean<\/strong>?<\/span><\/h3>\n<p>Est\u00e1 indicado en perros para facilitar la limpieza del pabell\u00f3n de la oreja, gracias a sus aceites naturales que permiten la remoci\u00f3n de la suciedad.<\/p>\n<h3><span style=\"font-size: 16px;\">\u00bfC\u00f3mo usar <strong>Orejitas Clean<\/strong>?<\/span><\/h3>\n<p>Colocar el contenido de dos aplicaciones de Orejitas Clean sobre un algod\u00f3n o hisopo y realizar movimientos suaves sobre el pabell\u00f3n de la oreja, para retirar la suciedad. Uso externo \u00fanicamente.<\/p>\n<p><strong>IMPORTANTE:<\/strong><\/p>\n<p>La informaci\u00f3n y los contenidos presentados tienen un car\u00e1cter meramente informativo y educativo, y no deben utilizarse como base para el uso de los productos. Los datos y recomendaciones provienen del fabricante o importador, y no nos hacemos responsables por errores u omisiones en el contenido ni por las decisiones tomadas por el usuario basadas en esta informaci\u00f3n.[\/vc_column_text][\/vc_column][\/vc_row]<\/p>\n<\/div>","protected":false},"excerpt":{"rendered":"<p>Limpiador \u00f3tico a base de aceites naturales para perros<\/p>\n","protected":false},"featured_media":960,"comment_status":"open","ping_status":"closed","template":"","meta":[],"product_brand":[],"product_cat":[15],"product_tag":[],"class_list":{"0":"post-959","1":"product","2":"type-product","3":"status-publish","4":"has-post-thumbnail","6":"product_cat-uncategorized","8":"first","9":"outofstock","10":"shipping-taxable","11":"purchasable","12":"product-type-simple"},"jetpack_sharing_enabled":true,"_links":{"self":[{"href":"https:\/\/www.todoparamascotas.co\/index.php?rest_route=\/wp\/v2\/product\/959","targetHints":{"allow":["GET"]}}],"collection":[{"href":"https:\/\/www.todoparamascotas.co\/index.php?rest_route=\/wp\/v2\/product"}],"about":[{"href":"https:\/\/www.todoparamascotas.co\/index.php?rest_route=\/wp\/v2\/types\/product"}],"replies":[{"embeddable":true,"href":"https:\/\/www.todoparamascotas.co\/index.php?rest_route=%2Fwp%2Fv2%2Fcomments&post=959"}],"wp:featuredmedia":[{"embeddable":true,"href":"https:\/\/www.todoparamascotas.co\/index.php?rest_route=\/wp\/v2\/media\/960"}],"wp:attachment":[{"href":"https:\/\/www.todoparamascotas.co\/index.php?rest_route=%2Fwp%2Fv2%2Fmedia&parent=959"}],"wp:term":[{"taxonomy":"product_brand","embeddable":true,"href":"https:\/\/www.todoparamascotas.co\/index.php?rest_route=%2Fwp%2Fv2%2Fproduct_brand&post=959"},{"taxonomy":"product_cat","embeddable":true,"href":"https:\/\/www.todoparamascotas.co\/index.php?rest_route=%2Fwp%2Fv2%2Fproduct_cat&post=959"},{"taxonomy":"product_tag","embeddable":true,"href":"https:\/\/www.todoparamascotas.co\/index.php?rest_route=%2Fwp%2Fv2%2Fproduct_tag&post=959"}],"curies":[{"name":"wp","href":"https:\/\/api.w.org\/{rel}","templated":true}]}}