{"id":974,"date":"2022-10-24T23:12:47","date_gmt":"2022-10-24T23:12:47","guid":{"rendered":"https:\/\/todoparamascotas.co\/?post_type=product&#038;p=974"},"modified":"2025-08-20T17:48:05","modified_gmt":"2025-08-20T17:48:05","slug":"sinpulgar-antipulgas-para-perros-y-gatos-205-9-mg","status":"publish","type":"product","link":"https:\/\/www.todoparamascotas.co\/?product=sinpulgar-antipulgas-para-perros-y-gatos-205-9-mg","title":{"rendered":"Sinpulgar Antipulgas para Perros y Gatos 205.9 mg"},"content":{"rendered":"<div class=\"wpb-content-wrapper\"><p>[vc_row][vc_column][vc_column_text]<\/p>\n<h3><span style=\"font-size: 16px;\">\u00bfQu\u00e9 es <strong>Sinpulgar<\/strong>?<\/span><\/h3>\n<p>Sinpulgar con su ingrediente activo el Lufenuron perteneciente al grupo qu\u00edmico de las benzoilureas es un inhibidor del desarrollo de insectos el cual interfiere con la s\u00edntesis de la quitina. La quitina es una sustancia insecto-especifica principal componente del exoesqueleto de las pulgas.<\/p>\n<p>Luego de una administraci\u00f3n oral del Lufenuron, se absorbe por el intestino hacia la sangre. Cuando la pulga se alimenta de la sangre del hospedador tratado, tambi\u00e9n ingiere Lufenuron el cual se incorporar\u00e1 a los huevos; su principal sitio de acci\u00f3n. El Lufenuron rompe el ciclo de vida de las pulgas en varias etapas.<\/p>\n<h3><span style=\"font-size: 16px;\">\u00bfPara qu\u00e9 sirve <strong>Sinpulgar<\/strong>?<\/span><\/h3>\n<p>Se recomienda para el tratamiento y prevenci\u00f3n de las infestaciones de pulgas en perros. Sinpulgar, Tabletas, es un antipulgas, indicado para perros, no insecticida con lufenuron como principio activo, novedoso regulador del crecimiento de las pulgas mediante el rompimiento del ciclo biol\u00f3gico, dando como resultado el control de la poblaci\u00f3n de pulgas en las mascotas y en el medio ambiente. Sinpulgar, est\u00e1 indicado para el tratamiento de dermatofitosis y dermatomicosis en perros, causadas por Trichophyton mentagrophytes, Microsporum canis, Microsporum gypseum, Epidermophyton flocosum, Candida albicans, Malassezia pachydermatis, Aspergyllus spp.<\/p>\n<h3><span style=\"font-size: 16px;\">\u00bfC\u00f3mo usar <strong>Sinpulgar<\/strong>?<\/span><\/h3>\n<p>Administrar una sola dosis y si es necesario repetir al mes. El tratamiento de infestaciones ya existentes puede comenzar en cualquier momento. Si es necesario, se puede utilizar alg\u00fan adulticida en casos de infestaciones severas durante las primeras semanas del tratamiento. Sinpulgar debe ser administrado con o inmediatamente despu\u00e9s de una abundante comida.<\/p>\n<p><strong>IMPORTANTE:<\/strong><\/p>\n<p>La informaci\u00f3n y los contenidos presentados tienen un car\u00e1cter meramente informativo y educativo, y no deben utilizarse como base para el uso de los productos. Los datos y recomendaciones provienen del fabricante o importador, y no nos hacemos responsables por errores u omisiones en el contenido ni por las decisiones tomadas por el usuario basadas en esta informaci\u00f3n.[\/vc_column_text][\/vc_column][\/vc_row]<\/p>\n<\/div>","protected":false},"excerpt":{"rendered":"<p>Antipulgas formulado para inhibir el crecimiento de infestaciones de pulgas en perros y gatos<\/p>\n","protected":false},"featured_media":975,"comment_status":"open","ping_status":"closed","template":"","meta":[],"product_brand":[],"product_cat":[61],"product_tag":[],"class_list":{"0":"post-974","1":"product","2":"type-product","3":"status-publish","4":"has-post-thumbnail","6":"product_cat-antipulgas","8":"first","9":"outofstock","10":"shipping-taxable","11":"purchasable","12":"product-type-simple"},"jetpack_sharing_enabled":true,"_links":{"self":[{"href":"https:\/\/www.todoparamascotas.co\/index.php?rest_route=\/wp\/v2\/product\/974","targetHints":{"allow":["GET"]}}],"collection":[{"href":"https:\/\/www.todoparamascotas.co\/index.php?rest_route=\/wp\/v2\/product"}],"about":[{"href":"https:\/\/www.todoparamascotas.co\/index.php?rest_route=\/wp\/v2\/types\/product"}],"replies":[{"embeddable":true,"href":"https:\/\/www.todoparamascotas.co\/index.php?rest_route=%2Fwp%2Fv2%2Fcomments&post=974"}],"wp:featuredmedia":[{"embeddable":true,"href":"https:\/\/www.todoparamascotas.co\/index.php?rest_route=\/wp\/v2\/media\/975"}],"wp:attachment":[{"href":"https:\/\/www.todoparamascotas.co\/index.php?rest_route=%2Fwp%2Fv2%2Fmedia&parent=974"}],"wp:term":[{"taxonomy":"product_brand","embeddable":true,"href":"https:\/\/www.todoparamascotas.co\/index.php?rest_route=%2Fwp%2Fv2%2Fproduct_brand&post=974"},{"taxonomy":"product_cat","embeddable":true,"href":"https:\/\/www.todoparamascotas.co\/index.php?rest_route=%2Fwp%2Fv2%2Fproduct_cat&post=974"},{"taxonomy":"product_tag","embeddable":true,"href":"https:\/\/www.todoparamascotas.co\/index.php?rest_route=%2Fwp%2Fv2%2Fproduct_tag&post=974"}],"curies":[{"name":"wp","href":"https:\/\/api.w.org\/{rel}","templated":true}]}}