{"id":986,"date":"2022-12-08T17:27:01","date_gmt":"2022-12-08T17:27:01","guid":{"rendered":"https:\/\/todoparamascotas.co\/?post_type=product&#038;p=986"},"modified":"2025-08-20T17:40:37","modified_gmt":"2025-08-20T17:40:37","slug":"oral-can-aqua-para-perros","status":"publish","type":"product","link":"https:\/\/www.todoparamascotas.co\/?product=oral-can-aqua-para-perros","title":{"rendered":"Oral Can Aqua para Perros"},"content":{"rendered":"<div class=\"wpb-content-wrapper\"><p>[vc_row][vc_column][vc_column_text]<\/p>\n<h3><span style=\"font-size: 16px;\">\u00bfQu\u00e9 es <strong>Oral Can Aqua<\/strong>?<\/span><\/h3>\n<p>Oral Can Aqua es un un l\u00edquido a base de zinc y menta de muy f\u00e1cil administraci\u00f3n ya que se pone directamente en el agua que bebe tu mascota. Su f\u00f3rmula se activa al contacto con la placa bacteriana y los g\u00e9rmenes en la cavidad oral, eliminando bacterias y el mal olor causado por ellas.<\/p>\n<h3><span style=\"font-size: 16px;\">\u00bfPara qu\u00e9 sirve <strong>Oral Can Aqua<\/strong>?<\/span><\/h3>\n<p>Indicado para mantener los dientes sanos y el aliento fresco en perros, gracias a sus ingredientes es una soluci\u00f3n eficaz para la salud oral de tu mascota.<\/p>\n<h3><span style=\"font-size: 16px;\">\u00bfC\u00f3mo se usa <strong>Oral Can Aqua<\/strong>?<\/span><\/h3>\n<p>En un bebedero limpio adicione 2 mL de Oral Can Aqua por cada 100 mL de agua, use la mezcla como agua de bebida m\u00e1ximo dos veces al d\u00eda y renu\u00e9vala totalmente si se ensucia, usando la misma proporci\u00f3n indicada.<\/p>\n<p><strong>IMPORTANTE:<\/strong><\/p>\n<p>La informaci\u00f3n y los contenidos presentados tienen un car\u00e1cter meramente informativo y educativo, y no deben utilizarse como base para el uso de los productos. Los datos y recomendaciones provienen del fabricante o importador, y no nos hacemos responsables por errores u omisiones en el contenido ni por las decisiones tomadas por el usuario basadas en esta informaci\u00f3n.[\/vc_column_text][\/vc_column][\/vc_row]<\/p>\n<\/div>","protected":false},"excerpt":{"rendered":"<p>L\u00edquido a base de Zinc y menta de f\u00e1cil administraci\u00f3n para eliminar la placa bacteriana y los g\u00e9rmenes en la cavidad oral de perros<\/p>\n","protected":false},"featured_media":987,"comment_status":"open","ping_status":"closed","template":"","meta":[],"product_brand":[],"product_cat":[87],"product_tag":[],"class_list":{"0":"post-986","1":"product","2":"type-product","3":"status-publish","4":"has-post-thumbnail","6":"product_cat-higiene-oral","8":"first","9":"outofstock","10":"shipping-taxable","11":"purchasable","12":"product-type-variable"},"jetpack_sharing_enabled":true,"_links":{"self":[{"href":"https:\/\/www.todoparamascotas.co\/index.php?rest_route=\/wp\/v2\/product\/986","targetHints":{"allow":["GET"]}}],"collection":[{"href":"https:\/\/www.todoparamascotas.co\/index.php?rest_route=\/wp\/v2\/product"}],"about":[{"href":"https:\/\/www.todoparamascotas.co\/index.php?rest_route=\/wp\/v2\/types\/product"}],"replies":[{"embeddable":true,"href":"https:\/\/www.todoparamascotas.co\/index.php?rest_route=%2Fwp%2Fv2%2Fcomments&post=986"}],"wp:featuredmedia":[{"embeddable":true,"href":"https:\/\/www.todoparamascotas.co\/index.php?rest_route=\/wp\/v2\/media\/987"}],"wp:attachment":[{"href":"https:\/\/www.todoparamascotas.co\/index.php?rest_route=%2Fwp%2Fv2%2Fmedia&parent=986"}],"wp:term":[{"taxonomy":"product_brand","embeddable":true,"href":"https:\/\/www.todoparamascotas.co\/index.php?rest_route=%2Fwp%2Fv2%2Fproduct_brand&post=986"},{"taxonomy":"product_cat","embeddable":true,"href":"https:\/\/www.todoparamascotas.co\/index.php?rest_route=%2Fwp%2Fv2%2Fproduct_cat&post=986"},{"taxonomy":"product_tag","embeddable":true,"href":"https:\/\/www.todoparamascotas.co\/index.php?rest_route=%2Fwp%2Fv2%2Fproduct_tag&post=986"}],"curies":[{"name":"wp","href":"https:\/\/api.w.org\/{rel}","templated":true}]}}