{"id":992,"date":"2022-12-10T18:31:25","date_gmt":"2022-12-10T18:31:25","guid":{"rendered":"https:\/\/todoparamascotas.co\/?post_type=product&#038;p=992"},"modified":"2025-08-20T17:36:25","modified_gmt":"2025-08-20T17:36:25","slug":"suplemento-nutricional-liquido-para-perros-shed-x-16-oz","status":"publish","type":"product","link":"https:\/\/www.todoparamascotas.co\/?product=suplemento-nutricional-liquido-para-perros-shed-x-16-oz","title":{"rendered":"Suplemento Nutricional L\u00edquido para Perros Shed X 16 Oz"},"content":{"rendered":"<div class=\"wpb-content-wrapper\"><p>[vc_row][vc_column][vc_column_text]<\/p>\n<h3><span style=\"font-size: 16px;\">\u00bfQu\u00e9 es <strong>Shed-X Dog<\/strong>?<\/span><\/h3>\n<p>Shed-X Dog es un suplemento nutricional diario integral y 100% natural. Indicado para detener el desprendimiento excesivo del pelaje.<\/p>\n<h3><span style=\"font-size: 16px;\">\u00bfPara qu\u00e9 sirve <strong>Shed-X Dog<\/strong>?<\/span><\/h3>\n<p>Como suplemento provee a los perros la proporci\u00f3n 5:1 de Omega 3 y 6 cl\u00ednicamente comprobada para controlar la muda de pelo excesiva de manera natural en perro de todas las edades.<\/p>\n<p>Aporta Omega 3, Omega 6, Vitaminas A, B6, D y E, Piridoxina, Inositol, Biotina y Zinc.<\/p>\n<h3><span style=\"font-size: 16px;\">\u00bfC\u00f3mo usar <strong>Shed-X Dog<\/strong>?<\/span><\/h3>\n<p>Agite bien antes de usar. Para mejores resultados, use Shed-X a diario. A\u00f1ada Shed-X a la comida de su perro a raz\u00f3n de una cucharada por cada 20 libras de peso corporal. Use el doble de la dosis recomendada durante los primeros 30 d\u00edas.<\/p>\n<p>Este producto es para perros mayores de 12 semanas de edad.<\/p>\n<p><strong>IMPORTANTE:<\/strong><\/p>\n<p>La informaci\u00f3n y los contenidos presentados tienen un car\u00e1cter meramente informativo y educativo, y no deben utilizarse como base para el uso de los productos. Los datos y recomendaciones provienen del fabricante o importador, y no nos hacemos responsables por errores u omisiones en el contenido ni por las decisiones tomadas por el usuario basadas en esta informaci\u00f3n.[\/vc_column_text][\/vc_column][\/vc_row]<\/p>\n<\/div>","protected":false},"excerpt":{"rendered":"<p>Shed-X es un suplemento nutricional rico en antioxidantes, \u00e1cidos grasos y vitaminas, elaborado con ingredientes 100% naturales para evitar que tu perro pierda pelo en exceso<\/p>\n","protected":false},"featured_media":994,"comment_status":"open","ping_status":"closed","template":"","meta":[],"product_brand":[],"product_cat":[72],"product_tag":[],"class_list":{"0":"post-992","1":"product","2":"type-product","3":"status-publish","4":"has-post-thumbnail","6":"product_cat-suplementos","8":"first","9":"outofstock","10":"shipping-taxable","11":"purchasable","12":"product-type-simple"},"jetpack_sharing_enabled":true,"_links":{"self":[{"href":"https:\/\/www.todoparamascotas.co\/index.php?rest_route=\/wp\/v2\/product\/992","targetHints":{"allow":["GET"]}}],"collection":[{"href":"https:\/\/www.todoparamascotas.co\/index.php?rest_route=\/wp\/v2\/product"}],"about":[{"href":"https:\/\/www.todoparamascotas.co\/index.php?rest_route=\/wp\/v2\/types\/product"}],"replies":[{"embeddable":true,"href":"https:\/\/www.todoparamascotas.co\/index.php?rest_route=%2Fwp%2Fv2%2Fcomments&post=992"}],"wp:featuredmedia":[{"embeddable":true,"href":"https:\/\/www.todoparamascotas.co\/index.php?rest_route=\/wp\/v2\/media\/994"}],"wp:attachment":[{"href":"https:\/\/www.todoparamascotas.co\/index.php?rest_route=%2Fwp%2Fv2%2Fmedia&parent=992"}],"wp:term":[{"taxonomy":"product_brand","embeddable":true,"href":"https:\/\/www.todoparamascotas.co\/index.php?rest_route=%2Fwp%2Fv2%2Fproduct_brand&post=992"},{"taxonomy":"product_cat","embeddable":true,"href":"https:\/\/www.todoparamascotas.co\/index.php?rest_route=%2Fwp%2Fv2%2Fproduct_cat&post=992"},{"taxonomy":"product_tag","embeddable":true,"href":"https:\/\/www.todoparamascotas.co\/index.php?rest_route=%2Fwp%2Fv2%2Fproduct_tag&post=992"}],"curies":[{"name":"wp","href":"https:\/\/api.w.org\/{rel}","templated":true}]}}