{"id":995,"date":"2022-12-14T01:43:54","date_gmt":"2022-12-14T01:43:54","guid":{"rendered":"https:\/\/todoparamascotas.co\/?post_type=product&#038;p=995"},"modified":"2024-10-15T21:28:57","modified_gmt":"2024-10-15T21:28:57","slug":"alfa-3-locion-cicatrizante-250-ml","status":"publish","type":"product","link":"https:\/\/www.todoparamascotas.co\/?product=alfa-3-locion-cicatrizante-250-ml","title":{"rendered":"Alfa 3 Loci\u00f3n Cicatrizante 250 ml"},"content":{"rendered":"<div class=\"wpb-content-wrapper\"><p>[vc_row][vc_column][vc_column_text]<\/p>\n<h3><span style=\"font-size: 16px;\">\u00bfQu\u00e9 es <strong>Alfa 3<\/strong>?<\/span><\/h3>\n<p>Alfa 3 es un cicatrizante, secante, desinfectante y repelente de insectos para bovinos, equinos, porcinos, caprinos, ovinos y caninos.<\/p>\n<h3><span style=\"font-size: 16px;\">\u00bfPara qu\u00e9 sirve <strong>Alfa 3<\/strong>?<\/span><\/h3>\n<p>Act\u00faa como repelente de insectos, impide el desarrollo de miasis (gusaneras). \u00datil en desgarres de la piel, heridas y grietas en gl\u00e1ndula mamaria (ubres y pezones), \u00falceras causadas por sillas y arneses, infecciones del ombligo (onfalitis), caudectom\u00edas (corte de cola en ovejas), y en heridas quir\u00fargicas, para lograr una cicatrizaci\u00f3n r\u00e1pida sin infecci\u00f3n.<\/p>\n<h3><span style=\"font-size: 16px;\">\u00bfC\u00f3mo se usa <strong>Alfa 3<\/strong>?<\/span><\/h3>\n<p>Aplicar una cantidad suficiente para cubrir el \u00e1rea afectada con una capa uniforme de crema Alfa 3.<\/p>\n<p>Aplicar uniformemente sobre la herida, 3 &#8211; 5 veces al d\u00eda, durante 7 d\u00edas seguidos como m\u00ednimo. En caso de heridas contaminadas: lavar la zona afectada con jab\u00f3n o soluciones antis\u00e9pticas, secar y aplicar crema hasta la cicatrizaci\u00f3n de la herida.<\/p>\n<p><strong>IMPORTANTE:<\/strong><\/p>\n<p>La informaci\u00f3n y los contenidos presentados tienen un car\u00e1cter meramente informativo y educativo, y no deben utilizarse como base para el uso de los productos. Los datos y recomendaciones provienen del fabricante o importador, y no nos hacemos responsables por errores u omisiones en el contenido ni por las decisiones tomadas por el usuario basadas en esta informaci\u00f3n.[\/vc_column_text][\/vc_column][\/vc_row]<\/p>\n<\/div>","protected":false},"excerpt":{"rendered":"<p>Cicatrizante, antis\u00e9ptico, secante y repelente de insectos. Estimulador de la cicatrizaci\u00f3n<\/p>\n","protected":false},"featured_media":996,"comment_status":"open","ping_status":"closed","template":"","meta":[],"product_brand":[],"product_cat":[96],"product_tag":[],"class_list":{"0":"post-995","1":"product","2":"type-product","3":"status-publish","4":"has-post-thumbnail","6":"product_cat-dermatologicos","8":"first","9":"instock","10":"shipping-taxable","11":"purchasable","12":"product-type-simple"},"jetpack_sharing_enabled":true,"_links":{"self":[{"href":"https:\/\/www.todoparamascotas.co\/index.php?rest_route=\/wp\/v2\/product\/995","targetHints":{"allow":["GET"]}}],"collection":[{"href":"https:\/\/www.todoparamascotas.co\/index.php?rest_route=\/wp\/v2\/product"}],"about":[{"href":"https:\/\/www.todoparamascotas.co\/index.php?rest_route=\/wp\/v2\/types\/product"}],"replies":[{"embeddable":true,"href":"https:\/\/www.todoparamascotas.co\/index.php?rest_route=%2Fwp%2Fv2%2Fcomments&post=995"}],"wp:featuredmedia":[{"embeddable":true,"href":"https:\/\/www.todoparamascotas.co\/index.php?rest_route=\/wp\/v2\/media\/996"}],"wp:attachment":[{"href":"https:\/\/www.todoparamascotas.co\/index.php?rest_route=%2Fwp%2Fv2%2Fmedia&parent=995"}],"wp:term":[{"taxonomy":"product_brand","embeddable":true,"href":"https:\/\/www.todoparamascotas.co\/index.php?rest_route=%2Fwp%2Fv2%2Fproduct_brand&post=995"},{"taxonomy":"product_cat","embeddable":true,"href":"https:\/\/www.todoparamascotas.co\/index.php?rest_route=%2Fwp%2Fv2%2Fproduct_cat&post=995"},{"taxonomy":"product_tag","embeddable":true,"href":"https:\/\/www.todoparamascotas.co\/index.php?rest_route=%2Fwp%2Fv2%2Fproduct_tag&post=995"}],"curies":[{"name":"wp","href":"https:\/\/api.w.org\/{rel}","templated":true}]}}