{"id":997,"date":"2022-12-15T00:34:20","date_gmt":"2022-12-15T00:34:20","guid":{"rendered":"https:\/\/todoparamascotas.co\/?post_type=product&#038;p=997"},"modified":"2025-08-20T17:34:56","modified_gmt":"2025-08-20T17:34:56","slug":"suplemento-proteico-organew-100-g","status":"publish","type":"product","link":"https:\/\/www.todoparamascotas.co\/?product=suplemento-proteico-organew-100-g","title":{"rendered":"Suplemento Prot\u00e9ico Organew 100 g"},"content":{"rendered":"<div class=\"wpb-content-wrapper\"><p>[vc_row][vc_column][vc_column_text]<\/p>\n<h3><span style=\"font-size: 16px;\">\u00bfQu\u00e9 es <strong>Organew Pet<\/strong>?<\/span><\/h3>\n<p>Organew Pet es una formulaci\u00f3n en polvo que re\u00fane vitaminas, amino\u00e1cidos, FOS, MOS y levaduras vivas. Esta perfecta combinaci\u00f3n ayuda en el desarrollo de una microbiota intestinal sana, que proporciona una mejor digestibilidad de los alimentos y, consecuentemente, una mejor eficiencia alimentar.<\/p>\n<h3><span style=\"font-size: 16px;\">\u00bfPara qu\u00e9 sirve <strong>Organew Pet<\/strong>?<\/span><\/h3>\n<p>Las acciones ben\u00e9ficas atribuidas al uso de probi\u00f3ticos para monog\u00e1stricos son:<\/p>\n<ul>\n<li>Auxilio en la digesti\u00f3n y absorci\u00f3n de nutrientes;<\/li>\n<li>Producci\u00f3n de vitaminas del grupo B;<\/li>\n<li>Restauraci\u00f3n de la microbiota intestinal.<\/li>\n<\/ul>\n<p>Los principales prebi\u00f3ticos estudiados en la nutrici\u00f3n animal son los fructooligosac\u00e1ridos (FOS) y los mananooligosac\u00e1ridos (MOS), que estimulan selectivamente el crecimiento y actividad de bacterias ben\u00e9ficas.<\/p>\n<h3><span style=\"font-size: 16px;\">\u00bfC\u00f3mo usar <strong>Organew Pets<\/strong>?<\/span><\/h3>\n<p>Organew Pets debe ser a\u00f1adido al alimento de la mascota de la siguiente manera:<\/p>\n<ul>\n<li><strong>Perros<\/strong>: 2,5 g para cada 10 Kg de peso vivo, una vez al d\u00eda;<\/li>\n<li><strong>Gatos<\/strong>: 1 g, una vez al d\u00eda;<\/li>\n<li><strong>Peque\u00f1as Aves<\/strong>: 1 a 2 g por kg de raci\u00f3n.<\/li>\n<\/ul>\n<p><strong>IMPORTANTE:<\/strong><\/p>\n<p>La informaci\u00f3n y los contenidos presentados tienen un car\u00e1cter meramente informativo y educativo, y no deben utilizarse como base para el uso de los productos. Los datos y recomendaciones provienen del fabricante o importador, y no nos hacemos responsables por errores u omisiones en el contenido ni por las decisiones tomadas por el usuario basadas en esta informaci\u00f3n.[\/vc_column_text][\/vc_column][\/vc_row]<\/p>\n<\/div>","protected":false},"excerpt":{"rendered":"<p>Formulaci\u00f3n en polvo que reune vitaminas, amino\u00e1cidos, FOS, MOS y levaduras vivas<\/p>\n","protected":false},"featured_media":998,"comment_status":"open","ping_status":"closed","template":"","meta":[],"product_brand":[],"product_cat":[72],"product_tag":[],"class_list":{"0":"post-997","1":"product","2":"type-product","3":"status-publish","4":"has-post-thumbnail","6":"product_cat-suplementos","8":"first","9":"outofstock","10":"shipping-taxable","11":"purchasable","12":"product-type-simple"},"jetpack_sharing_enabled":true,"_links":{"self":[{"href":"https:\/\/www.todoparamascotas.co\/index.php?rest_route=\/wp\/v2\/product\/997","targetHints":{"allow":["GET"]}}],"collection":[{"href":"https:\/\/www.todoparamascotas.co\/index.php?rest_route=\/wp\/v2\/product"}],"about":[{"href":"https:\/\/www.todoparamascotas.co\/index.php?rest_route=\/wp\/v2\/types\/product"}],"replies":[{"embeddable":true,"href":"https:\/\/www.todoparamascotas.co\/index.php?rest_route=%2Fwp%2Fv2%2Fcomments&post=997"}],"wp:featuredmedia":[{"embeddable":true,"href":"https:\/\/www.todoparamascotas.co\/index.php?rest_route=\/wp\/v2\/media\/998"}],"wp:attachment":[{"href":"https:\/\/www.todoparamascotas.co\/index.php?rest_route=%2Fwp%2Fv2%2Fmedia&parent=997"}],"wp:term":[{"taxonomy":"product_brand","embeddable":true,"href":"https:\/\/www.todoparamascotas.co\/index.php?rest_route=%2Fwp%2Fv2%2Fproduct_brand&post=997"},{"taxonomy":"product_cat","embeddable":true,"href":"https:\/\/www.todoparamascotas.co\/index.php?rest_route=%2Fwp%2Fv2%2Fproduct_cat&post=997"},{"taxonomy":"product_tag","embeddable":true,"href":"https:\/\/www.todoparamascotas.co\/index.php?rest_route=%2Fwp%2Fv2%2Fproduct_tag&post=997"}],"curies":[{"name":"wp","href":"https:\/\/api.w.org\/{rel}","templated":true}]}}